{"id":19674,"date":"2024-07-11T10:08:56","date_gmt":"2024-07-11T10:08:56","guid":{"rendered":"https:\/\/para-pharmacity.tn\/?product=tynor-genouilliere-simple-oac-medium"},"modified":"2024-08-15T13:59:04","modified_gmt":"2024-08-15T13:59:04","slug":"tynor-genouilliere-simple-oac-medium","status":"publish","type":"product","link":"https:\/\/para-pharmacity.tn\/?product=tynor-genouilliere-simple-oac-medium","title":{"rendered":"TYNOR GENOUILLIERE SIMPLE OAC MEDIUM"},"content":{"rendered":"<p><span style=\"color: #000000\">La Genouill\u00e8re Ligamentaire Articul\u00e9e (avec charni\u00e8re rigide) pr\u00e9sente une conception simplifi\u00e9e mais efficace qui offre les avantages de la compression autour du genou tout en fournissant le soutien d&rsquo;une attelle lat\u00e9rale. Elle permet une flexion normale du genou.<\/span><\/p>\n<p><span style=\"color: #000000\">Caract\u00e9ristiques :<\/span><\/p>\n<p><span style=\"color: #000000\">&#8211; Cerclage anti-garrot.<\/span><\/p>\n<p><span style=\"color: #000000\">&#8211; Bon d\u00e9chargement.<\/span><\/p>\n<p><span style=\"color: #000000\">&#8211; Mouvement de flexion libre.<\/span><\/p>\n<p><span style=\"color: #000000\">&#8211; Extensibilit\u00e9 \u00e0 quatre voies.<\/span><\/p>\n<p><span style=\"color: #000000\">Les charni\u00e8res rigides assurent une attelle lat\u00e9rale solide tout en permettant un mouvement de flexion libre. La conception bicouche utilise du coton \u00e0 l&rsquo;int\u00e9rieur pour une interphase dermophile avec la peau, une bonne absorption de la transpiration, ainsi qu&rsquo;un confort et une compliance am\u00e9lior\u00e9s. \u00c0 l&rsquo;ext\u00e9rieur, le nylon garantit une durabilit\u00e9 \u00e9lev\u00e9e, une excellente esth\u00e9tique et une solidit\u00e9 des couleurs.<\/span><\/p>\n<p><span style=\"color: #000000\">Le syst\u00e8me de cerclage anti-garrot \u00e9vite toute constriction du flux sanguin tout en assurant une meilleure adh\u00e9rence au corps.<\/span><\/p>\n","protected":false},"excerpt":{"rendered":"<p>La Genouill\u00e8re Ligamentaire Articul\u00e9e (avec charni\u00e8re rigide) pr\u00e9sente une conception simplifi\u00e9e mais efficace qui offre les avantages de la compression<\/p>\n","protected":false},"featured_media":23417,"comment_status":"open","ping_status":"closed","template":"","meta":[],"product_cat":[20],"product_tag":[],"class_list":{"0":"post-19674","1":"product","2":"type-product","3":"status-publish","4":"has-post-thumbnail","6":"product_cat-accessories","8":"first","9":"instock","10":"shipping-taxable","11":"product-type-simple"},"jetpack_sharing_enabled":true,"_links":{"self":[{"href":"https:\/\/para-pharmacity.tn\/index.php?rest_route=\/wp\/v2\/product\/19674","targetHints":{"allow":["GET"]}}],"collection":[{"href":"https:\/\/para-pharmacity.tn\/index.php?rest_route=\/wp\/v2\/product"}],"about":[{"href":"https:\/\/para-pharmacity.tn\/index.php?rest_route=\/wp\/v2\/types\/product"}],"replies":[{"embeddable":true,"href":"https:\/\/para-pharmacity.tn\/index.php?rest_route=%2Fwp%2Fv2%2Fcomments&post=19674"}],"version-history":[{"count":2,"href":"https:\/\/para-pharmacity.tn\/index.php?rest_route=\/wp\/v2\/product\/19674\/revisions"}],"predecessor-version":[{"id":23462,"href":"https:\/\/para-pharmacity.tn\/index.php?rest_route=\/wp\/v2\/product\/19674\/revisions\/23462"}],"wp:featuredmedia":[{"embeddable":true,"href":"https:\/\/para-pharmacity.tn\/index.php?rest_route=\/wp\/v2\/media\/23417"}],"wp:attachment":[{"href":"https:\/\/para-pharmacity.tn\/index.php?rest_route=%2Fwp%2Fv2%2Fmedia&parent=19674"}],"wp:term":[{"taxonomy":"product_cat","embeddable":true,"href":"https:\/\/para-pharmacity.tn\/index.php?rest_route=%2Fwp%2Fv2%2Fproduct_cat&post=19674"},{"taxonomy":"product_tag","embeddable":true,"href":"https:\/\/para-pharmacity.tn\/index.php?rest_route=%2Fwp%2Fv2%2Fproduct_tag&post=19674"}],"curies":[{"name":"wp","href":"https:\/\/api.w.org\/{rel}","templated":true}]}}