{"id":19673,"date":"2024-07-11T10:08:56","date_gmt":"2024-07-11T10:08:56","guid":{"rendered":"https:\/\/para-pharmacity.tn\/?product=tynor-genouilliere-simple-oac-large-pair"},"modified":"2024-08-15T13:51:04","modified_gmt":"2024-08-15T13:51:04","slug":"tynor-genouilliere-simple-oac-large-pair","status":"publish","type":"product","link":"https:\/\/para-pharmacity.tn\/?product=tynor-genouilliere-simple-oac-large-pair","title":{"rendered":"TYNOR GENOUILLIERE SIMPLE OAC LARGE PAIR"},"content":{"rendered":"<p><span style=\"color: #000000\"><strong>Genouill\u00e8res sont des supports tubulaires largement utilis\u00e9s dans la pratique orthop\u00e9dique pour fournir une chaleur de compression l\u00e9g\u00e8re et un soutien aux membres et aux articulations, pour apaiser la douleur et l\u2019inflammation, g\u00e9n\u00e9ralement associ\u00e9e \u00e0 la vieillesse, l\u2019arthrite, les blessures sportives, etc.<\/strong><\/span><\/p>\n","protected":false},"excerpt":{"rendered":"<p>Genouill\u00e8res sont des supports tubulaires largement utilis\u00e9s dans la pratique orthop\u00e9dique pour fournir une chaleur de compression l\u00e9g\u00e8re et un<\/p>\n","protected":false},"featured_media":23455,"comment_status":"open","ping_status":"closed","template":"","meta":[],"product_cat":[20],"product_tag":[],"class_list":{"0":"post-19673","1":"product","2":"type-product","3":"status-publish","4":"has-post-thumbnail","6":"product_cat-accessories","8":"first","9":"instock","10":"shipping-taxable","11":"product-type-simple"},"jetpack_sharing_enabled":true,"_links":{"self":[{"href":"https:\/\/para-pharmacity.tn\/index.php?rest_route=\/wp\/v2\/product\/19673","targetHints":{"allow":["GET"]}}],"collection":[{"href":"https:\/\/para-pharmacity.tn\/index.php?rest_route=\/wp\/v2\/product"}],"about":[{"href":"https:\/\/para-pharmacity.tn\/index.php?rest_route=\/wp\/v2\/types\/product"}],"replies":[{"embeddable":true,"href":"https:\/\/para-pharmacity.tn\/index.php?rest_route=%2Fwp%2Fv2%2Fcomments&post=19673"}],"version-history":[{"count":2,"href":"https:\/\/para-pharmacity.tn\/index.php?rest_route=\/wp\/v2\/product\/19673\/revisions"}],"predecessor-version":[{"id":23454,"href":"https:\/\/para-pharmacity.tn\/index.php?rest_route=\/wp\/v2\/product\/19673\/revisions\/23454"}],"wp:featuredmedia":[{"embeddable":true,"href":"https:\/\/para-pharmacity.tn\/index.php?rest_route=\/wp\/v2\/media\/23455"}],"wp:attachment":[{"href":"https:\/\/para-pharmacity.tn\/index.php?rest_route=%2Fwp%2Fv2%2Fmedia&parent=19673"}],"wp:term":[{"taxonomy":"product_cat","embeddable":true,"href":"https:\/\/para-pharmacity.tn\/index.php?rest_route=%2Fwp%2Fv2%2Fproduct_cat&post=19673"},{"taxonomy":"product_tag","embeddable":true,"href":"https:\/\/para-pharmacity.tn\/index.php?rest_route=%2Fwp%2Fv2%2Fproduct_tag&post=19673"}],"curies":[{"name":"wp","href":"https:\/\/api.w.org\/{rel}","templated":true}]}}