{"id":19672,"date":"2024-07-11T10:08:55","date_gmt":"2024-07-11T10:08:55","guid":{"rendered":"https:\/\/para-pharmacity.tn\/?product=tynor-genouilliere-amovible-courte"},"modified":"2024-08-15T13:42:17","modified_gmt":"2024-08-15T13:42:17","slug":"tynor-genouilliere-amovible-courte","status":"publish","type":"product","link":"https:\/\/para-pharmacity.tn\/?product=tynor-genouilliere-amovible-courte","title":{"rendered":"TYNOR GENOUILLIERE AMOVIBLE COURTE"},"content":{"rendered":"<p><span style=\"color: #000000\"><strong>Attelle de Genou Amovible Courte<\/strong>\u00a0\u00a0une excellente attelle pour immobiliser, soutenir et prot\u00e9ger le genou bless\u00e9 ou op\u00e9r\u00e9 pendant sa r\u00e9cup\u00e9ration.<\/span><\/p>\n<ul>\n<li><span style=\"color: #000000\">Poids l\u00e9ger.<\/span><\/li>\n<li><span style=\"color: #000000\">Forme anatomique.<\/span><\/li>\n<li><span style=\"color: #000000\">Doux et confortable.<\/span><\/li>\n<li><span style=\"color: #000000\">Immobilisation parfaite.<\/span><\/li>\n<li><span style=\"color: #000000\">Immobilisation en l\u00e9g\u00e8re flexion.<\/span><\/li>\n<\/ul>\n<ul>\n<li><span style=\"color: #000000\">Les attelles dorsales en aluminium \u00e0 contour anatomique sont l\u00e9g\u00e8res et confortables, mais tr\u00e8s rigides et durables.\u00a0Ils assurent une bonne adh\u00e9rence et une parfaite immobilisation du genou.\u00a0Les attelles lat\u00e9rales avec relief am\u00e9liorent l\u2019immobilisation, sans points chauds sur les protub\u00e9rances du genou.<\/span><\/li>\n<li><span style=\"color: #000000\">Le corps en tissu fusionn\u00e9 PUF est durable, assure un amorti appropri\u00e9 et un confort accru avec des propri\u00e9t\u00e9s antid\u00e9rapantes.\u00a0La conception de la boucle invers\u00e9e offre une forte force de verrouillage et une compression personnalis\u00e9e.\u00a0Il est facile \u00e0 porter.<\/span><\/li>\n<li><span style=\"color: #000000\">La sangle rotulienne suppl\u00e9mentaire am\u00e9liore l\u2019immobilisation, offre une protection suppl\u00e9mentaire au genou et est amovible lorsqu\u2019elle n\u2019est pas n\u00e9cessaire..<\/span><\/li>\n<\/ul>\n","protected":false},"excerpt":{"rendered":"<p>Attelle de Genou Amovible Courte\u00a0\u00a0une excellente attelle pour immobiliser, soutenir et prot\u00e9ger le genou bless\u00e9 ou op\u00e9r\u00e9 pendant sa r\u00e9cup\u00e9ration.<\/p>\n","protected":false},"featured_media":23444,"comment_status":"open","ping_status":"closed","template":"","meta":[],"product_cat":[20],"product_tag":[],"class_list":{"0":"post-19672","1":"product","2":"type-product","3":"status-publish","4":"has-post-thumbnail","6":"product_cat-accessories","8":"first","9":"instock","10":"shipping-taxable","11":"product-type-simple"},"jetpack_sharing_enabled":true,"_links":{"self":[{"href":"https:\/\/para-pharmacity.tn\/index.php?rest_route=\/wp\/v2\/product\/19672","targetHints":{"allow":["GET"]}}],"collection":[{"href":"https:\/\/para-pharmacity.tn\/index.php?rest_route=\/wp\/v2\/product"}],"about":[{"href":"https:\/\/para-pharmacity.tn\/index.php?rest_route=\/wp\/v2\/types\/product"}],"replies":[{"embeddable":true,"href":"https:\/\/para-pharmacity.tn\/index.php?rest_route=%2Fwp%2Fv2%2Fcomments&post=19672"}],"version-history":[{"count":2,"href":"https:\/\/para-pharmacity.tn\/index.php?rest_route=\/wp\/v2\/product\/19672\/revisions"}],"predecessor-version":[{"id":23449,"href":"https:\/\/para-pharmacity.tn\/index.php?rest_route=\/wp\/v2\/product\/19672\/revisions\/23449"}],"wp:featuredmedia":[{"embeddable":true,"href":"https:\/\/para-pharmacity.tn\/index.php?rest_route=\/wp\/v2\/media\/23444"}],"wp:attachment":[{"href":"https:\/\/para-pharmacity.tn\/index.php?rest_route=%2Fwp%2Fv2%2Fmedia&parent=19672"}],"wp:term":[{"taxonomy":"product_cat","embeddable":true,"href":"https:\/\/para-pharmacity.tn\/index.php?rest_route=%2Fwp%2Fv2%2Fproduct_cat&post=19672"},{"taxonomy":"product_tag","embeddable":true,"href":"https:\/\/para-pharmacity.tn\/index.php?rest_route=%2Fwp%2Fv2%2Fproduct_tag&post=19672"}],"curies":[{"name":"wp","href":"https:\/\/api.w.org\/{rel}","templated":true}]}}