{"id":19670,"date":"2024-07-11T10:08:55","date_gmt":"2024-07-11T10:08:55","guid":{"rendered":"https:\/\/para-pharmacity.tn\/?product=tynor-genouillere-sportif-neopr"},"modified":"2024-08-15T13:22:32","modified_gmt":"2024-08-15T13:22:32","slug":"tynor-genouillere-sportif-neopr","status":"publish","type":"product","link":"https:\/\/para-pharmacity.tn\/?product=tynor-genouillere-sportif-neopr","title":{"rendered":"TYNOR GENOUILLERE SPORTIF NEOPR"},"content":{"rendered":"<p>La genouill\u00e8re sportive Tynor Knee Support Sportif (n\u00e9opr\u00e8ne) a \u00e9t\u00e9 sp\u00e9cialement con\u00e7ue pour offrir une compression ferme, un soutien l\u00e9ger et une chaleur \u00e0 l&rsquo;articulation du genou, visant \u00e0 att\u00e9nuer la douleur et l&rsquo;inflammation g\u00e9n\u00e9ralement associ\u00e9es au vieillissement et \u00e0 l&rsquo;arthrite. Id\u00e9ale pour les activit\u00e9s sportives et les blessures li\u00e9es au sport, elle pr\u00e9sente les caract\u00e9ristiques suivantes :<\/p>\n<p>&#8211; Bandes sup\u00e9rieure et inf\u00e9rieure : ces bandes permettent une compression contr\u00f4l\u00e9e et une adh\u00e9rence optimale sur le corps, facilitant ainsi son enfilage.<\/p>\n<p>&#8211; Ouverture patellaire ant\u00e9rieure : soulage la pression patellaire et positionne la rotule en cas de luxation patellaire.<\/p>\n<p>&#8211; Perfor\u00e9e \u00e0 l&rsquo;arri\u00e8re : assure une ventilation am\u00e9liorant le confort du patient tout en \u00e9vitant les plis lors de la flexion du genou. Elle est \u00e9galement \u00e0 la mode.<\/p>\n<p>&#8211; Couche de n\u00e9opr\u00e8ne coll\u00e9e avec du tissu en nylon des deux c\u00f4t\u00e9s : offre une capacit\u00e9 d&rsquo;\u00e9tirement dans les quatre sens et une compression assurant une dur\u00e9e de vie prolong\u00e9e.<\/p>\n<p>&#8211; Conception esth\u00e9tique : la forme anatomique permet un ajustement parfait, une bonne adh\u00e9rence et \u00e9vite les plis lors de la flexion du genou. La perforation \u00e0 l&rsquo;arri\u00e8re conf\u00e8re un look moderne et une meilleure a\u00e9ration. Disponible en deux couleurs pour un style \u00e9l\u00e9gant, elle peut \u00eatre port\u00e9e avec \u00e9l\u00e9gance lors des activit\u00e9s sportives.<\/p>\n","protected":false},"excerpt":{"rendered":"<p>La genouill\u00e8re sportive Tynor Knee Support Sportif (n\u00e9opr\u00e8ne) a \u00e9t\u00e9 sp\u00e9cialement con\u00e7ue pour offrir une compression ferme, un soutien l\u00e9ger<\/p>\n","protected":false},"featured_media":23432,"comment_status":"open","ping_status":"closed","template":"","meta":[],"product_cat":[20],"product_tag":[],"class_list":{"0":"post-19670","1":"product","2":"type-product","3":"status-publish","4":"has-post-thumbnail","6":"product_cat-accessories","8":"first","9":"instock","10":"shipping-taxable","11":"product-type-simple"},"jetpack_sharing_enabled":true,"_links":{"self":[{"href":"https:\/\/para-pharmacity.tn\/index.php?rest_route=\/wp\/v2\/product\/19670","targetHints":{"allow":["GET"]}}],"collection":[{"href":"https:\/\/para-pharmacity.tn\/index.php?rest_route=\/wp\/v2\/product"}],"about":[{"href":"https:\/\/para-pharmacity.tn\/index.php?rest_route=\/wp\/v2\/types\/product"}],"replies":[{"embeddable":true,"href":"https:\/\/para-pharmacity.tn\/index.php?rest_route=%2Fwp%2Fv2%2Fcomments&post=19670"}],"version-history":[{"count":2,"href":"https:\/\/para-pharmacity.tn\/index.php?rest_route=\/wp\/v2\/product\/19670\/revisions"}],"predecessor-version":[{"id":23431,"href":"https:\/\/para-pharmacity.tn\/index.php?rest_route=\/wp\/v2\/product\/19670\/revisions\/23431"}],"wp:featuredmedia":[{"embeddable":true,"href":"https:\/\/para-pharmacity.tn\/index.php?rest_route=\/wp\/v2\/media\/23432"}],"wp:attachment":[{"href":"https:\/\/para-pharmacity.tn\/index.php?rest_route=%2Fwp%2Fv2%2Fmedia&parent=19670"}],"wp:term":[{"taxonomy":"product_cat","embeddable":true,"href":"https:\/\/para-pharmacity.tn\/index.php?rest_route=%2Fwp%2Fv2%2Fproduct_cat&post=19670"},{"taxonomy":"product_tag","embeddable":true,"href":"https:\/\/para-pharmacity.tn\/index.php?rest_route=%2Fwp%2Fv2%2Fproduct_tag&post=19670"}],"curies":[{"name":"wp","href":"https:\/\/api.w.org\/{rel}","templated":true}]}}