{"id":19662,"date":"2024-07-11T10:08:52","date_gmt":"2024-07-11T10:08:52","guid":{"rendered":"https:\/\/para-pharmacity.tn\/?product=tynor-genouillere-rotul-neop-univer"},"modified":"2024-08-15T10:25:45","modified_gmt":"2024-08-15T10:25:45","slug":"tynor-genouillere-rotul-neop-univer","status":"publish","type":"product","link":"https:\/\/para-pharmacity.tn\/?product=tynor-genouillere-rotul-neop-univer","title":{"rendered":"TYNOR GENOUILLERE ROTUL NEOP UNIVER J05"},"content":{"rendered":"<p><span style=\"color: #000000\">Le Tynor Knee Wrap Neoprene est une conception \u00e0 ouverture ant\u00e9rieure qui permet une application facile sur les genoux enfl\u00e9s ou asym\u00e9triques, ainsi que pour les personnes g\u00e9riatriques qui n\u00e9cessitent une genouill\u00e8re .<\/span><\/p>\n<p><span style=\"color: #000000\">Il permet une compression personnalis\u00e9e, ce qui n&rsquo;est pas possible avec les produits tubulaires. Cette genouill\u00e8re est fabriqu\u00e9e en tissu n\u00e9opr\u00e8ne qui offre une compression ferme, de la chaleur et un soutien au genou pour soulager la douleur et l&rsquo;inflammation, g\u00e9n\u00e9ralement associ\u00e9es \u00e0 la vieillesse, \u00e0 l&rsquo;arthrite, aux blessures sportives, etc., au niveau du genou.<\/span><\/p>\n","protected":false},"excerpt":{"rendered":"<p>Le Tynor Knee Wrap Neoprene est une conception \u00e0 ouverture ant\u00e9rieure qui permet une application facile sur les genoux enfl\u00e9s<\/p>\n","protected":false},"featured_media":23389,"comment_status":"open","ping_status":"closed","template":"","meta":[],"product_cat":[20],"product_tag":[],"class_list":{"0":"post-19662","1":"product","2":"type-product","3":"status-publish","4":"has-post-thumbnail","6":"product_cat-accessories","8":"first","9":"instock","10":"shipping-taxable","11":"product-type-simple"},"jetpack_sharing_enabled":true,"_links":{"self":[{"href":"https:\/\/para-pharmacity.tn\/index.php?rest_route=\/wp\/v2\/product\/19662","targetHints":{"allow":["GET"]}}],"collection":[{"href":"https:\/\/para-pharmacity.tn\/index.php?rest_route=\/wp\/v2\/product"}],"about":[{"href":"https:\/\/para-pharmacity.tn\/index.php?rest_route=\/wp\/v2\/types\/product"}],"replies":[{"embeddable":true,"href":"https:\/\/para-pharmacity.tn\/index.php?rest_route=%2Fwp%2Fv2%2Fcomments&post=19662"}],"version-history":[{"count":5,"href":"https:\/\/para-pharmacity.tn\/index.php?rest_route=\/wp\/v2\/product\/19662\/revisions"}],"predecessor-version":[{"id":23394,"href":"https:\/\/para-pharmacity.tn\/index.php?rest_route=\/wp\/v2\/product\/19662\/revisions\/23394"}],"wp:featuredmedia":[{"embeddable":true,"href":"https:\/\/para-pharmacity.tn\/index.php?rest_route=\/wp\/v2\/media\/23389"}],"wp:attachment":[{"href":"https:\/\/para-pharmacity.tn\/index.php?rest_route=%2Fwp%2Fv2%2Fmedia&parent=19662"}],"wp:term":[{"taxonomy":"product_cat","embeddable":true,"href":"https:\/\/para-pharmacity.tn\/index.php?rest_route=%2Fwp%2Fv2%2Fproduct_cat&post=19662"},{"taxonomy":"product_tag","embeddable":true,"href":"https:\/\/para-pharmacity.tn\/index.php?rest_route=%2Fwp%2Fv2%2Fproduct_tag&post=19662"}],"curies":[{"name":"wp","href":"https:\/\/api.w.org\/{rel}","templated":true}]}}