{"id":19660,"date":"2024-07-11T10:08:52","date_gmt":"2024-07-11T10:08:52","guid":{"rendered":"https:\/\/para-pharmacity.tn\/?product=tynor-genouillere-compression-xl"},"modified":"2024-08-15T08:49:52","modified_gmt":"2024-08-15T08:49:52","slug":"tynor-genouillere-compression-xl","status":"publish","type":"product","link":"https:\/\/para-pharmacity.tn\/?product=tynor-genouillere-compression-xl","title":{"rendered":"TYNOR GENOUILLERE COMPRESSION XL"},"content":{"rendered":"<p>La Genouill\u00e8re Ligamentaire Articul\u00e9e (avec charni\u00e8re rigide) est une conception simplifi\u00e9e mais efficace qui offre l avantage de la compression autour du genou et le soutien d une attelle lat\u00e9rale. Il permet une flexion normale du genou.<\/p>\n<p>Cerclage anti garrot<\/p>\n<p>Bon d\u00e9chargement<\/p>\n<p>Mouvement de flexion libre<\/p>\n<p>Extensibilit\u00e9 \u00e0 quatre voies<\/p>\n<p>Les charni\u00e8res rigides assurent une attelle lat\u00e9rale solide mais un mouvement de flexion libre.<\/p>\n<p>Bicouche. Le coton \u00e0 l int\u00e9rieur assure une interphase dermophile avec la peau, une bonne absorption de la transpiration, un confort et une compliance am\u00e9lior\u00e9s. Le nylon \u00e0 l ext\u00e9rieur assure une durabilit\u00e9 \u00e9lev\u00e9e, une excellente esth\u00e9tique et une solidit\u00e9 des couleurs.<\/p>\n","protected":false},"excerpt":{"rendered":"<p>La Genouill\u00e8re Ligamentaire Articul\u00e9e (avec charni\u00e8re rigide) est une conception simplifi\u00e9e mais efficace qui offre l avantage de la compression<\/p>\n","protected":false},"featured_media":23320,"comment_status":"open","ping_status":"closed","template":"","meta":[],"product_cat":[20],"product_tag":[],"class_list":{"0":"post-19660","1":"product","2":"type-product","3":"status-publish","4":"has-post-thumbnail","6":"product_cat-accessories","8":"first","9":"instock","10":"shipping-taxable","11":"product-type-simple"},"jetpack_sharing_enabled":true,"_links":{"self":[{"href":"https:\/\/para-pharmacity.tn\/index.php?rest_route=\/wp\/v2\/product\/19660","targetHints":{"allow":["GET"]}}],"collection":[{"href":"https:\/\/para-pharmacity.tn\/index.php?rest_route=\/wp\/v2\/product"}],"about":[{"href":"https:\/\/para-pharmacity.tn\/index.php?rest_route=\/wp\/v2\/types\/product"}],"replies":[{"embeddable":true,"href":"https:\/\/para-pharmacity.tn\/index.php?rest_route=%2Fwp%2Fv2%2Fcomments&post=19660"}],"version-history":[{"count":5,"href":"https:\/\/para-pharmacity.tn\/index.php?rest_route=\/wp\/v2\/product\/19660\/revisions"}],"predecessor-version":[{"id":23378,"href":"https:\/\/para-pharmacity.tn\/index.php?rest_route=\/wp\/v2\/product\/19660\/revisions\/23378"}],"wp:featuredmedia":[{"embeddable":true,"href":"https:\/\/para-pharmacity.tn\/index.php?rest_route=\/wp\/v2\/media\/23320"}],"wp:attachment":[{"href":"https:\/\/para-pharmacity.tn\/index.php?rest_route=%2Fwp%2Fv2%2Fmedia&parent=19660"}],"wp:term":[{"taxonomy":"product_cat","embeddable":true,"href":"https:\/\/para-pharmacity.tn\/index.php?rest_route=%2Fwp%2Fv2%2Fproduct_cat&post=19660"},{"taxonomy":"product_tag","embeddable":true,"href":"https:\/\/para-pharmacity.tn\/index.php?rest_route=%2Fwp%2Fv2%2Fproduct_tag&post=19660"}],"curies":[{"name":"wp","href":"https:\/\/api.w.org\/{rel}","templated":true}]}}