{"id":19644,"date":"2024-07-11T10:08:44","date_gmt":"2024-07-11T10:08:44","guid":{"rendered":"https:\/\/para-pharmacity.tn\/?product=tynor-echarpe-de-bras-confort"},"modified":"2025-06-11T11:58:09","modified_gmt":"2025-06-11T11:58:09","slug":"tynor-echarpe-de-bras-confort","status":"publish","type":"product","link":"https:\/\/para-pharmacity.tn\/?product=tynor-echarpe-de-bras-confort","title":{"rendered":"TYNOR ECHARPE DE BRAS CONFORT"},"content":{"rendered":"<p>L&rsquo;\u00e9charpe confort TYNOR est con\u00e7ue pour les conditions suivantes :<\/p>\n<p>&#8211; Fracture de la clavicule.<\/p>\n<p>&#8211; Soins post-chirurgicaux ou post-coul\u00e9s du bras.<\/p>\n<p>&#8211; Entorse ou \u00e9paule disloqu\u00e9e.<\/p>\n<p>&#8211; Toute autre condition n\u00e9cessitant un soutien ou une immobilisation du bras.<\/p>\n<p>Cette \u00e9charpe offre un soutien efficace et un confort optimal, aidant \u00e0 la r\u00e9cup\u00e9ration apr\u00e8s une fracture, une chirurgie, une entorse, une dislocation de l&rsquo;\u00e9paule, ou toute autre situation n\u00e9cessitant une contention ou une immobilisation du bras.<\/p>\n","protected":false},"excerpt":{"rendered":"<p>Le Pouch Arm Sling Urbane de Tynor est con\u00e7u pour les personnes qui veulent afficher une \u00e9charpe comme accessoire. Pendant la r\u00e9cup\u00e9ration, il maintient, soutient et immobilise le bras foul\u00e9, cass\u00e9 ou op\u00e9r\u00e9 chirurgicalement en flexion. Le design chic, \u00e9l\u00e9gant et ventil\u00e9 est parfait pour les climats tropicaux.<\/p>\n","protected":false},"featured_media":26602,"comment_status":"open","ping_status":"closed","template":"","meta":[],"product_cat":[20],"product_tag":[],"class_list":{"0":"post-19644","1":"product","2":"type-product","3":"status-publish","4":"has-post-thumbnail","6":"product_cat-accessories","8":"first","9":"instock","10":"shipping-taxable","11":"purchasable","12":"product-type-simple"},"jetpack_sharing_enabled":true,"_links":{"self":[{"href":"https:\/\/para-pharmacity.tn\/index.php?rest_route=\/wp\/v2\/product\/19644","targetHints":{"allow":["GET"]}}],"collection":[{"href":"https:\/\/para-pharmacity.tn\/index.php?rest_route=\/wp\/v2\/product"}],"about":[{"href":"https:\/\/para-pharmacity.tn\/index.php?rest_route=\/wp\/v2\/types\/product"}],"replies":[{"embeddable":true,"href":"https:\/\/para-pharmacity.tn\/index.php?rest_route=%2Fwp%2Fv2%2Fcomments&post=19644"}],"version-history":[{"count":2,"href":"https:\/\/para-pharmacity.tn\/index.php?rest_route=\/wp\/v2\/product\/19644\/revisions"}],"predecessor-version":[{"id":26606,"href":"https:\/\/para-pharmacity.tn\/index.php?rest_route=\/wp\/v2\/product\/19644\/revisions\/26606"}],"wp:featuredmedia":[{"embeddable":true,"href":"https:\/\/para-pharmacity.tn\/index.php?rest_route=\/wp\/v2\/media\/26602"}],"wp:attachment":[{"href":"https:\/\/para-pharmacity.tn\/index.php?rest_route=%2Fwp%2Fv2%2Fmedia&parent=19644"}],"wp:term":[{"taxonomy":"product_cat","embeddable":true,"href":"https:\/\/para-pharmacity.tn\/index.php?rest_route=%2Fwp%2Fv2%2Fproduct_cat&post=19644"},{"taxonomy":"product_tag","embeddable":true,"href":"https:\/\/para-pharmacity.tn\/index.php?rest_route=%2Fwp%2Fv2%2Fproduct_tag&post=19644"}],"curies":[{"name":"wp","href":"https:\/\/api.w.org\/{rel}","templated":true}]}}