{"id":19628,"date":"2024-07-11T10:08:39","date_gmt":"2024-07-11T10:08:39","guid":{"rendered":"https:\/\/para-pharmacity.tn\/?product=tynor-collier-cervical-souple-mediu"},"modified":"2025-06-11T15:22:08","modified_gmt":"2025-06-11T15:22:08","slug":"tynor-collier-cervical-souple-mediu","status":"publish","type":"product","link":"https:\/\/para-pharmacity.tn\/?product=tynor-collier-cervical-souple-mediu","title":{"rendered":"TYNOR COLLIER CERVICAL SOUPLE MEDIU"},"content":{"rendered":"<ul class=\"a-unordered-list a-vertical a-spacing-none\">\n<li>\n<div class=\"vc_row wpb_row vc_row-fluid vc_custom_detheme1\">\n<div class=\"inner-flex\">\n<div class=\"catalog-content wpb_column vc_column_container vc_col-sm-6\">\n<div class=\"vc_column-inner\">\n<div class=\"wpb_wrapper\">\n<div class=\"wpb_text_column wpb_content_element vc_custom_1507616094818\">\n<div class=\"wpb_wrapper\">\n<p>partielle ou contr\u00f4l\u00e9e de la r\u00e9gion cervicale est requise.<\/p>\n<ul>\n<li>Confort ultime<\/li>\n<li>Immobilisation contr\u00f4l\u00e9e<\/li>\n<li>Soutien efficace<\/li>\n<li>Excellente esth\u00e9tique<\/li>\n<li>Longue vie<\/li>\n<\/ul>\n<\/div>\n<\/div>\n<div class=\"vc_row wpb_row vc_inner vc_row-fluid\">\n<div class=\"wpb_column vc_column_container vc_col-sm-12\">\n<div class=\"vc_column-inner\">\n<div class=\"wpb_wrapper\">\n<div class=\"wpb_text_column wpb_content_element\">\n<div class=\"wpb_wrapper\">\n<ul>\n<li>Fabriqu\u00e9e en mousse PU de tr\u00e8s haute densit\u00e9 (60 kg \/ m3) qui offre une bonne immobilisation et un meilleur support, malgr\u00e9 l\u2019absence de renforcement, sa dur\u00e9e de vie est longue.<\/li>\n<li>Recouverte de bas en coton hypoallerg\u00e9nique, elle am\u00e9liore le confort, \u00e9vite les allergies et les \u00e9ruptions cutan\u00e9es, m\u00eame aux peaux sensibles, et am\u00e9liore la compliance.<\/li>\n<li>La conception anatomique offre un soutien uniforme \u00e0 la mandibule, un meilleur ajustement et un confort accru.<\/li>\n<li>Le corps du col perfor\u00e9 am\u00e9liore la ventilation, le confort et la compliance.<\/li>\n<li>Aucun renforcement dur, osseux, am\u00e9liore le confort du patient.<\/li>\n<\/ul>\n<\/div>\n<\/div>\n<\/div>\n<\/div>\n<\/div>\n<\/div>\n<\/div>\n<\/div>\n<\/div>\n<\/div>\n<\/div>\n<div id=\"vchar\" class=\"vc_row wpb_row vc_row-fluid vc_custom_detheme2\">\n<div class=\"inner-flex\">\n<div class=\"wpb_column vc_column_container vc_col-sm-6\">\n<div class=\"vc_column-inner\">\n<div class=\"wpb_wrapper\">\n<div class=\"wpb_text_column wpb_content_element\"><\/div>\n<\/div>\n<\/div>\n<\/div>\n<div class=\"wpb_column vc_column_container vc_col-sm-6\">\n<div class=\"vc_column-inner\">\n<div class=\"wpb_wrapper\">\n<div class=\"wpb_text_column wpb_content_element\">\n<div class=\"wpb_wrapper\">\n<h3>Tableau des tailles<\/h3>\n<\/div>\n<\/div>\n<div class=\"wpb_single_image wpb_content_element vc_align_left\">\n<div class=\"wpb_wrapper\">\n<div class=\"vc_single_image-wrapper vc_box_border_grey\"><img fetchpriority=\"high\" decoding=\"async\" class=\"vc_single_image-img attachment-full lazyloaded\" src=\"https:\/\/i0.wp.com\/tynorindia.com\/wp-content\/uploads\/2017\/06\/Collar-Soft-B-01-1.png\" alt=\"\" width=\"562\" height=\"207\" \/><\/div>\n<\/div>\n<\/div>\n<\/div>\n<\/div>\n<\/div>\n<\/div>\n<\/div>\n<\/li>\n<\/ul>\n","protected":false},"excerpt":{"rendered":"<p>Le collier cervical souple \u00e0 densit\u00e9 ferme est utilis\u00e9 pour soutenir, immobiliser ou ajuster le cou dans la position souhait\u00e9e, recommand\u00e9 lorsque qu&rsquo;une immobilisation partielle ou contr\u00f4l\u00e9e de la r\u00e9gion cervicale est n\u00e9cessaire.<\/p>\n","protected":false},"featured_media":26615,"comment_status":"open","ping_status":"closed","template":"","meta":[],"product_cat":[20],"product_tag":[],"class_list":{"0":"post-19628","1":"product","2":"type-product","3":"status-publish","4":"has-post-thumbnail","6":"product_cat-accessories","8":"first","9":"instock","10":"shipping-taxable","11":"purchasable","12":"product-type-simple"},"jetpack_sharing_enabled":true,"_links":{"self":[{"href":"https:\/\/para-pharmacity.tn\/index.php?rest_route=\/wp\/v2\/product\/19628","targetHints":{"allow":["GET"]}}],"collection":[{"href":"https:\/\/para-pharmacity.tn\/index.php?rest_route=\/wp\/v2\/product"}],"about":[{"href":"https:\/\/para-pharmacity.tn\/index.php?rest_route=\/wp\/v2\/types\/product"}],"replies":[{"embeddable":true,"href":"https:\/\/para-pharmacity.tn\/index.php?rest_route=%2Fwp%2Fv2%2Fcomments&post=19628"}],"version-history":[{"count":2,"href":"https:\/\/para-pharmacity.tn\/index.php?rest_route=\/wp\/v2\/product\/19628\/revisions"}],"predecessor-version":[{"id":26614,"href":"https:\/\/para-pharmacity.tn\/index.php?rest_route=\/wp\/v2\/product\/19628\/revisions\/26614"}],"wp:featuredmedia":[{"embeddable":true,"href":"https:\/\/para-pharmacity.tn\/index.php?rest_route=\/wp\/v2\/media\/26615"}],"wp:attachment":[{"href":"https:\/\/para-pharmacity.tn\/index.php?rest_route=%2Fwp%2Fv2%2Fmedia&parent=19628"}],"wp:term":[{"taxonomy":"product_cat","embeddable":true,"href":"https:\/\/para-pharmacity.tn\/index.php?rest_route=%2Fwp%2Fv2%2Fproduct_cat&post=19628"},{"taxonomy":"product_tag","embeddable":true,"href":"https:\/\/para-pharmacity.tn\/index.php?rest_route=%2Fwp%2Fv2%2Fproduct_tag&post=19628"}],"curies":[{"name":"wp","href":"https:\/\/api.w.org\/{rel}","templated":true}]}}