{"id":19619,"date":"2024-07-11T10:08:34","date_gmt":"2024-07-11T10:08:34","guid":{"rendered":"https:\/\/para-pharmacity.tn\/?product=tynor-coll-cers-ajust-m"},"modified":"2025-06-11T15:35:19","modified_gmt":"2025-06-11T15:35:19","slug":"tynor-coll-cers-ajust-m","status":"publish","type":"product","link":"https:\/\/para-pharmacity.tn\/?product=tynor-coll-cers-ajust-m","title":{"rendered":"TYNOR COLL CERS AJUST M"},"content":{"rendered":"<p>Collier cervical dur (ajustable) C2\u00a0utilis\u00e9 pour soutenir, immobiliser ou ajuster le cou en position de flexion, d\u2019extension ou d\u2019hyper-extension.\u00a0Recommand\u00e9 lorsqu\u2019une immobilisation rigide de la r\u00e9gion cervicale est requise.<\/p>\n<ul>\n<li>Forme anatomique.<\/li>\n<li>Rembourrage de bord confortable.<\/li>\n<li>Hauteur r\u00e9glable.<\/li>\n<li>Poids l\u00e9ger<\/li>\n<li>Sans latex.<\/li>\n<\/ul>\n<ul>\n<li>Le rembourrage des bords en Ethafoam offre un amorti et un confort am\u00e9lior\u00e9s.\u00a0Il assure une longue dur\u00e9e de vie fonctionnelle.\u00a0Il est extr\u00eamement l\u00e9ger et ne provoque aucune allergie.<\/li>\n<li>La conception anatomique avec r\u00e9glage en hauteur assure un ajustement parfait, am\u00e9liore l\u2019immobilisation et am\u00e9liore le confort.<\/li>\n<li>La feuille de PE de haute qualit\u00e9 assure un support rigide, une longue dur\u00e9e de vie du collier et une bonne esth\u00e9tique.<\/li>\n<li>Le corps perfor\u00e9 am\u00e9liore la ventilation, am\u00e9liore le confort et la conformit\u00e9.<\/li>\n<li>taille M<\/li>\n<\/ul>\n","protected":false},"excerpt":{"rendered":"<p>Collier cervical dur (ajustable) C2\u00a0utilis\u00e9 pour soutenir, immobiliser ou ajuster le cou en position de flexion, d\u2019extension ou d\u2019hyper-extension.\u00a0Recommand\u00e9 lorsqu\u2019une immobilisation rigide de la r\u00e9gion cervicale est requise.<\/p>\n","protected":false},"featured_media":26622,"comment_status":"open","ping_status":"closed","template":"","meta":[],"product_cat":[20],"product_tag":[],"class_list":{"0":"post-19619","1":"product","2":"type-product","3":"status-publish","4":"has-post-thumbnail","6":"product_cat-accessories","8":"first","9":"instock","10":"shipping-taxable","11":"purchasable","12":"product-type-simple"},"jetpack_sharing_enabled":true,"_links":{"self":[{"href":"https:\/\/para-pharmacity.tn\/index.php?rest_route=\/wp\/v2\/product\/19619","targetHints":{"allow":["GET"]}}],"collection":[{"href":"https:\/\/para-pharmacity.tn\/index.php?rest_route=\/wp\/v2\/product"}],"about":[{"href":"https:\/\/para-pharmacity.tn\/index.php?rest_route=\/wp\/v2\/types\/product"}],"replies":[{"embeddable":true,"href":"https:\/\/para-pharmacity.tn\/index.php?rest_route=%2Fwp%2Fv2%2Fcomments&post=19619"}],"version-history":[{"count":2,"href":"https:\/\/para-pharmacity.tn\/index.php?rest_route=\/wp\/v2\/product\/19619\/revisions"}],"predecessor-version":[{"id":26624,"href":"https:\/\/para-pharmacity.tn\/index.php?rest_route=\/wp\/v2\/product\/19619\/revisions\/26624"}],"wp:featuredmedia":[{"embeddable":true,"href":"https:\/\/para-pharmacity.tn\/index.php?rest_route=\/wp\/v2\/media\/26622"}],"wp:attachment":[{"href":"https:\/\/para-pharmacity.tn\/index.php?rest_route=%2Fwp%2Fv2%2Fmedia&parent=19619"}],"wp:term":[{"taxonomy":"product_cat","embeddable":true,"href":"https:\/\/para-pharmacity.tn\/index.php?rest_route=%2Fwp%2Fv2%2Fproduct_cat&post=19619"},{"taxonomy":"product_tag","embeddable":true,"href":"https:\/\/para-pharmacity.tn\/index.php?rest_route=%2Fwp%2Fv2%2Fproduct_tag&post=19619"}],"curies":[{"name":"wp","href":"https:\/\/api.w.org\/{rel}","templated":true}]}}