{"id":19616,"date":"2024-07-11T10:08:33","date_gmt":"2024-07-11T10:08:33","guid":{"rendered":"https:\/\/para-pharmacity.tn\/?product=tynor-chevillere-simple-paire-m-d03"},"modified":"2025-06-11T15:46:43","modified_gmt":"2025-06-11T15:46:43","slug":"tynor-chevillere-simple-paire-m-d03","status":"publish","type":"product","link":"https:\/\/para-pharmacity.tn\/?product=tynor-chevillere-simple-paire-m-d03","title":{"rendered":"TYNOR CHEVILLERE SIMPLE PAIRE (M) D03"},"content":{"rendered":"<p>TYNOR D-03 Chevillere simple Taille -M<\/p>\n<p>Chevill\u00e8re Simpleest un support tubulaire largement utilis\u00e9 dans la pratique orthop\u00e9dique pour fournir une compression, une chaleur et un soutien doux \u00e0 l\u2019articulation de la cheville, pour apaiser la douleur et l\u2019inflammation g\u00e9n\u00e9ralement associ\u00e9es \u00e0 la vieillesse, l\u2019arthrite, le sport, etc.<\/p>\n<ul>\n<li>\u00c9tirement quadridirectionnel<\/li>\n<li>Tissu \u00e0 deux couches<\/li>\n<li>Hypoallerg\u00e9nique<\/li>\n<li>Compression uniforme<\/li>\n<li>Application simple \u00e0 tirer<\/li>\n<\/ul>\n<ul>\n<li>Int\u00e9rieur en coton bicouche, une interphase dermophillique am\u00e9liore l\u2019absorption de la transpiration, le confort et la compliance.<\/li>\n<li>Le nylon \u00e0 deux couches \u00e0 l\u2019ext\u00e9rieur assure la durabilit\u00e9, am\u00e9liore l\u2019esth\u00e9tique et la solidit\u00e9 des couleurs.<\/li>\n<li>Tissu extensible dans les quatre sens, assure une compression efficace ainsi que le confort.<\/li>\n<li>Deux couches avec un espace d\u2019air entrelac\u00e9, retient efficacement la chaleur corporelle, acc\u00e9l\u00e8re la gu\u00e9rison et apaise la douleur.<\/li>\n<\/ul>\n<ul>\n<li>Application simple \u00e0 tirer<\/li>\n<li>Int\u00e9rieur en coton bicouche, une interphase dermophillique am\u00e9liore l\u2019absorption de la transpiration, le confort et la compliance.<\/li>\n<li>Le nylon \u00e0 deux couches \u00e0 l\u2019ext\u00e9rieur assure la durabilit\u00e9, am\u00e9liore l\u2019esth\u00e9tique et la solidit\u00e9 des couleurs.<\/li>\n<li>Tissu extensible dans les quatre sens, assure une compression efficace ainsi que le confort.<\/li>\n<li>Deux couches avec un espace d\u2019air entrelac\u00e9, retient efficacement la chaleur corporelle, acc\u00e9l\u00e8re la gu\u00e9rison et apaise la douleur.<\/li>\n<\/ul>\n","protected":false},"excerpt":{"rendered":"<p>Destin\u00e9 \u00e0 fournir une compression, une chaleur et un soutien l\u00e9gers \u00e0 la cheville. Il est utilis\u00e9 pour soulager la douleur et l\u2019inflammation, g\u00e9n\u00e9ralement associ\u00e9es \u00e0 la vieillesse, \u00e0 l\u2019arthrite ou aux blessures. Tiss\u00e9 en 3 dimensions, il est conforme \u00e0 l\u2019anatomie complexe du bracelet de cheville.<\/p>\n","protected":false},"featured_media":26630,"comment_status":"open","ping_status":"closed","template":"","meta":[],"product_cat":[20],"product_tag":[],"class_list":{"0":"post-19616","1":"product","2":"type-product","3":"status-publish","4":"has-post-thumbnail","6":"product_cat-accessories","8":"first","9":"instock","10":"shipping-taxable","11":"purchasable","12":"product-type-simple"},"jetpack_sharing_enabled":true,"_links":{"self":[{"href":"https:\/\/para-pharmacity.tn\/index.php?rest_route=\/wp\/v2\/product\/19616","targetHints":{"allow":["GET"]}}],"collection":[{"href":"https:\/\/para-pharmacity.tn\/index.php?rest_route=\/wp\/v2\/product"}],"about":[{"href":"https:\/\/para-pharmacity.tn\/index.php?rest_route=\/wp\/v2\/types\/product"}],"replies":[{"embeddable":true,"href":"https:\/\/para-pharmacity.tn\/index.php?rest_route=%2Fwp%2Fv2%2Fcomments&post=19616"}],"version-history":[{"count":2,"href":"https:\/\/para-pharmacity.tn\/index.php?rest_route=\/wp\/v2\/product\/19616\/revisions"}],"predecessor-version":[{"id":26631,"href":"https:\/\/para-pharmacity.tn\/index.php?rest_route=\/wp\/v2\/product\/19616\/revisions\/26631"}],"wp:featuredmedia":[{"embeddable":true,"href":"https:\/\/para-pharmacity.tn\/index.php?rest_route=\/wp\/v2\/media\/26630"}],"wp:attachment":[{"href":"https:\/\/para-pharmacity.tn\/index.php?rest_route=%2Fwp%2Fv2%2Fmedia&parent=19616"}],"wp:term":[{"taxonomy":"product_cat","embeddable":true,"href":"https:\/\/para-pharmacity.tn\/index.php?rest_route=%2Fwp%2Fv2%2Fproduct_cat&post=19616"},{"taxonomy":"product_tag","embeddable":true,"href":"https:\/\/para-pharmacity.tn\/index.php?rest_route=%2Fwp%2Fv2%2Fproduct_tag&post=19616"}],"curies":[{"name":"wp","href":"https:\/\/api.w.org\/{rel}","templated":true}]}}