{"id":19599,"date":"2024-07-11T10:08:27","date_gmt":"2024-07-11T10:08:27","guid":{"rendered":"https:\/\/para-pharmacity.tn\/?product=tynor-chaise-toilette"},"modified":"2025-06-11T16:34:24","modified_gmt":"2025-06-11T16:34:24","slug":"tynor-chaise-toilette","status":"publish","type":"product","link":"https:\/\/para-pharmacity.tn\/?product=tynor-chaise-toilette","title":{"rendered":"TYNOR CHAISE TOILETTE"},"content":{"rendered":"<p>La chaise de toilette Tynor\u00a0est con\u00e7ue comme une chaise d\u2019aisance pliable avec r\u00e9glage en hauteur. Il se plie \u00e0 plat, ce qui facilite le stockage et le transport. De plus, les composants en polym\u00e8re moul\u00e9 sont durables, esth\u00e9tiques, hygi\u00e9niques et faciles \u00e0 entretenir.<br \/>\nUtilisations:<br \/>\nIl est utile pour les personnes qui ont besoin d\u2019aide pour aller aux toilettes en raison d\u2019une maladie, d\u2019une blessure ou d\u2019un handicap.<\/p>\n<p>La chaise de toilette Tynor\u00a0est con\u00e7ue comme une chaise d\u2019aisance pliable avec r\u00e9glage en hauteur. Il se plie \u00e0 plat, ce qui facilite le stockage et le transport. De plus, les composants en polym\u00e8re moul\u00e9 sont durables, esth\u00e9tiques, hygi\u00e9niques et faciles \u00e0 entretenir.<br \/>\nUtilisations:<br \/>\nIl est utile pour les personnes qui ont besoin d\u2019aide pour aller aux toilettes en raison d\u2019une maladie, d\u2019une blessure ou d\u2019un handicap.<\/p>\n","protected":false},"excerpt":{"rendered":"<p>La chaise de toilette Tynor est con\u00e7ue comme une chaise d\u2019aisance pliable avec r\u00e9glage en hauteur. Il se plie \u00e0 plat, ce qui facilite le stockage et le transport.<\/p>\n","protected":false},"featured_media":26646,"comment_status":"open","ping_status":"closed","template":"","meta":[],"product_cat":[20],"product_tag":[],"class_list":{"0":"post-19599","1":"product","2":"type-product","3":"status-publish","4":"has-post-thumbnail","6":"product_cat-accessories","8":"first","9":"instock","10":"shipping-taxable","11":"purchasable","12":"product-type-simple"},"jetpack_sharing_enabled":true,"_links":{"self":[{"href":"https:\/\/para-pharmacity.tn\/index.php?rest_route=\/wp\/v2\/product\/19599","targetHints":{"allow":["GET"]}}],"collection":[{"href":"https:\/\/para-pharmacity.tn\/index.php?rest_route=\/wp\/v2\/product"}],"about":[{"href":"https:\/\/para-pharmacity.tn\/index.php?rest_route=\/wp\/v2\/types\/product"}],"replies":[{"embeddable":true,"href":"https:\/\/para-pharmacity.tn\/index.php?rest_route=%2Fwp%2Fv2%2Fcomments&post=19599"}],"version-history":[{"count":2,"href":"https:\/\/para-pharmacity.tn\/index.php?rest_route=\/wp\/v2\/product\/19599\/revisions"}],"predecessor-version":[{"id":26647,"href":"https:\/\/para-pharmacity.tn\/index.php?rest_route=\/wp\/v2\/product\/19599\/revisions\/26647"}],"wp:featuredmedia":[{"embeddable":true,"href":"https:\/\/para-pharmacity.tn\/index.php?rest_route=\/wp\/v2\/media\/26646"}],"wp:attachment":[{"href":"https:\/\/para-pharmacity.tn\/index.php?rest_route=%2Fwp%2Fv2%2Fmedia&parent=19599"}],"wp:term":[{"taxonomy":"product_cat","embeddable":true,"href":"https:\/\/para-pharmacity.tn\/index.php?rest_route=%2Fwp%2Fv2%2Fproduct_cat&post=19599"},{"taxonomy":"product_tag","embeddable":true,"href":"https:\/\/para-pharmacity.tn\/index.php?rest_route=%2Fwp%2Fv2%2Fproduct_tag&post=19599"}],"curies":[{"name":"wp","href":"https:\/\/api.w.org\/{rel}","templated":true}]}}