{"id":19568,"date":"2024-07-11T10:08:14","date_gmt":"2024-07-11T10:08:14","guid":{"rendered":"https:\/\/para-pharmacity.tn\/?product=tynor-canne-en-t-dore-ou-argente"},"modified":"2025-06-12T12:58:35","modified_gmt":"2025-06-12T12:58:35","slug":"tynor-canne-en-t-dore-ou-argente","status":"publish","type":"product","link":"https:\/\/para-pharmacity.tn\/?product=tynor-canne-en-t-dore-ou-argente","title":{"rendered":"TYNOR CANNE EN T DORE OU ARGENTE"},"content":{"rendered":"<p>La Cane en T silver est une aide \u00e0 la marche \u00e0 usage g\u00e9n\u00e9ral, qui peut \u00eatre utilis\u00e9 par les patients g\u00e9riatriques et faibles, ou peut \u00eatre utilis\u00e9 comme aide \u00e0 la r\u00e9\u00e9ducation postop\u00e9ratoire. La fonction de r\u00e9glage de la hauteur garantit une bonne portance, un confort et une posture correcte. Disponible en couleur argent, noir .<\/p>\n<p>Prise en main confortable<\/p>\n<p>Solide et durable<\/p>\n<p>Esth\u00e9tiquement plaisant<\/p>\n<p>R\u00e9glage facile de la hauteur<\/p>\n<p>Gousses antid\u00e9rapantes<\/p>\n<p>Il est construit \u00e0 partir de tubes en alliage d\u2019aluminium \u00e0 haute r\u00e9sistance, qui sont l\u00e9gers, solides et durables et ont une bonne capacit\u00e9 portante. Anodis\u00e9 pour une finition durable et sup\u00e9rieure et une esth\u00e9tique parfaite.<\/p>\n<p>Le module TPE haute performance offre une excellente traction, une r\u00e9sistance \u00e9lev\u00e9e \u00e0 l\u2019usure et une haute r\u00e9silience.<\/p>\n<p>La poign\u00e9e ABS est de forme anatomique avec une prise en main confortable, agr\u00e9able au toucher et au toucher.<\/p>\n<p>L\u2019excellente finition du b\u00e2ton garantit un bon fonctionnement, une personnalisation facile de la taille et une bonne esth\u00e9tique.<\/p>\n<p>Hauteur r\u00e9glable max \/ min: 780\/742 \u00b1 5 mm<\/p>\n<p>Capacit\u00e9 portante: 110 Kg<\/p>\n","protected":false},"excerpt":{"rendered":"<p>La Cane en T silver est une aide \u00e0 la marche \u00e0 usage g\u00e9n\u00e9ral, qui peut \u00eatre utilis\u00e9 par les patients g\u00e9riatriques et faibles.<\/p>\n","protected":false},"featured_media":26669,"comment_status":"open","ping_status":"closed","template":"","meta":[],"product_cat":[20],"product_tag":[],"class_list":{"0":"post-19568","1":"product","2":"type-product","3":"status-publish","4":"has-post-thumbnail","6":"product_cat-accessories","8":"first","9":"instock","10":"shipping-taxable","11":"purchasable","12":"product-type-simple"},"jetpack_sharing_enabled":true,"_links":{"self":[{"href":"https:\/\/para-pharmacity.tn\/index.php?rest_route=\/wp\/v2\/product\/19568","targetHints":{"allow":["GET"]}}],"collection":[{"href":"https:\/\/para-pharmacity.tn\/index.php?rest_route=\/wp\/v2\/product"}],"about":[{"href":"https:\/\/para-pharmacity.tn\/index.php?rest_route=\/wp\/v2\/types\/product"}],"replies":[{"embeddable":true,"href":"https:\/\/para-pharmacity.tn\/index.php?rest_route=%2Fwp%2Fv2%2Fcomments&post=19568"}],"version-history":[{"count":2,"href":"https:\/\/para-pharmacity.tn\/index.php?rest_route=\/wp\/v2\/product\/19568\/revisions"}],"predecessor-version":[{"id":26670,"href":"https:\/\/para-pharmacity.tn\/index.php?rest_route=\/wp\/v2\/product\/19568\/revisions\/26670"}],"wp:featuredmedia":[{"embeddable":true,"href":"https:\/\/para-pharmacity.tn\/index.php?rest_route=\/wp\/v2\/media\/26669"}],"wp:attachment":[{"href":"https:\/\/para-pharmacity.tn\/index.php?rest_route=%2Fwp%2Fv2%2Fmedia&parent=19568"}],"wp:term":[{"taxonomy":"product_cat","embeddable":true,"href":"https:\/\/para-pharmacity.tn\/index.php?rest_route=%2Fwp%2Fv2%2Fproduct_cat&post=19568"},{"taxonomy":"product_tag","embeddable":true,"href":"https:\/\/para-pharmacity.tn\/index.php?rest_route=%2Fwp%2Fv2%2Fproduct_tag&post=19568"}],"curies":[{"name":"wp","href":"https:\/\/api.w.org\/{rel}","templated":true}]}}