{"id":19496,"date":"2024-07-11T10:07:40","date_gmt":"2024-07-11T10:07:40","guid":{"rendered":"https:\/\/para-pharmacity.tn\/?product=triplex-maux-de-g-cp-cassis"},"modified":"2025-06-12T15:26:27","modified_gmt":"2025-06-12T15:26:27","slug":"triplex-maux-de-g-cp-cassis","status":"publish","type":"product","link":"https:\/\/para-pharmacity.tn\/?product=triplex-maux-de-g-cp-cassis","title":{"rendered":"TRIPLEX MAUX DE G CP CASSIS"},"content":{"rendered":"<p>Triplex maux de gorge \u00ab comprim\u00e9s \u00e0 sucer \u00bb est un produit pharmaceutique 100% naturel sous forme de comprim\u00e9s \u00e0 sucer (Bt16). Avec des ingr\u00e9dients uniquement naturels TRIPLEX MAUX DE GORGE procure des propri\u00e9t\u00e9s apaisantes, adoucissantes et assainissantes.<\/p>\n<h2>Conseils d&rsquo;utilisation :<\/h2>\n<p>Un comprim\u00e9 \u00e0 sucer 6 \u00e0 8 fois par jour le premier jour puis 3 \u00e0 4 comprim\u00e9s \u00e0 sucer par jour jusqu\u2019\u00e0 soulagement des sympt\u00f4mes, dur\u00e9e d\u2019utilisation 3 \u00e0 5 jours.<\/p>\n<p>Triplex maux de gorge \u00ab comprim\u00e9s \u00e0 sucer \u00bb comprim\u00e9s \u00e0 sucer convient pour l\u2019adulte et l\u2019enfant \u00e0 partir de 6 ans.<\/p>\n","protected":false},"excerpt":{"rendered":"<div id=\"product-description-short-7249\" class=\"product-description\">\n<p>Triplex maux de Gorge: 16 comprim\u00e9s \u00e0 sucer pour r\u00e9duire les maux de gorge.<\/p>\n<\/div>\n","protected":false},"featured_media":26705,"comment_status":"open","ping_status":"closed","template":"","meta":[],"product_cat":[20],"product_tag":[],"class_list":{"0":"post-19496","1":"product","2":"type-product","3":"status-publish","4":"has-post-thumbnail","6":"product_cat-accessories","8":"first","9":"instock","10":"shipping-taxable","11":"purchasable","12":"product-type-simple"},"jetpack_sharing_enabled":true,"_links":{"self":[{"href":"https:\/\/para-pharmacity.tn\/index.php?rest_route=\/wp\/v2\/product\/19496","targetHints":{"allow":["GET"]}}],"collection":[{"href":"https:\/\/para-pharmacity.tn\/index.php?rest_route=\/wp\/v2\/product"}],"about":[{"href":"https:\/\/para-pharmacity.tn\/index.php?rest_route=\/wp\/v2\/types\/product"}],"replies":[{"embeddable":true,"href":"https:\/\/para-pharmacity.tn\/index.php?rest_route=%2Fwp%2Fv2%2Fcomments&post=19496"}],"version-history":[{"count":2,"href":"https:\/\/para-pharmacity.tn\/index.php?rest_route=\/wp\/v2\/product\/19496\/revisions"}],"predecessor-version":[{"id":26706,"href":"https:\/\/para-pharmacity.tn\/index.php?rest_route=\/wp\/v2\/product\/19496\/revisions\/26706"}],"wp:featuredmedia":[{"embeddable":true,"href":"https:\/\/para-pharmacity.tn\/index.php?rest_route=\/wp\/v2\/media\/26705"}],"wp:attachment":[{"href":"https:\/\/para-pharmacity.tn\/index.php?rest_route=%2Fwp%2Fv2%2Fmedia&parent=19496"}],"wp:term":[{"taxonomy":"product_cat","embeddable":true,"href":"https:\/\/para-pharmacity.tn\/index.php?rest_route=%2Fwp%2Fv2%2Fproduct_cat&post=19496"},{"taxonomy":"product_tag","embeddable":true,"href":"https:\/\/para-pharmacity.tn\/index.php?rest_route=%2Fwp%2Fv2%2Fproduct_tag&post=19496"}],"curies":[{"name":"wp","href":"https:\/\/api.w.org\/{rel}","templated":true}]}}