{"id":19489,"date":"2024-07-11T10:07:38","date_gmt":"2024-07-11T10:07:38","guid":{"rendered":"https:\/\/para-pharmacity.tn\/?product=trib-mag-30-gelules"},"modified":"2025-06-12T15:36:57","modified_gmt":"2025-06-12T15:36:57","slug":"trib-mag-30-gelules","status":"publish","type":"product","link":"https:\/\/para-pharmacity.tn\/?product=trib-mag-30-gelules","title":{"rendered":"TRIB MAG 30 GELULES"},"content":{"rendered":"<p>TRIB-MAG vous permet de retrouver calme, s\u00e9r\u00e9nit\u00e9 et une pleine forme quotidienne. Il joue un r\u00f4le essentiel dans la transmission nerveuse (nervosit\u00e9, irritabilit\u00e9, troubles mineurs du sommeil). Le magn\u00e9sium marin aide \u00e0 combattre les crampes musculaires, les spasmes, les fourmillements, la fatigue et le stress.<\/p>\n<p>\u2013 Aider \u00e0 r\u00e9duire la fatigue.<\/p>\n<p>\u2013 Contribuer au fonctionnement normal du syst\u00e8me nerveux.<\/p>\n<p><strong>Composition :<\/strong><\/p>\n<p>Magn\u00e9sium Marin 325 mg, vitamines B1 4,2 mg, B6 6 mg, B12 12,5 \u00b5g<\/p>\n<p><strong>Posologie :<\/strong><\/p>\n<p>1 comprim\u00e9 par jour, \u00e0 avaler avec un grand verre d\u2019eau.<\/p>\n<p>Un programme de 2 mois est recommand\u00e9.<\/p>\n","protected":false},"excerpt":{"rendered":"<p>TRIB-MAG vous permet de retrouver calme, s\u00e9r\u00e9nit\u00e9 et une pleine forme quotidienne.<\/p>\n","protected":false},"featured_media":26711,"comment_status":"open","ping_status":"closed","template":"","meta":[],"product_cat":[286],"product_tag":[],"class_list":{"0":"post-19489","1":"product","2":"type-product","3":"status-publish","4":"has-post-thumbnail","6":"product_cat-complement-alimentaire","8":"first","9":"instock","10":"shipping-taxable","11":"purchasable","12":"product-type-simple"},"jetpack_sharing_enabled":true,"_links":{"self":[{"href":"https:\/\/para-pharmacity.tn\/index.php?rest_route=\/wp\/v2\/product\/19489","targetHints":{"allow":["GET"]}}],"collection":[{"href":"https:\/\/para-pharmacity.tn\/index.php?rest_route=\/wp\/v2\/product"}],"about":[{"href":"https:\/\/para-pharmacity.tn\/index.php?rest_route=\/wp\/v2\/types\/product"}],"replies":[{"embeddable":true,"href":"https:\/\/para-pharmacity.tn\/index.php?rest_route=%2Fwp%2Fv2%2Fcomments&post=19489"}],"version-history":[{"count":2,"href":"https:\/\/para-pharmacity.tn\/index.php?rest_route=\/wp\/v2\/product\/19489\/revisions"}],"predecessor-version":[{"id":26712,"href":"https:\/\/para-pharmacity.tn\/index.php?rest_route=\/wp\/v2\/product\/19489\/revisions\/26712"}],"wp:featuredmedia":[{"embeddable":true,"href":"https:\/\/para-pharmacity.tn\/index.php?rest_route=\/wp\/v2\/media\/26711"}],"wp:attachment":[{"href":"https:\/\/para-pharmacity.tn\/index.php?rest_route=%2Fwp%2Fv2%2Fmedia&parent=19489"}],"wp:term":[{"taxonomy":"product_cat","embeddable":true,"href":"https:\/\/para-pharmacity.tn\/index.php?rest_route=%2Fwp%2Fv2%2Fproduct_cat&post=19489"},{"taxonomy":"product_tag","embeddable":true,"href":"https:\/\/para-pharmacity.tn\/index.php?rest_route=%2Fwp%2Fv2%2Fproduct_tag&post=19489"}],"curies":[{"name":"wp","href":"https:\/\/api.w.org\/{rel}","templated":true}]}}