{"id":19410,"date":"2024-07-11T10:07:03","date_gmt":"2024-07-11T10:07:03","guid":{"rendered":"https:\/\/para-pharmacity.tn\/?product=therapia-multi-vit"},"modified":"2025-06-13T10:28:21","modified_gmt":"2025-06-13T10:28:21","slug":"therapia-multi-vit","status":"publish","type":"product","link":"https:\/\/para-pharmacity.tn\/?product=therapia-multi-vit","title":{"rendered":"THERAPIA MULTI-VIT"},"content":{"rendered":"<h1 dir=\"auto\">Therapia multi-vit 60 gelules<\/h1>\n<div dir=\"auto\">Apporte tous les besoins quotidiens de l\u2019organisme en vitamines et min\u00e9raux.<\/div>\n<div dir=\"auto\">Agit efficacement contre les \u00e9tats de fatigue physique ou intellectuelle, tel que le surmenage.<\/div>\n<div dir=\"auto\">Aide \u00e0 retrouver tonus et vitalit\u00e9.<\/div>\n<h3 dir=\"auto\">Conseils d\u2019utilisation :<\/h3>\n<div dir=\"auto\">2 g\u00e9lules \u00a0par jour de pr\u00e9f\u00e9rence le matin au cours du repas.<\/div>\n<div dir=\"auto\">Cure de 1 \u00e0 3 mois est conseill\u00e9e, \u00e0 renouveler dans l\u2019ann\u00e9e si besoins.<\/div>\n<div dir=\"auto\">Boite de 60 g\u00e9lules<\/div>\n<h4 dir=\"auto\">Composition pour 1 g\u00e9lule<\/h4>\n<div dir=\"auto\">vit A, vit B1, vit B2, vit B3, vit B5, vit B6, folate B9, vit B12, vit C, vit D3, vit E, biotine, vit K2, zinc, calcium, magn\u00e9sium, phosphore, sodium, potassium, fer, cuivre, chrome, manganese, iodine, s\u00e9l\u00e9nium, molybdenum, chloride, extrait de ginseng.<\/div>\n<h4 dir=\"auto\">Pr\u00e9cautions d\u2019emploi :<\/h4>\n<div dir=\"auto\">\u2013 Ne pas d\u00e9passer la dose journali\u00e8re recommand\u00e9e.<\/div>\n<div dir=\"auto\">\u2013 Si vous \u00eates enceinte, si vous allaitez, si vous prenez des m\u00e9dicaments, consultez votre m\u00e9decin.<\/div>\n<div dir=\"auto\">\u2013 Tenir hors de la port\u00e9e des jeunes enfants.<\/div>\n<div dir=\"auto\">\u2013 Un compl\u00e9ment alimentaire ne remplace en aucun cas une alimentation vari\u00e9e et \u00e9quilibr\u00e9e ainsi qu\u2019un style de vie sain.<\/div>\n","protected":false},"excerpt":{"rendered":"<p>Le compl\u00e9ment en g\u00e9lules Multi-Vit de Th\u00e9rapia apporte tous les besoins quotidiens de l\u2019organisme en vitamines et min\u00e9raux, l\u2019aidant ainsi \u00e0 retrouver tonus et vitalit\u00e9.<\/p>\n","protected":false},"featured_media":26763,"comment_status":"open","ping_status":"closed","template":"","meta":[],"product_cat":[204,217],"product_tag":[],"class_list":{"0":"post-19410","1":"product","2":"type-product","3":"status-publish","4":"has-post-thumbnail","6":"product_cat-complement","7":"product_cat-vitamines","9":"first","10":"instock","11":"shipping-taxable","12":"purchasable","13":"product-type-simple"},"jetpack_sharing_enabled":true,"_links":{"self":[{"href":"https:\/\/para-pharmacity.tn\/index.php?rest_route=\/wp\/v2\/product\/19410","targetHints":{"allow":["GET"]}}],"collection":[{"href":"https:\/\/para-pharmacity.tn\/index.php?rest_route=\/wp\/v2\/product"}],"about":[{"href":"https:\/\/para-pharmacity.tn\/index.php?rest_route=\/wp\/v2\/types\/product"}],"replies":[{"embeddable":true,"href":"https:\/\/para-pharmacity.tn\/index.php?rest_route=%2Fwp%2Fv2%2Fcomments&post=19410"}],"version-history":[{"count":2,"href":"https:\/\/para-pharmacity.tn\/index.php?rest_route=\/wp\/v2\/product\/19410\/revisions"}],"predecessor-version":[{"id":26765,"href":"https:\/\/para-pharmacity.tn\/index.php?rest_route=\/wp\/v2\/product\/19410\/revisions\/26765"}],"wp:featuredmedia":[{"embeddable":true,"href":"https:\/\/para-pharmacity.tn\/index.php?rest_route=\/wp\/v2\/media\/26763"}],"wp:attachment":[{"href":"https:\/\/para-pharmacity.tn\/index.php?rest_route=%2Fwp%2Fv2%2Fmedia&parent=19410"}],"wp:term":[{"taxonomy":"product_cat","embeddable":true,"href":"https:\/\/para-pharmacity.tn\/index.php?rest_route=%2Fwp%2Fv2%2Fproduct_cat&post=19410"},{"taxonomy":"product_tag","embeddable":true,"href":"https:\/\/para-pharmacity.tn\/index.php?rest_route=%2Fwp%2Fv2%2Fproduct_tag&post=19410"}],"curies":[{"name":"wp","href":"https:\/\/api.w.org\/{rel}","templated":true}]}}