{"id":19403,"date":"2024-07-11T10:07:00","date_gmt":"2024-07-11T10:07:00","guid":{"rendered":"https:\/\/para-pharmacity.tn\/?product=therapia-acerozinc"},"modified":"2025-06-16T11:08:09","modified_gmt":"2025-06-16T11:08:09","slug":"therapia-acerozinc","status":"publish","type":"product","link":"https:\/\/para-pharmacity.tn\/?product=therapia-acerozinc","title":{"rendered":"THERAPIA ACEROZINC"},"content":{"rendered":"<p><strong>Therapia Acero-Zinc 30mg BT30 G\u00e9lule<\/strong><\/p>\n<p><strong>Description du produit :<\/strong><\/p>\n<p>Therapia Acero-Zinc est un compl\u00e9ment alimentaire sous forme de g\u00e9lules, con\u00e7u pour soutenir le bien-\u00eatre g\u00e9n\u00e9ral gr\u00e2ce aux propri\u00e9t\u00e9s synergiques du zinc et du fer. Chaque g\u00e9lule contient 30 mg de zinc et est enrichie en fer (acero) pour optimiser l&rsquo;absorption et l&rsquo;efficacit\u00e9. Ce produit est particuli\u00e8rement recommand\u00e9 pour les personnes ayant des besoins accrus en ces min\u00e9raux essentiels, tels que les sportifs, les femmes enceintes ou allaitantes, ou encore ceux ayant une alimentation pauvre en ces nutriments.<\/p>\n<p><strong>Propri\u00e9t\u00e9s :<\/strong><\/p>\n<ul>\n<li><strong>Zinc :<\/strong>\u00a0Le zinc est un oligo-\u00e9l\u00e9ment essentiel \u00e0 de nombreuses fonctions biologiques, y compris le soutien du syst\u00e8me immunitaire, la r\u00e9paration des tissus, et la sant\u00e9 de la peau. Il est \u00e9galement vital pour le bon fonctionnement des enzymes et la synth\u00e8se des prot\u00e9ines.<\/li>\n<li><strong>Fer (Acero) :<\/strong>\u00a0Le fer est un min\u00e9ral cl\u00e9 pour la production de globules rouges et la pr\u00e9vention de l&rsquo;an\u00e9mie. Il joue un r\u00f4le crucial dans le transport de l&rsquo;oxyg\u00e8ne \u00e0 travers le corps, ce qui est essentiel pour maintenir un niveau d&rsquo;\u00e9nergie optimal.<\/li>\n<\/ul>\n<p><strong>Caract\u00e9ristiques :<\/strong><\/p>\n<ul>\n<li>Forme : G\u00e9lules faciles \u00e0 ing\u00e9rer<\/li>\n<li>Dosage : 30 mg de Zinc par g\u00e9lule<\/li>\n<li>Quantit\u00e9 : Bo\u00eete de 30 g\u00e9lules<\/li>\n<li>Sans colorants artificiels, sans conservateurs<\/li>\n<\/ul>\n<p><strong>Indications :<\/strong><\/p>\n<ul>\n<li>Compl\u00e9ment alimentaire pour maintenir les niveaux normaux de zinc et de fer dans l\u2019organisme.<\/li>\n<li>Id\u00e9al pour les personnes sujettes \u00e0 des carences en zinc ou fer.<\/li>\n<li>Soutien pour les fonctions immunitaires et la production d\u2019\u00e9nergie.<\/li>\n<\/ul>\n<p><strong>Mode d&#8217;emploi :<\/strong>\u00a0Prendre une g\u00e9lule par jour, de pr\u00e9f\u00e9rence au cours d&rsquo;un repas, ou selon les recommandations de votre professionnel de sant\u00e9.<\/p>\n<p><strong>Pr\u00e9cautions d&#8217;emploi :<\/strong><\/p>\n<ul>\n<li>Ne pas d\u00e9passer la dose recommand\u00e9e.<\/li>\n<li>Tenir hors de port\u00e9e des enfants.<\/li>\n<li>Conserver dans un endroit frais et sec.<\/li>\n<\/ul>\n","protected":false},"excerpt":{"rendered":"<div id=\"product-description-short-5441\" class=\"product-description-short\">\n<p>AceroZINC de Th\u00e9rapia contribue au fonctionnement normal du syst\u00e8me immunitaire<\/p>\n<\/div>\n","protected":false},"featured_media":26803,"comment_status":"open","ping_status":"closed","template":"","meta":[],"product_cat":[204,217],"product_tag":[],"class_list":{"0":"post-19403","1":"product","2":"type-product","3":"status-publish","4":"has-post-thumbnail","6":"product_cat-complement","7":"product_cat-vitamines","9":"first","10":"instock","11":"shipping-taxable","12":"purchasable","13":"product-type-simple"},"jetpack_sharing_enabled":true,"_links":{"self":[{"href":"https:\/\/para-pharmacity.tn\/index.php?rest_route=\/wp\/v2\/product\/19403","targetHints":{"allow":["GET"]}}],"collection":[{"href":"https:\/\/para-pharmacity.tn\/index.php?rest_route=\/wp\/v2\/product"}],"about":[{"href":"https:\/\/para-pharmacity.tn\/index.php?rest_route=\/wp\/v2\/types\/product"}],"replies":[{"embeddable":true,"href":"https:\/\/para-pharmacity.tn\/index.php?rest_route=%2Fwp%2Fv2%2Fcomments&post=19403"}],"version-history":[{"count":2,"href":"https:\/\/para-pharmacity.tn\/index.php?rest_route=\/wp\/v2\/product\/19403\/revisions"}],"predecessor-version":[{"id":26804,"href":"https:\/\/para-pharmacity.tn\/index.php?rest_route=\/wp\/v2\/product\/19403\/revisions\/26804"}],"wp:featuredmedia":[{"embeddable":true,"href":"https:\/\/para-pharmacity.tn\/index.php?rest_route=\/wp\/v2\/media\/26803"}],"wp:attachment":[{"href":"https:\/\/para-pharmacity.tn\/index.php?rest_route=%2Fwp%2Fv2%2Fmedia&parent=19403"}],"wp:term":[{"taxonomy":"product_cat","embeddable":true,"href":"https:\/\/para-pharmacity.tn\/index.php?rest_route=%2Fwp%2Fv2%2Fproduct_cat&post=19403"},{"taxonomy":"product_tag","embeddable":true,"href":"https:\/\/para-pharmacity.tn\/index.php?rest_route=%2Fwp%2Fv2%2Fproduct_tag&post=19403"}],"curies":[{"name":"wp","href":"https:\/\/api.w.org\/{rel}","templated":true}]}}