{"id":19378,"date":"2024-07-11T10:06:50","date_gmt":"2024-07-11T10:06:50","guid":{"rendered":"https:\/\/para-pharmacity.tn\/?product=tartrex-spray-buccal-20ml"},"modified":"2025-06-16T12:35:55","modified_gmt":"2025-06-16T12:35:55","slug":"tartrex-spray-buccal-20ml","status":"publish","type":"product","link":"https:\/\/para-pharmacity.tn\/?product=tartrex-spray-buccal-20ml","title":{"rendered":"TARTREX SPRAY BUCCAL 20ML"},"content":{"rendered":"<p><b>TARTREX Fresh Spray\u00a0<\/b>aux\u00a0<b>Huiles Essentielles<\/b>\u00a0est un<b>\u00a0spray buccal<\/b>\u00a0rafra\u00eechissant qui aide \u00e0 purifier l&rsquo;haleine instantan\u00e9ment gr\u00e2ce \u00e0 une formule naturelle \u00e0 base<b>\u00a0d\u2019huiles essentielles de romarin, menthe et cypr\u00e8s<\/b>.<\/p>\n<p>Ces actifs aux propri\u00e9t\u00e9s antibact\u00e9riennes et assainissantes neutralisent les mauvaises odeurs et procurent une sensation de fra\u00eecheur imm\u00e9diate.<\/p>\n<p>Son format pratique permet de l\u2019emporter partout pour une haleine fra\u00eeche \u00e0 tout moment.<\/p>\n<p><strong>Bienfaits:<\/strong><\/p>\n<ul>\n<li>Neutralise les mauvaises odeurs et rafra\u00eechit l\u2019haleine<\/li>\n<li>Enrichi en huiles essentielles naturelles (romarin, menthe, cypr\u00e8s)<\/li>\n<li>Propri\u00e9t\u00e9s antibact\u00e9riennes et purifiantes<\/li>\n<li>Format nomade pour une utilisation facile et rapide<\/li>\n<\/ul>\n<p><strong>Conseils d&rsquo;utilisation:<\/strong><\/p>\n<ol>\n<li>Pulv\u00e9riser 1 \u00e0 2 fois dans la bouche selon les besoins.<\/li>\n<li>Peut \u00eatre utilis\u00e9 apr\u00e8s les repas ou avant un rendez-vous pour une haleine fra\u00eeche imm\u00e9diate.<\/li>\n<\/ol>\n","protected":false},"excerpt":{"rendered":"<p>Assainit durablement l\u2019haleine. Lutte contre les mauvaises odeurs. Action antiseptique contre les bact\u00e9ries responsables des mauvaises odeurs de la bouche.<\/p>\n","protected":false},"featured_media":26819,"comment_status":"open","ping_status":"closed","template":"","meta":[],"product_cat":[421],"product_tag":[],"class_list":{"0":"post-19378","1":"product","2":"type-product","3":"status-publish","4":"has-post-thumbnail","6":"product_cat-hygiene-buccodentaire","8":"first","9":"instock","10":"shipping-taxable","11":"purchasable","12":"product-type-simple"},"jetpack_sharing_enabled":true,"_links":{"self":[{"href":"https:\/\/para-pharmacity.tn\/index.php?rest_route=\/wp\/v2\/product\/19378","targetHints":{"allow":["GET"]}}],"collection":[{"href":"https:\/\/para-pharmacity.tn\/index.php?rest_route=\/wp\/v2\/product"}],"about":[{"href":"https:\/\/para-pharmacity.tn\/index.php?rest_route=\/wp\/v2\/types\/product"}],"replies":[{"embeddable":true,"href":"https:\/\/para-pharmacity.tn\/index.php?rest_route=%2Fwp%2Fv2%2Fcomments&post=19378"}],"version-history":[{"count":3,"href":"https:\/\/para-pharmacity.tn\/index.php?rest_route=\/wp\/v2\/product\/19378\/revisions"}],"predecessor-version":[{"id":26821,"href":"https:\/\/para-pharmacity.tn\/index.php?rest_route=\/wp\/v2\/product\/19378\/revisions\/26821"}],"wp:featuredmedia":[{"embeddable":true,"href":"https:\/\/para-pharmacity.tn\/index.php?rest_route=\/wp\/v2\/media\/26819"}],"wp:attachment":[{"href":"https:\/\/para-pharmacity.tn\/index.php?rest_route=%2Fwp%2Fv2%2Fmedia&parent=19378"}],"wp:term":[{"taxonomy":"product_cat","embeddable":true,"href":"https:\/\/para-pharmacity.tn\/index.php?rest_route=%2Fwp%2Fv2%2Fproduct_cat&post=19378"},{"taxonomy":"product_tag","embeddable":true,"href":"https:\/\/para-pharmacity.tn\/index.php?rest_route=%2Fwp%2Fv2%2Fproduct_tag&post=19378"}],"curies":[{"name":"wp","href":"https:\/\/api.w.org\/{rel}","templated":true}]}}