{"id":19377,"date":"2024-07-11T10:06:49","date_gmt":"2024-07-11T10:06:49","guid":{"rendered":"https:\/\/para-pharmacity.tn\/?product=tartrex-dentifrice-sensibilte"},"modified":"2025-06-16T13:03:16","modified_gmt":"2025-06-16T13:03:16","slug":"tartrex-dentifrice-sensibilte","status":"publish","type":"product","link":"https:\/\/para-pharmacity.tn\/?product=tartrex-dentifrice-sensibilte","title":{"rendered":"TARTREX DENTIFRICE SENSIBILTE"},"content":{"rendered":"<p>TARTREX Dentifrice Dents et Gencives Sensibles assure un nettoyage plus doux pour d\u00e9barrasser votre bouche des bact\u00e9ries.<\/p>\n<p>Riche en huiles essentielles de menthe, d\u2019aneth et \u00e0 l\u2019extrait d\u2019alo\u00e9 vera, il apaise les sensibilit\u00e9s, assure un brossage doux et rafra\u00eechit l\u2019haleine.<\/p>\n<p>Sa teneur en fluor et sels min\u00e9raux forme un film protecteur qui aidera \u00e0 pr\u00e9venir les caries.<\/p>\n<p><strong>Conseils d&rsquo;utilisation :\u00a0<\/strong><\/p>\n<p>Il est conseill\u00e9 de :<\/p>\n<p>Pour les adultes : brosser les dents 3 fois par jour.<\/p>\n<p>Pour les enfants de moins de 6 ans : utiliser une noisette de dentifrice sous le contr\u00f4le d\u2019un adulte.<\/p>\n<p>Bien se rincer la bouche apr\u00e8s chaque brossage.<\/p>\n<p>Usage au quotidien<\/p>\n<p>Ne pas avaler<\/p>\n<p>Utiliser TARTREX dentifrice sensibilit\u00e9 aux potassium &amp; fluor &#8211; dents &amp; gencives sensibles avec TARTREX brosse \u00e0 dents ultra-souple et en compl\u00e9ment de TARTREX bain de bouche aux huiles essentielles.<\/p>\n<p>TARTREX dentifrice sensibilit\u00e9 aux potassium &amp; fluor &#8211; dents &amp; gencives sensibles convient \u00e0 l\u2019adulte, \u00e0 la femme enceinte et aux enfants<\/p>\n<p><strong>Composition :<\/strong><\/p>\n<p>Huile essentielle de menthe<\/p>\n<p>Huile essentielle d\u2019aneth<\/p>\n<p>Extrait d\u2019alo\u00e9 vera<\/p>\n<p>Sels min\u00e9raux<\/p>\n<p>Fluor<\/p>\n","protected":false},"excerpt":{"rendered":"<div class=\"row\">\n<div id=\"content-wrapper\" class=\"col-xs-12\">\n<section id=\"main\">\n<div class=\"row\">\n<div class=\"col-xs-12\">\n<div class=\"tabs \">\n<div id=\"tab-content\" class=\"tab-content\">\n<div id=\"description\" class=\"tab-pane in active\" role=\"tabpanel\">\n<div class=\"product-description\">\n<p>TARTREX DENTIFRICE SENSIBILIT\u00c9 AUX POTASSIUM ET FLUOR apaise les sensibilit\u00e9s et assure un brossage doux. Il forme un film protecteur, pr\u00e9vient les caries et rafra\u00eechit l\u2019haleine.<\/p>\n<\/div>\n<\/div>\n<\/div>\n<\/div>\n<\/div>\n<\/div>\n<\/section>\n<\/div>\n<\/div>\n","protected":false},"featured_media":26823,"comment_status":"open","ping_status":"closed","template":"","meta":[],"product_cat":[421],"product_tag":[],"class_list":{"0":"post-19377","1":"product","2":"type-product","3":"status-publish","4":"has-post-thumbnail","6":"product_cat-hygiene-buccodentaire","8":"first","9":"instock","10":"shipping-taxable","11":"purchasable","12":"product-type-simple"},"jetpack_sharing_enabled":true,"_links":{"self":[{"href":"https:\/\/para-pharmacity.tn\/index.php?rest_route=\/wp\/v2\/product\/19377","targetHints":{"allow":["GET"]}}],"collection":[{"href":"https:\/\/para-pharmacity.tn\/index.php?rest_route=\/wp\/v2\/product"}],"about":[{"href":"https:\/\/para-pharmacity.tn\/index.php?rest_route=\/wp\/v2\/types\/product"}],"replies":[{"embeddable":true,"href":"https:\/\/para-pharmacity.tn\/index.php?rest_route=%2Fwp%2Fv2%2Fcomments&post=19377"}],"version-history":[{"count":2,"href":"https:\/\/para-pharmacity.tn\/index.php?rest_route=\/wp\/v2\/product\/19377\/revisions"}],"predecessor-version":[{"id":26824,"href":"https:\/\/para-pharmacity.tn\/index.php?rest_route=\/wp\/v2\/product\/19377\/revisions\/26824"}],"wp:featuredmedia":[{"embeddable":true,"href":"https:\/\/para-pharmacity.tn\/index.php?rest_route=\/wp\/v2\/media\/26823"}],"wp:attachment":[{"href":"https:\/\/para-pharmacity.tn\/index.php?rest_route=%2Fwp%2Fv2%2Fmedia&parent=19377"}],"wp:term":[{"taxonomy":"product_cat","embeddable":true,"href":"https:\/\/para-pharmacity.tn\/index.php?rest_route=%2Fwp%2Fv2%2Fproduct_cat&post=19377"},{"taxonomy":"product_tag","embeddable":true,"href":"https:\/\/para-pharmacity.tn\/index.php?rest_route=%2Fwp%2Fv2%2Fproduct_tag&post=19377"}],"curies":[{"name":"wp","href":"https:\/\/api.w.org\/{rel}","templated":true}]}}