{"id":19372,"date":"2024-07-11T10:06:48","date_gmt":"2024-07-11T10:06:48","guid":{"rendered":"https:\/\/para-pharmacity.tn\/?product=tartrex-bad-kids-2-ans"},"modified":"2025-06-16T13:27:58","modified_gmt":"2025-06-16T13:27:58","slug":"tartrex-bad-kids-2-ans","status":"publish","type":"product","link":"https:\/\/para-pharmacity.tn\/?product=tartrex-bad-kids-2-ans","title":{"rendered":"TARTREX BAD KIDS 2 ANS +"},"content":{"rendered":"<p><b>TARTREX KIDS BROSSE A DENTS ENFANTS 2 ANS+\u00a0<\/b><\/p>\n<p>TARTREX KIDS BROSSE A DENTS ENFANTS\u00a0 est sp\u00e9cialement con\u00e7ue pour les dents et les gencives sensibles. Les micros-filaments nettoient les tissus inflamm\u00e9s, sans les irriter.<\/p>\n","protected":false},"excerpt":{"rendered":"<p>Brosse \u00e0 dents pour les enfants de plus de 2 ans avec une texture de poils souple et pratique avec un joli design.<\/p>\n","protected":false},"featured_media":26835,"comment_status":"open","ping_status":"closed","template":"","meta":[],"product_cat":[421],"product_tag":[],"class_list":{"0":"post-19372","1":"product","2":"type-product","3":"status-publish","4":"has-post-thumbnail","6":"product_cat-hygiene-buccodentaire","8":"first","9":"instock","10":"shipping-taxable","11":"purchasable","12":"product-type-simple"},"jetpack_sharing_enabled":true,"_links":{"self":[{"href":"https:\/\/para-pharmacity.tn\/index.php?rest_route=\/wp\/v2\/product\/19372","targetHints":{"allow":["GET"]}}],"collection":[{"href":"https:\/\/para-pharmacity.tn\/index.php?rest_route=\/wp\/v2\/product"}],"about":[{"href":"https:\/\/para-pharmacity.tn\/index.php?rest_route=\/wp\/v2\/types\/product"}],"replies":[{"embeddable":true,"href":"https:\/\/para-pharmacity.tn\/index.php?rest_route=%2Fwp%2Fv2%2Fcomments&post=19372"}],"version-history":[{"count":2,"href":"https:\/\/para-pharmacity.tn\/index.php?rest_route=\/wp\/v2\/product\/19372\/revisions"}],"predecessor-version":[{"id":26836,"href":"https:\/\/para-pharmacity.tn\/index.php?rest_route=\/wp\/v2\/product\/19372\/revisions\/26836"}],"wp:featuredmedia":[{"embeddable":true,"href":"https:\/\/para-pharmacity.tn\/index.php?rest_route=\/wp\/v2\/media\/26835"}],"wp:attachment":[{"href":"https:\/\/para-pharmacity.tn\/index.php?rest_route=%2Fwp%2Fv2%2Fmedia&parent=19372"}],"wp:term":[{"taxonomy":"product_cat","embeddable":true,"href":"https:\/\/para-pharmacity.tn\/index.php?rest_route=%2Fwp%2Fv2%2Fproduct_cat&post=19372"},{"taxonomy":"product_tag","embeddable":true,"href":"https:\/\/para-pharmacity.tn\/index.php?rest_route=%2Fwp%2Fv2%2Fproduct_tag&post=19372"}],"curies":[{"name":"wp","href":"https:\/\/api.w.org\/{rel}","templated":true}]}}