{"id":19370,"date":"2024-07-11T10:06:47","date_gmt":"2024-07-11T10:06:47","guid":{"rendered":"https:\/\/para-pharmacity.tn\/?product=svr-xerial-peel-masque-pieds"},"modified":"2025-06-16T14:17:41","modified_gmt":"2025-06-16T14:17:41","slug":"svr-xerial-peel-masque-pieds","status":"publish","type":"product","link":"https:\/\/para-pharmacity.tn\/?product=svr-xerial-peel-masque-pieds","title":{"rendered":"SVR XERIAL PEEL MASQUE PIEDS"},"content":{"rendered":"<p>SVR X\u00e9rial PEEL est le 1er* masque chaussettes exfoliant pour un effet peau neuve en une seule application. SVR X\u00e9rial peel est hautement concentr\u00e9 en actifs k\u00e9ratolytiques et \u00e9mollients, il exfolie et hydrate en profondeur, il cible uniquement les zones rugueuses et \u00e9paissies du pied et pr\u00e9serve les zones sensibles. X\u00e9rial PEEL de SVR agit d&rsquo;une fa\u00e7on rapide et radicale pour un effet peau neuve en moins de deux semaines**.<\/p>\n","protected":false},"excerpt":{"rendered":"<p><strong data-start=\"0\" data-end=\"19\" data-is-only-node=\"\">SVR X\u00e9rial PEEL<\/strong> est un masque chaussettes qui exfolie les pieds en profondeur et \u00e9limine les rugosit\u00e9s en une seule application, pour une peau neuve en moins de deux semaines.<\/p>\n","protected":false},"featured_media":26855,"comment_status":"open","ping_status":"closed","template":"","meta":[],"product_cat":[235],"product_tag":[],"class_list":{"0":"post-19370","1":"product","2":"type-product","3":"status-publish","4":"has-post-thumbnail","6":"product_cat-corps","8":"first","9":"instock","10":"shipping-taxable","11":"purchasable","12":"product-type-simple"},"jetpack_sharing_enabled":true,"_links":{"self":[{"href":"https:\/\/para-pharmacity.tn\/index.php?rest_route=\/wp\/v2\/product\/19370","targetHints":{"allow":["GET"]}}],"collection":[{"href":"https:\/\/para-pharmacity.tn\/index.php?rest_route=\/wp\/v2\/product"}],"about":[{"href":"https:\/\/para-pharmacity.tn\/index.php?rest_route=\/wp\/v2\/types\/product"}],"replies":[{"embeddable":true,"href":"https:\/\/para-pharmacity.tn\/index.php?rest_route=%2Fwp%2Fv2%2Fcomments&post=19370"}],"version-history":[{"count":2,"href":"https:\/\/para-pharmacity.tn\/index.php?rest_route=\/wp\/v2\/product\/19370\/revisions"}],"predecessor-version":[{"id":26856,"href":"https:\/\/para-pharmacity.tn\/index.php?rest_route=\/wp\/v2\/product\/19370\/revisions\/26856"}],"wp:featuredmedia":[{"embeddable":true,"href":"https:\/\/para-pharmacity.tn\/index.php?rest_route=\/wp\/v2\/media\/26855"}],"wp:attachment":[{"href":"https:\/\/para-pharmacity.tn\/index.php?rest_route=%2Fwp%2Fv2%2Fmedia&parent=19370"}],"wp:term":[{"taxonomy":"product_cat","embeddable":true,"href":"https:\/\/para-pharmacity.tn\/index.php?rest_route=%2Fwp%2Fv2%2Fproduct_cat&post=19370"},{"taxonomy":"product_tag","embeddable":true,"href":"https:\/\/para-pharmacity.tn\/index.php?rest_route=%2Fwp%2Fv2%2Fproduct_tag&post=19370"}],"curies":[{"name":"wp","href":"https:\/\/api.w.org\/{rel}","templated":true}]}}