{"id":19369,"date":"2024-07-11T10:06:47","date_gmt":"2024-07-11T10:06:47","guid":{"rendered":"https:\/\/para-pharmacity.tn\/?product=svr-xerial-fissures-crevasses-2"},"modified":"2025-06-16T14:38:44","modified_gmt":"2025-06-16T14:38:44","slug":"svr-xerial-fissures-crevasses-2","status":"publish","type":"product","link":"https:\/\/para-pharmacity.tn\/?product=svr-xerial-fissures-crevasses-2","title":{"rendered":"SVR XERIAL FISSURES &#038; CREVASSES"},"content":{"rendered":"<h2>SVR\u00a0Xerial Fissures &amp; Crevasses : La Solution Ultime pour des Pieds Doux et R\u00e9par\u00e9s<\/h2>\n<p>D\u00e9couvrez le secret pour des pieds doux et sans fissures avec<strong>\u00a0SVR\u00a0Xerial Fissures &amp; Crevasses.<\/strong>\u00a0Ce baume hydratant, disponible en pharmacie et\u00a0parapharmacie, est sp\u00e9cialement con\u00e7u pour hydrater, r\u00e9parer et prot\u00e9ger les pieds ab\u00eem\u00e9s et les talons fendill\u00e9s.<\/p>\n<h2>Description<\/h2>\n<p><strong>SVR Xerial Fissures &amp; Crevasses<\/strong>\u00a0est un baume riche en ingr\u00e9dients nourrissants tels que le beurre de karit\u00e9, l\u2019huile d\u2019argan et l\u2019aloe vera. Sa formule ultra-hydratante p\u00e9n\u00e8tre rapidement dans la peau pour r\u00e9parer les fissures et restaurer la douceur des pieds secs et rugueux.<\/p>\n<p><strong>Xerial Fissures et Crevasses de SVR<\/strong>\u00a0hydrate, prot\u00e8ge et r\u00e9pare d\u00e8s 3 jours les fissures et crevasses des talons, des pieds et des mains.<\/p>\n<p>Enrichi en Ur\u00e9e et Centella Asiatica, ce soin<strong>\u00a0isole<\/strong>,\u00a0<strong>prot\u00e8ge<\/strong>\u00a0et\u00a0<strong>soulage<\/strong>\u00a0imm\u00e9diatement.<\/p>\n<p>Apais\u00e9e et hydrat\u00e9e, la peau retrouve son aspect<strong>\u00a0lisse<\/strong>,\u00a0<strong>souple<\/strong>\u00a0et surtout\u00a0<strong>confortable<\/strong>.<\/p>\n<p>Test\u00e9 sous contr\u00f4le dermatologique.<\/p>\n<h2>B\u00e9n\u00e9fices et Utilisations<\/h2>\n<ul>\n<li>Hydrate intens\u00e9ment les pieds et les talons.<\/li>\n<li>R\u00e9pare les fissures et les crevasses pour une peau plus lisse.<\/li>\n<li>Pr\u00e9vient la formation de nouvelles fissures.<\/li>\n<li>Prot\u00e8ge contre les agressions ext\u00e9rieures et les irritations.<\/li>\n<li>Convient \u00e0 tous les types de peaux, m\u00eame les plus sensibles.<\/li>\n<li>Id\u00e9al pour une utilisation quotidienne, matin et soir, pour des r\u00e9sultats visibles rapidement.<\/li>\n<\/ul>\n","protected":false},"excerpt":{"rendered":"<p><strong>Xerial Fissures et Crevasses de SVR\u00a0<\/strong>hydrate, prot\u00e8ge et r\u00e9pare d\u00e8s 3 jours les fissures et crevasses des pieds et des mains.<\/p>\n","protected":false},"featured_media":26863,"comment_status":"open","ping_status":"closed","template":"","meta":[],"product_cat":[235],"product_tag":[],"class_list":{"0":"post-19369","1":"product","2":"type-product","3":"status-publish","4":"has-post-thumbnail","6":"product_cat-corps","8":"first","9":"instock","10":"shipping-taxable","11":"purchasable","12":"product-type-simple"},"jetpack_sharing_enabled":true,"_links":{"self":[{"href":"https:\/\/para-pharmacity.tn\/index.php?rest_route=\/wp\/v2\/product\/19369","targetHints":{"allow":["GET"]}}],"collection":[{"href":"https:\/\/para-pharmacity.tn\/index.php?rest_route=\/wp\/v2\/product"}],"about":[{"href":"https:\/\/para-pharmacity.tn\/index.php?rest_route=\/wp\/v2\/types\/product"}],"replies":[{"embeddable":true,"href":"https:\/\/para-pharmacity.tn\/index.php?rest_route=%2Fwp%2Fv2%2Fcomments&post=19369"}],"version-history":[{"count":2,"href":"https:\/\/para-pharmacity.tn\/index.php?rest_route=\/wp\/v2\/product\/19369\/revisions"}],"predecessor-version":[{"id":26864,"href":"https:\/\/para-pharmacity.tn\/index.php?rest_route=\/wp\/v2\/product\/19369\/revisions\/26864"}],"wp:featuredmedia":[{"embeddable":true,"href":"https:\/\/para-pharmacity.tn\/index.php?rest_route=\/wp\/v2\/media\/26863"}],"wp:attachment":[{"href":"https:\/\/para-pharmacity.tn\/index.php?rest_route=%2Fwp%2Fv2%2Fmedia&parent=19369"}],"wp:term":[{"taxonomy":"product_cat","embeddable":true,"href":"https:\/\/para-pharmacity.tn\/index.php?rest_route=%2Fwp%2Fv2%2Fproduct_cat&post=19369"},{"taxonomy":"product_tag","embeddable":true,"href":"https:\/\/para-pharmacity.tn\/index.php?rest_route=%2Fwp%2Fv2%2Fproduct_tag&post=19369"}],"curies":[{"name":"wp","href":"https:\/\/api.w.org\/{rel}","templated":true}]}}