{"id":19362,"date":"2024-07-11T10:06:44","date_gmt":"2024-07-11T10:06:44","guid":{"rendered":"https:\/\/para-pharmacity.tn\/?product=svr-xerial-30-gel-creme-75ml"},"modified":"2025-06-16T15:09:04","modified_gmt":"2025-06-16T15:09:04","slug":"svr-xerial-30-gel-creme-75ml","status":"publish","type":"product","link":"https:\/\/para-pharmacity.tn\/?product=svr-xerial-30-gel-creme-75ml","title":{"rendered":"SVR XERIAL 30 GEL CREME 75ML"},"content":{"rendered":"<p style=\"font-weight: 400;\">SVR XERIAL 30 Gel Cr\u00e8me est un concentr\u00e9 anti-rugosit\u00e9s et exfoliant hydratant 48h. Il convient aux zones tr\u00e8s s\u00e8ches, rugueuses, \u00e9paissies et squameuses : coudes, genoux, mains, bras. Poils incarn\u00e9s et tendance \u00e0 la k\u00e9ratose pilaire.<\/p>\n<p style=\"font-weight: 400;\">XERIAL 30 Gel-Cr\u00e8me \u00e9limine les rugosit\u00e9s et plaques squameuses \u00e9paisses localis\u00e9es tout en hydratant intens\u00e9ment la peau pendant 48h1gr\u00e2ce \u00e0 sa technologie Ur\u00e9e Pure brevet\u00e9e1. Jour apr\u00e8s jour, l\u2019aspect irr\u00e9gulier, granuleux et les poils incarn\u00e9s sont r\u00e9duits. La peau est plus douce au toucher et visuellement plus lisse. Sa texture fondante glisse sur la peau et p\u00e9n\u00e8tre rapidement pour permettre un habillage imm\u00e9diat.<\/p>\n<p style=\"font-weight: 400;\">XERIAL 30 GEL CREME, une formule ultra-concentr\u00e9e en actifs k\u00e9ratolytiques et \u00e9mollients pour une efficacit\u00e9 anti-rugosit\u00e9s et une peau adoucie.<\/p>\n<p style=\"font-weight: 400;\"><b><strong>Conseils d&rsquo;utilisation :<\/strong><\/b><\/p>\n<p style=\"font-weight: 400;\">Appliquer SVR XERIAL 30 Gel Cr\u00e8me une \u00e0 deux fois par jour sur les zones s\u00e8ches et rugueuses en insistant sur les zones tr\u00e8s s\u00e8ches. Sous l&rsquo;avis d&rsquo;un professionnel de sant\u00e9, peut s&rsquo;utiliser en compl\u00e9ment d&rsquo;un traitement dess\u00e9chant.<\/p>\n<p style=\"font-weight: 400;\">Pensez au tri lorsque votre produit est fini : le tube et sa capsule sont 100% recyclables et peuvent se mettre dans la poubelle de recyclage.<\/p>\n","protected":false},"excerpt":{"rendered":"<p>XERIAL 30 Gel-Cr\u00e8me 75ml | Zones tr\u00e8s s\u00e8ches, rugueuses, \u00e9paissies et squameuses : coudes, genoux, mains, bras. Poils incarn\u00e9s et tendance \u00e0 la k\u00e9ratose pilaire.<\/p>\n","protected":false},"featured_media":26875,"comment_status":"open","ping_status":"closed","template":"","meta":[],"product_cat":[235],"product_tag":[],"class_list":{"0":"post-19362","1":"product","2":"type-product","3":"status-publish","4":"has-post-thumbnail","6":"product_cat-corps","8":"first","9":"instock","10":"shipping-taxable","11":"purchasable","12":"product-type-simple"},"jetpack_sharing_enabled":true,"_links":{"self":[{"href":"https:\/\/para-pharmacity.tn\/index.php?rest_route=\/wp\/v2\/product\/19362","targetHints":{"allow":["GET"]}}],"collection":[{"href":"https:\/\/para-pharmacity.tn\/index.php?rest_route=\/wp\/v2\/product"}],"about":[{"href":"https:\/\/para-pharmacity.tn\/index.php?rest_route=\/wp\/v2\/types\/product"}],"replies":[{"embeddable":true,"href":"https:\/\/para-pharmacity.tn\/index.php?rest_route=%2Fwp%2Fv2%2Fcomments&post=19362"}],"version-history":[{"count":2,"href":"https:\/\/para-pharmacity.tn\/index.php?rest_route=\/wp\/v2\/product\/19362\/revisions"}],"predecessor-version":[{"id":26876,"href":"https:\/\/para-pharmacity.tn\/index.php?rest_route=\/wp\/v2\/product\/19362\/revisions\/26876"}],"wp:featuredmedia":[{"embeddable":true,"href":"https:\/\/para-pharmacity.tn\/index.php?rest_route=\/wp\/v2\/media\/26875"}],"wp:attachment":[{"href":"https:\/\/para-pharmacity.tn\/index.php?rest_route=%2Fwp%2Fv2%2Fmedia&parent=19362"}],"wp:term":[{"taxonomy":"product_cat","embeddable":true,"href":"https:\/\/para-pharmacity.tn\/index.php?rest_route=%2Fwp%2Fv2%2Fproduct_cat&post=19362"},{"taxonomy":"product_tag","embeddable":true,"href":"https:\/\/para-pharmacity.tn\/index.php?rest_route=%2Fwp%2Fv2%2Fproduct_tag&post=19362"}],"curies":[{"name":"wp","href":"https:\/\/api.w.org\/{rel}","templated":true}]}}