{"id":19346,"date":"2024-07-11T10:06:36","date_gmt":"2024-07-11T10:06:36","guid":{"rendered":"https:\/\/para-pharmacity.tn\/?product=svr-topialyse-huile-lavante-mic-200ml"},"modified":"2025-06-23T08:53:21","modified_gmt":"2025-06-23T08:53:21","slug":"svr-topialyse-huile-lavante-mic-200ml","status":"publish","type":"product","link":"https:\/\/para-pharmacity.tn\/?product=svr-topialyse-huile-lavante-mic-200ml","title":{"rendered":"SVR TOPIALYSE HUILE LAVANTE MIC 200ML"},"content":{"rendered":"<p><strong>SVR Topialyse Huile Lavante<\/strong>\u00a0est une solution id\u00e9ale pour les peaux tr\u00e8s s\u00e8ches \u00e0 atopiques, offrant bien plus qu&rsquo;un simple nettoyage. Cette huile lavante agit comme un v\u00e9ritable soin apaisant et anti-irritation, d\u00e8s le premier geste de votre routine.<\/p>\n<h2>Comment \u00e7a marche ?<\/h2>\n<p>Riche en actifs relipidants et hydratants, elle\u00a0<strong>nourrit intens\u00e9ment<\/strong>\u00a0la peau tout en pr\u00e9servant son film hydrolipidique naturel. Ce\u00a0<strong>bouclier protecteur<\/strong>\u00a0essentiel permet de lutter contre les agressions ext\u00e9rieures telles que le froid, les frottements, et les effets dess\u00e9chants de l&rsquo;eau calcaire.<\/p>\n<p>Sa\u00a0<strong>texture huileuse soyeuse<\/strong>, enveloppante et non grasse, procure une\u00a0<strong>hydratation continue<\/strong>\u00a0pendant 24 heures, garantissant ainsi un\u00a0<strong>confort imm\u00e9diat<\/strong>\u00a0et de longue dur\u00e9e. Formul\u00e9e pour r\u00e9pondre aux besoins sp\u00e9cifiques des peaux s\u00e8ches, tr\u00e8s s\u00e8ches et \u00e0 tendance atopique, cette huile lavante offre une solution\u00a0<strong>polyvalente<\/strong>\u00a0qui remplace plusieurs produits de votre routine quotidienne.<\/p>\n<p>Que ce soit comme gel douche, bain moussant, shampoing, nettoyant visage et mains, hygi\u00e8ne intime ou m\u00eame d\u00e9maquillant sous la douche, elle\u00a0<strong>convient \u00e0 toute la famille<\/strong>, y compris pour le cuir chevelu sensible.<\/p>\n<p>En int\u00e9grant l&rsquo;Huile Lavante SVR Topialyse \u00e0 votre routine, vous optez pour un soin lavant complet qui allie\u00a0<strong>douceur<\/strong>,\u00a0<strong>efficacit\u00e9<\/strong>\u00a0et\u00a0<strong>protection durable<\/strong>\u00a0pour votre peau.<\/p>\n<p>Test\u00e9e sous contr\u00f4le dermatologique, elle assure une\u00a0<strong>tol\u00e9rance maximale<\/strong>, m\u00eame pour les peaux les plus sensibles. Utilis\u00e9e quotidiennement, elle contribue \u00e0 r\u00e9tablir l&rsquo;\u00e9quilibre de votre peau, la rendant plus r\u00e9sistante aux agressions ext\u00e9rieures tout en pr\u00e9servant son confort et sa\u00a0<strong>souplesse naturelle<\/strong>.<\/p>\n<p>Offrez \u00e0 votre peau le soin qu&rsquo;elle m\u00e9rite avec cette huile lavante qui transforme chaque douche en un v\u00e9ritable moment de bien-\u00eatre.<\/p>\n<h2>Comment l&rsquo;utiliser ?<\/h2>\n<ul>\n<li>Pour la douche : Appliquer sur peau mouill\u00e9e, faire mousser, rincer puis s\u00e9cher d\u00e9licatement sans frotter.<\/li>\n<li>Pour le bain : verser l&rsquo;\u00e9quivalent de 3 pressions pendant le remplissage de la baignoire.<\/li>\n<li>Se rince facilement, ne pique pas les yeux.<\/li>\n<\/ul>\n","protected":false},"excerpt":{"rendered":"<p>La 1\u00e9re huile micellaire qui nettoie en douceur les peaux s\u00e8ches \u00e0 atopiques de toute la famille. Sa formule minimaliste associe une tr\u00e8s haute concentration en actifs hydratants et relipidants (35%) \u00e0 la Niacinamide apaisante et anti-irritations pour restaurer la barri\u00e8re cutan\u00e9e et soulager les sensations de d\u00e9mangeaisons.<\/p>\n","protected":false},"featured_media":26891,"comment_status":"open","ping_status":"closed","template":"","meta":[],"product_cat":[235],"product_tag":[],"class_list":{"0":"post-19346","1":"product","2":"type-product","3":"status-publish","4":"has-post-thumbnail","6":"product_cat-corps","8":"first","9":"instock","10":"shipping-taxable","11":"purchasable","12":"product-type-simple"},"jetpack_sharing_enabled":true,"_links":{"self":[{"href":"https:\/\/para-pharmacity.tn\/index.php?rest_route=\/wp\/v2\/product\/19346","targetHints":{"allow":["GET"]}}],"collection":[{"href":"https:\/\/para-pharmacity.tn\/index.php?rest_route=\/wp\/v2\/product"}],"about":[{"href":"https:\/\/para-pharmacity.tn\/index.php?rest_route=\/wp\/v2\/types\/product"}],"replies":[{"embeddable":true,"href":"https:\/\/para-pharmacity.tn\/index.php?rest_route=%2Fwp%2Fv2%2Fcomments&post=19346"}],"version-history":[{"count":2,"href":"https:\/\/para-pharmacity.tn\/index.php?rest_route=\/wp\/v2\/product\/19346\/revisions"}],"predecessor-version":[{"id":26890,"href":"https:\/\/para-pharmacity.tn\/index.php?rest_route=\/wp\/v2\/product\/19346\/revisions\/26890"}],"wp:featuredmedia":[{"embeddable":true,"href":"https:\/\/para-pharmacity.tn\/index.php?rest_route=\/wp\/v2\/media\/26891"}],"wp:attachment":[{"href":"https:\/\/para-pharmacity.tn\/index.php?rest_route=%2Fwp%2Fv2%2Fmedia&parent=19346"}],"wp:term":[{"taxonomy":"product_cat","embeddable":true,"href":"https:\/\/para-pharmacity.tn\/index.php?rest_route=%2Fwp%2Fv2%2Fproduct_cat&post=19346"},{"taxonomy":"product_tag","embeddable":true,"href":"https:\/\/para-pharmacity.tn\/index.php?rest_route=%2Fwp%2Fv2%2Fproduct_tag&post=19346"}],"curies":[{"name":"wp","href":"https:\/\/api.w.org\/{rel}","templated":true}]}}