{"id":19332,"date":"2024-07-11T10:06:31","date_gmt":"2024-07-11T10:06:31","guid":{"rendered":"https:\/\/para-pharmacity.tn\/?product=svr-topialyse-creme-barriere-50ml"},"modified":"2025-06-23T09:05:39","modified_gmt":"2025-06-23T09:05:39","slug":"svr-topialyse-creme-barriere-50ml","status":"publish","type":"product","link":"https:\/\/para-pharmacity.tn\/?product=svr-topialyse-creme-barriere-50ml","title":{"rendered":"SVR TOPIALYSE CREME BARRIERE 50ML"},"content":{"rendered":"<p>SVR Topyaliise est une cr\u00e8me barri\u00e8re qui prot\u00e8ge et renforce la barri\u00e8re cutan\u00e9e. Cette derni\u00e8re comporte des om\u00e9gas 3,6 et 9, de l&rsquo;acide hyaluronique et des c\u00e9ramides. Ces derniers r\u00e9parent les peaux s\u00e8ches, r\u00e9actives et irrit\u00e9es. Pour un confort optimal, le peptide r\u00e9gulateur contenu dans sa formule apporte des propri\u00e9t\u00e9s anti-irritation et anti-grattage. Cette cr\u00e8me peut s&rsquo;appliquer sur les mains, le visage, le corps ou bien dans les plis. En effet, sa texture non grasse et r\u00e9sistante \u00e0 l&rsquo;eau, nourrit et apaise en m\u00eame temps les peaux s\u00e8ches et irrit\u00e9es.<\/p>\n","protected":false},"excerpt":{"rendered":"<p>SVR Topialyse est une cr\u00e8me qui prot\u00e8ge, nourrit et apaise les peaux s\u00e8ches et irrit\u00e9es. Elle convient au visage, corps, mains et plis.<\/p>\n","protected":false},"featured_media":26896,"comment_status":"open","ping_status":"closed","template":"","meta":[],"product_cat":[213],"product_tag":[],"class_list":{"0":"post-19332","1":"product","2":"type-product","3":"status-publish","4":"has-post-thumbnail","6":"product_cat-visage","8":"first","9":"instock","10":"shipping-taxable","11":"purchasable","12":"product-type-simple"},"jetpack_sharing_enabled":true,"_links":{"self":[{"href":"https:\/\/para-pharmacity.tn\/index.php?rest_route=\/wp\/v2\/product\/19332","targetHints":{"allow":["GET"]}}],"collection":[{"href":"https:\/\/para-pharmacity.tn\/index.php?rest_route=\/wp\/v2\/product"}],"about":[{"href":"https:\/\/para-pharmacity.tn\/index.php?rest_route=\/wp\/v2\/types\/product"}],"replies":[{"embeddable":true,"href":"https:\/\/para-pharmacity.tn\/index.php?rest_route=%2Fwp%2Fv2%2Fcomments&post=19332"}],"version-history":[{"count":2,"href":"https:\/\/para-pharmacity.tn\/index.php?rest_route=\/wp\/v2\/product\/19332\/revisions"}],"predecessor-version":[{"id":26897,"href":"https:\/\/para-pharmacity.tn\/index.php?rest_route=\/wp\/v2\/product\/19332\/revisions\/26897"}],"wp:featuredmedia":[{"embeddable":true,"href":"https:\/\/para-pharmacity.tn\/index.php?rest_route=\/wp\/v2\/media\/26896"}],"wp:attachment":[{"href":"https:\/\/para-pharmacity.tn\/index.php?rest_route=%2Fwp%2Fv2%2Fmedia&parent=19332"}],"wp:term":[{"taxonomy":"product_cat","embeddable":true,"href":"https:\/\/para-pharmacity.tn\/index.php?rest_route=%2Fwp%2Fv2%2Fproduct_cat&post=19332"},{"taxonomy":"product_tag","embeddable":true,"href":"https:\/\/para-pharmacity.tn\/index.php?rest_route=%2Fwp%2Fv2%2Fproduct_tag&post=19332"}],"curies":[{"name":"wp","href":"https:\/\/api.w.org\/{rel}","templated":true}]}}