{"id":19331,"date":"2024-07-11T10:06:30","date_gmt":"2024-07-11T10:06:30","guid":{"rendered":"https:\/\/para-pharmacity.tn\/?product=svr-topialyse-creme-200ml"},"modified":"2025-06-27T10:40:30","modified_gmt":"2025-06-27T10:40:30","slug":"svr-topialyse-creme-200ml","status":"publish","type":"product","link":"https:\/\/para-pharmacity.tn\/?product=svr-topialyse-creme-200ml","title":{"rendered":"SVR TOPIALYSE CREME 200ML"},"content":{"rendered":"<p>La Cr\u00e8me emolliente visage et corps Topialyse des laboratoires SVR convient aux b\u00e9b\u00e9s, enfants et adultes. Id\u00e9ale pour les peaux s\u00e8ches \u00e0 tendance atopique, elle peut \u00eatre utilis\u00e9e en relais des traitements topiques deratologiques locaux. Elle r\u00e9\u00e9quilibre les m\u00e9canismes responsables de l&rsquo;irritation et restaure la barri\u00e8re cutan\u00e9e pour une protection renforc\u00e9e. Sa texture p\u00e9n\u00e8tre et s&rsquo;\u00e9tale facilement.<\/p>\n<h4>Conseil d&rsquo;utilisation<\/h4>\n<p>En application 1 \u00e0 2 fois par jour sur une peau s\u00e8che id\u00e9alement nettoy\u00e9e avec Topialyse cr\u00e8me lavante.<\/p>\n<h4>Composition<\/h4>\n<p>Aqua (purified water), glycerin, hydrogenated polydecene, caprylic\/capric triglyceride, butyrospermum parkii butter (shea butter), glyceryl sterate, ethylhexyl stearate, cetyl alcohol, dimethicone, peg-75 stearate, camelina sativa seed oil \/ palm oil aminopropanediol esthers, dipotassium glycyrrhizate, hydrolyzed rice protein, 1.2 hexanediol, steareth-20, ceteth-20, xanthan gum, citric acid, chlorphenesin, metylisothiazolinone.<\/p>\n","protected":false},"excerpt":{"rendered":"<p>La Cr\u00e8me emolliente visage et corps Tolialyse des laboratoires SVR est id\u00e9ale pour peaux s\u00e8ches \u00e0 tendance atopique et poss\u00e8de une action anti-irritation &amp; anti-grattage.<\/p>\n","protected":false},"featured_media":26900,"comment_status":"open","ping_status":"closed","template":"","meta":[],"product_cat":[235,213],"product_tag":[],"class_list":{"0":"post-19331","1":"product","2":"type-product","3":"status-publish","4":"has-post-thumbnail","6":"product_cat-corps","7":"product_cat-visage","9":"first","10":"instock","11":"shipping-taxable","12":"purchasable","13":"product-type-simple"},"jetpack_sharing_enabled":true,"_links":{"self":[{"href":"https:\/\/para-pharmacity.tn\/index.php?rest_route=\/wp\/v2\/product\/19331","targetHints":{"allow":["GET"]}}],"collection":[{"href":"https:\/\/para-pharmacity.tn\/index.php?rest_route=\/wp\/v2\/product"}],"about":[{"href":"https:\/\/para-pharmacity.tn\/index.php?rest_route=\/wp\/v2\/types\/product"}],"replies":[{"embeddable":true,"href":"https:\/\/para-pharmacity.tn\/index.php?rest_route=%2Fwp%2Fv2%2Fcomments&post=19331"}],"version-history":[{"count":2,"href":"https:\/\/para-pharmacity.tn\/index.php?rest_route=\/wp\/v2\/product\/19331\/revisions"}],"predecessor-version":[{"id":26902,"href":"https:\/\/para-pharmacity.tn\/index.php?rest_route=\/wp\/v2\/product\/19331\/revisions\/26902"}],"wp:featuredmedia":[{"embeddable":true,"href":"https:\/\/para-pharmacity.tn\/index.php?rest_route=\/wp\/v2\/media\/26900"}],"wp:attachment":[{"href":"https:\/\/para-pharmacity.tn\/index.php?rest_route=%2Fwp%2Fv2%2Fmedia&parent=19331"}],"wp:term":[{"taxonomy":"product_cat","embeddable":true,"href":"https:\/\/para-pharmacity.tn\/index.php?rest_route=%2Fwp%2Fv2%2Fproduct_cat&post=19331"},{"taxonomy":"product_tag","embeddable":true,"href":"https:\/\/para-pharmacity.tn\/index.php?rest_route=%2Fwp%2Fv2%2Fproduct_tag&post=19331"}],"curies":[{"name":"wp","href":"https:\/\/api.w.org\/{rel}","templated":true}]}}