{"id":19330,"date":"2024-07-11T10:06:30","date_gmt":"2024-07-11T10:06:30","guid":{"rendered":"https:\/\/para-pharmacity.tn\/?product=svr-topialyse-baume-protect-inten-400ml"},"modified":"2025-06-27T11:11:00","modified_gmt":"2025-06-27T11:11:00","slug":"svr-topialyse-baume-protect-inten-400ml","status":"publish","type":"product","link":"https:\/\/para-pharmacity.tn\/?product=svr-topialyse-baume-protect-inten-400ml","title":{"rendered":"SVR TOPIALYSE BAUME PROTECT INTEN 400ML"},"content":{"rendered":"<h1>SVR TOPIALYSE BAUME PROTECT + 400ml<\/h1>\n<div>\n<p>Ce produit b\u00e9n\u00e9ficie dune texture enrichie en phospholipides pour une grande affinit\u00e9 avec la peau et une meilleure disponibilit\u00e9 des actifs. Texture gain de temps, ultra-fondante pour un habillage facile. Application express sans fini gras. Odeur d\u00e9licate. Ce baume relipide, nourrit et restaure la barri\u00e8re cutan\u00e9e.<\/p>\n<\/div>\n<h3 class=\"title-brand\"><span class=\"text-gray-darker\">Conseils d\u2019utilisation<\/span><\/h3>\n<div>\n<p>Appliquer sur l\u2019ensemble du visage et\/ou du corps pr\u00e9alablement nettoy\u00e9 avec Topialyse Cr\u00e8me Lavante, en insistant sur les zones tr\u00e8s s\u00e8ches et irrit\u00e9es. A utiliser en cas de crises de d\u00e9mangeaisons, d\u2019irritations et de s\u00e9cheresses s\u00e9v\u00e8res. En relais, appliquer Topialyse Cr\u00e8me Emolliente.<\/p>\n<\/div>\n<h3 class=\"title-brand\"><span class=\"text-gray-darker\">Composition<\/span><\/h3>\n<div>\n<p>Topialyse baume intensif est compos de : 46% Phase molliente, 10% huile de coton, 6% huile de coco, Beurre de Babassu, Phospholipide, Glycrinevgtale, 4% Niacinamide et Sucre pr\u00e9biotique double action.<\/p>\n<\/div>\n","protected":false},"excerpt":{"rendered":"<p>Seulement 20 ingr\u00e9dients et une formule naturelle \u00e0 98% pour ce soin relipidant qui apaise, r\u00e9pare et prot\u00e8ge les peaux atopiques de toute la famille des agressions ext\u00e9rieurs (acariens, pollution\u2026)<\/p>\n","protected":false},"featured_media":26907,"comment_status":"open","ping_status":"closed","template":"","meta":[],"product_cat":[235,213],"product_tag":[],"class_list":{"0":"post-19330","1":"product","2":"type-product","3":"status-publish","4":"has-post-thumbnail","6":"product_cat-corps","7":"product_cat-visage","9":"first","10":"instock","11":"shipping-taxable","12":"purchasable","13":"product-type-simple"},"jetpack_sharing_enabled":true,"_links":{"self":[{"href":"https:\/\/para-pharmacity.tn\/index.php?rest_route=\/wp\/v2\/product\/19330","targetHints":{"allow":["GET"]}}],"collection":[{"href":"https:\/\/para-pharmacity.tn\/index.php?rest_route=\/wp\/v2\/product"}],"about":[{"href":"https:\/\/para-pharmacity.tn\/index.php?rest_route=\/wp\/v2\/types\/product"}],"replies":[{"embeddable":true,"href":"https:\/\/para-pharmacity.tn\/index.php?rest_route=%2Fwp%2Fv2%2Fcomments&post=19330"}],"version-history":[{"count":2,"href":"https:\/\/para-pharmacity.tn\/index.php?rest_route=\/wp\/v2\/product\/19330\/revisions"}],"predecessor-version":[{"id":26908,"href":"https:\/\/para-pharmacity.tn\/index.php?rest_route=\/wp\/v2\/product\/19330\/revisions\/26908"}],"wp:featuredmedia":[{"embeddable":true,"href":"https:\/\/para-pharmacity.tn\/index.php?rest_route=\/wp\/v2\/media\/26907"}],"wp:attachment":[{"href":"https:\/\/para-pharmacity.tn\/index.php?rest_route=%2Fwp%2Fv2%2Fmedia&parent=19330"}],"wp:term":[{"taxonomy":"product_cat","embeddable":true,"href":"https:\/\/para-pharmacity.tn\/index.php?rest_route=%2Fwp%2Fv2%2Fproduct_cat&post=19330"},{"taxonomy":"product_tag","embeddable":true,"href":"https:\/\/para-pharmacity.tn\/index.php?rest_route=%2Fwp%2Fv2%2Fproduct_tag&post=19330"}],"curies":[{"name":"wp","href":"https:\/\/api.w.org\/{rel}","templated":true}]}}