{"id":19328,"date":"2024-07-11T10:06:29","date_gmt":"2024-07-11T10:06:29","guid":{"rendered":"https:\/\/para-pharmacity.tn\/?product=svr-topialyse-baume-lavant-200ml"},"modified":"2025-06-27T12:37:08","modified_gmt":"2025-06-27T12:37:08","slug":"svr-topialyse-baume-lavant-200ml","status":"publish","type":"product","link":"https:\/\/para-pharmacity.tn\/?product=svr-topialyse-baume-lavant-200ml","title":{"rendered":"SVR TOPIALYSE BAUME LAVANT 200ML"},"content":{"rendered":"<p>SVR Topialyse Baume Lavant 200 ml \u00e0 la texture cr\u00e9meuse et nourrissante nettoie et apaise les peaux tr\u00e8s s\u00e8ches \u00e0 atopiques de toute la famille.<\/p>\n<p>Sans parfum, savon, sulfate et paraben, sa formule nettoie la peau sans dess\u00e9cher et pr\u00e9serve le film hydrolipidique. V\u00e9ritable soin lavant 3 en 1, ce baume lavant est :<\/p>\n<p>\u2013 un baume relipidant : il regroupe une tr\u00e8s haute concentration en actifs hydratants et relipidants (35%) est riche en Huile de coton et Huile de coco, source d\u2019om\u00e9gas 3, 6, 9.<\/p>\n<p>\u2013 un nettoyant tol\u00e9rance optimale 0% sulfate : il contient un agent surgraissant contenant un biolipide naturellement pr\u00e9sent dans la peau qui compense le manque de lipides des peaux affaiblies.<\/p>\n<p>\u2013 un soin apaisant et anti-irritations : gr\u00e2ce \u00e0 la Niacinamide, actif de r\u00e9f\u00e9rence et un sucre pr\u00e9biotique qui permettent de r\u00e9\u00e9quilibrer la flore cutan\u00e9e.<\/p>\n<p>Hypoallerg\u00e9nique. pH physiologique. Test\u00e9 sous contr\u00f4le dermatologique, ophtalmologique, gyn\u00e9cologique et p\u00e9diatrique.<\/p>\n<div id=\"type_info_prio_6_1\">Appliquer sur peau mouill\u00e9e, faire mousser, rincer puis s\u00e9cher d\u00e9licatement sans frotter.<\/div>\n<div><span class=\"bold\">Indication<\/span>\u00a0:\u00a0<span id=\"type_info_prio_6_2_1\">Nettoyer et apaiser les peaux tr\u00e8s s\u00e8ches \u00e0 atopiques de toute la famille.<\/span><\/div>\n","protected":false},"excerpt":{"rendered":"<p>SVR Topialyse Baume Lavant est un soin ultra-doux qui nettoie et apaise les peaux s\u00e8ches \u00e0 tendance atopique, tout en pr\u00e9servant le film hydrolipidique. Adapt\u00e9 \u00e0 toute la famille, il limite les irritations et les d\u00e9mangeaisons.<\/p>\n","protected":false},"featured_media":26910,"comment_status":"open","ping_status":"closed","template":"","meta":[],"product_cat":[235,213],"product_tag":[],"class_list":{"0":"post-19328","1":"product","2":"type-product","3":"status-publish","4":"has-post-thumbnail","6":"product_cat-corps","7":"product_cat-visage","9":"first","10":"instock","11":"shipping-taxable","12":"purchasable","13":"product-type-simple"},"jetpack_sharing_enabled":true,"_links":{"self":[{"href":"https:\/\/para-pharmacity.tn\/index.php?rest_route=\/wp\/v2\/product\/19328","targetHints":{"allow":["GET"]}}],"collection":[{"href":"https:\/\/para-pharmacity.tn\/index.php?rest_route=\/wp\/v2\/product"}],"about":[{"href":"https:\/\/para-pharmacity.tn\/index.php?rest_route=\/wp\/v2\/types\/product"}],"replies":[{"embeddable":true,"href":"https:\/\/para-pharmacity.tn\/index.php?rest_route=%2Fwp%2Fv2%2Fcomments&post=19328"}],"version-history":[{"count":2,"href":"https:\/\/para-pharmacity.tn\/index.php?rest_route=\/wp\/v2\/product\/19328\/revisions"}],"predecessor-version":[{"id":26911,"href":"https:\/\/para-pharmacity.tn\/index.php?rest_route=\/wp\/v2\/product\/19328\/revisions\/26911"}],"wp:featuredmedia":[{"embeddable":true,"href":"https:\/\/para-pharmacity.tn\/index.php?rest_route=\/wp\/v2\/media\/26910"}],"wp:attachment":[{"href":"https:\/\/para-pharmacity.tn\/index.php?rest_route=%2Fwp%2Fv2%2Fmedia&parent=19328"}],"wp:term":[{"taxonomy":"product_cat","embeddable":true,"href":"https:\/\/para-pharmacity.tn\/index.php?rest_route=%2Fwp%2Fv2%2Fproduct_cat&post=19328"},{"taxonomy":"product_tag","embeddable":true,"href":"https:\/\/para-pharmacity.tn\/index.php?rest_route=%2Fwp%2Fv2%2Fproduct_tag&post=19328"}],"curies":[{"name":"wp","href":"https:\/\/api.w.org\/{rel}","templated":true}]}}