{"id":17389,"date":"2024-07-10T23:02:50","date_gmt":"2024-07-10T23:02:50","guid":{"rendered":"https:\/\/para-pharmacity.tn\/?product=herbex-zinc-15-mg-30-gel"},"modified":"2024-09-16T09:34:29","modified_gmt":"2024-09-16T09:34:29","slug":"herbex-zinc-15-mg-30-gel","status":"publish","type":"product","link":"https:\/\/para-pharmacity.tn\/?product=herbex-zinc-15-mg-30-gel","title":{"rendered":"HERBEX ZINC 15 MG 30 GEL"},"content":{"rendered":"<p><strong>Le zinc contribue :<\/strong><\/p>\n<p>Au bon fonctionnement du syst\u00e8me immunitaire<br \/>\n\u00e0 une fertilit\u00e9 et une reproduction normales<br \/>\nau maintien d\u2019un taux sain de testost\u00e9rone dans le sang<br \/>\n\u00e0 prot\u00e9ger les cellules contre le stress oxydatif<br \/>\n\u00e0 une bonne synth\u00e8se de l\u2019ADN<br \/>\n\u00e0 une synth\u00e8se prot\u00e9ique normale<br \/>\n\u00e0 un m\u00e9tabolisme glucidique normaL<br \/>\nau m\u00e9tabolisme normal des macronutriments<br \/>\n\u00e0 un m\u00e9tabolisme acido-basique normal<br \/>\n\u00e0 un bon m\u00e9tabolisme de la vitamine A<br \/>\nau bon m\u00e9tabolisme des acides gras<br \/>\nau maintien d\u2019une bonne ossature<br \/>\n\u00e0 une fonction cognitive normale<br \/>\nau maintien d\u2019une bonne vision<br \/>\nau maintien d\u2019une peau, de cheveux et d\u2019ongles sains<\/p>\n<p><strong>Apports nutritionnels :<\/strong><\/p>\n<p>Chaque g\u00e9lule apporte 15mg zinc \u00e9l\u00e9mentaire , soit 150% des AJR (Apports Journaliers Recommand\u00e9s).<\/p>\n<p><strong>Avantage de Bisglycinate de zinc<\/strong><\/p>\n<p>Les min\u00e9raux peuvent \u00eatre apport\u00e9s sous une forme inorganique (carbonate, oxydes, phosphates, sulfates) ou organique contenant des liaisons complexes avec des acides amin\u00e9s (pidolates, glycinates).<\/p>\n<p>Pour \u00eatre correctement assimil\u00e9s, les min\u00e9raux pr\u00e9sent\u00e9s sous la forme de liaisons inorganiques doivent tout d\u2019abord \u00eatre transform\u00e9s afin d\u2019\u00eatre soluble dans le tube digestif. Or, la solubilit\u00e9 et la disponibilit\u00e9 dans l\u2019intestin peuvent varier fortement. En outre, pour assimiler les min\u00e9raux, le m\u00e9tabolisme doit, en les dig\u00e9rant, les lier dans une structure d\u2019acides amin\u00e9s sp\u00e9cifique \u00e0 chaque \u00e9l\u00e9ment. C\u2019est pourquoi les min\u00e9raux coupl\u00e9s \u00e0 une substance organique (Bisglycinate) sont nettement plus assimilables car ils imitent le processus naturel d\u2019assimilation des min\u00e9raux par notre organisme. Ce proc\u00e9d\u00e9 permet ainsi au corps de reconna\u00eetreles suppl\u00e9ments min\u00e9raux comme une \u00abnourriture\u00bb plut\u00f4tque comme un morceau de m\u00e9tal indigeste. Le r\u00e9sultat est une spectaculaire augmentation de l\u2019absorption et donc de la biodisponibilit\u00e9. Un avantage suppl\u00e9mentaire nonn\u00e9gligeable est la protection des min\u00e9raux par les acidesamin\u00e9s qui entourent litt\u00e9ralement le min\u00e9ral, le rendant difficilement accessible et r\u00e9actif aux autres compos\u00e9s.<\/p>\n","protected":false},"excerpt":{"rendered":"<p>Pour \u00eatre correctement assimil\u00e9s, les min\u00e9raux pr\u00e9sent\u00e9s sous la forme de liaisons inorganiques doivent tout d\u2019abord \u00eatre transform\u00e9s afin d\u2019\u00eatre soluble dans le tube digestif.<\/p>\n","protected":false},"featured_media":24907,"comment_status":"open","ping_status":"closed","template":"","meta":[],"product_cat":[20],"product_tag":[],"class_list":{"0":"post-17389","1":"product","2":"type-product","3":"status-publish","4":"has-post-thumbnail","6":"product_cat-accessories","8":"first","9":"instock","10":"shipping-taxable","11":"product-type-simple"},"jetpack_sharing_enabled":true,"_links":{"self":[{"href":"https:\/\/para-pharmacity.tn\/index.php?rest_route=\/wp\/v2\/product\/17389","targetHints":{"allow":["GET"]}}],"collection":[{"href":"https:\/\/para-pharmacity.tn\/index.php?rest_route=\/wp\/v2\/product"}],"about":[{"href":"https:\/\/para-pharmacity.tn\/index.php?rest_route=\/wp\/v2\/types\/product"}],"replies":[{"embeddable":true,"href":"https:\/\/para-pharmacity.tn\/index.php?rest_route=%2Fwp%2Fv2%2Fcomments&post=17389"}],"version-history":[{"count":2,"href":"https:\/\/para-pharmacity.tn\/index.php?rest_route=\/wp\/v2\/product\/17389\/revisions"}],"predecessor-version":[{"id":24908,"href":"https:\/\/para-pharmacity.tn\/index.php?rest_route=\/wp\/v2\/product\/17389\/revisions\/24908"}],"wp:featuredmedia":[{"embeddable":true,"href":"https:\/\/para-pharmacity.tn\/index.php?rest_route=\/wp\/v2\/media\/24907"}],"wp:attachment":[{"href":"https:\/\/para-pharmacity.tn\/index.php?rest_route=%2Fwp%2Fv2%2Fmedia&parent=17389"}],"wp:term":[{"taxonomy":"product_cat","embeddable":true,"href":"https:\/\/para-pharmacity.tn\/index.php?rest_route=%2Fwp%2Fv2%2Fproduct_cat&post=17389"},{"taxonomy":"product_tag","embeddable":true,"href":"https:\/\/para-pharmacity.tn\/index.php?rest_route=%2Fwp%2Fv2%2Fproduct_tag&post=17389"}],"curies":[{"name":"wp","href":"https:\/\/api.w.org\/{rel}","templated":true}]}}