{"id":17388,"date":"2024-07-10T23:02:49","date_gmt":"2024-07-10T23:02:49","guid":{"rendered":"https:\/\/para-pharmacity.tn\/?product=herbex-vitamine-c-10-gelules"},"modified":"2024-09-16T09:30:05","modified_gmt":"2024-09-16T09:30:05","slug":"herbex-vitamine-c-10-gelules","status":"publish","type":"product","link":"https:\/\/para-pharmacity.tn\/?product=herbex-vitamine-c-10-gelules","title":{"rendered":"HERBEX VITAMINE C 10 GELULES"},"content":{"rendered":"<p>HERBEX Vitamine C+Cu Une synergie propice \u00e0 l&rsquo;immunit\u00e9.<\/p>\n<p>PROPRI\u00c9T\u00c9S :<\/p>\n<ul>\n<li>Le cuivre contribue au renforcement des d\u00e9fenses naturelles. Il est ici propos\u00e9 en association bien \u00e9quilibr\u00e9e avecla vitamine C , qui non seulement soutient le m\u00e9tabolisme du cuivre et donc son efficacit\u00e9, mais contribue\u00e9galement au bon fonctionnement du syst\u00e8me immunitaire.<\/li>\n<li>une synergie recommand\u00e9e donc en cas d&rsquo;infection , de rhume, et de fa\u00e7on g\u00e9n\u00e9rale, lorsque l&rsquo;immunit\u00e9 de l&rsquo;organisme est fragilis\u00e9e.<\/li>\n<\/ul>\n<p>HERBEX Vitamine C+Cu contribue :<\/p>\n<ul>\n<li>Au bon fonctionnement du syst\u00e8me immunitaire ;<\/li>\n<li>\u00c0 un m\u00e9tabolisme \u00e9nerg\u00e9tique normal ;<\/li>\n<li>\u00c0 la pigmentation des cheveux et de la peau ;<\/li>\n<li>\u00c0 prot\u00e9ger les cellules contre le stress oxydatif ;<\/li>\n<li>Au fonctionnement normal du syst\u00e8me nerveux.<\/li>\n<\/ul>\n<p><b>CONSEILS D\u2019UTILISATION :<\/b><\/p>\n<p>1 g\u00e9lule 2 \u00e0 3 fois par jour<\/p>\n","protected":false},"excerpt":{"rendered":"<p>HERBEX Vitamine C+CU 150 mg\/ 900mg \u00b7 Le cuivre contribue au renforcement des d\u00e9fenses naturelles. \u00b7 une synergie recommand\u00e9e donc en cas d\u2019infection , de rhume, \u2026<\/p>\n","protected":false},"featured_media":24903,"comment_status":"open","ping_status":"closed","template":"","meta":[],"product_cat":[20],"product_tag":[],"class_list":{"0":"post-17388","1":"product","2":"type-product","3":"status-publish","4":"has-post-thumbnail","6":"product_cat-accessories","8":"first","9":"instock","10":"shipping-taxable","11":"product-type-simple"},"jetpack_sharing_enabled":true,"_links":{"self":[{"href":"https:\/\/para-pharmacity.tn\/index.php?rest_route=\/wp\/v2\/product\/17388","targetHints":{"allow":["GET"]}}],"collection":[{"href":"https:\/\/para-pharmacity.tn\/index.php?rest_route=\/wp\/v2\/product"}],"about":[{"href":"https:\/\/para-pharmacity.tn\/index.php?rest_route=\/wp\/v2\/types\/product"}],"replies":[{"embeddable":true,"href":"https:\/\/para-pharmacity.tn\/index.php?rest_route=%2Fwp%2Fv2%2Fcomments&post=17388"}],"version-history":[{"count":2,"href":"https:\/\/para-pharmacity.tn\/index.php?rest_route=\/wp\/v2\/product\/17388\/revisions"}],"predecessor-version":[{"id":24904,"href":"https:\/\/para-pharmacity.tn\/index.php?rest_route=\/wp\/v2\/product\/17388\/revisions\/24904"}],"wp:featuredmedia":[{"embeddable":true,"href":"https:\/\/para-pharmacity.tn\/index.php?rest_route=\/wp\/v2\/media\/24903"}],"wp:attachment":[{"href":"https:\/\/para-pharmacity.tn\/index.php?rest_route=%2Fwp%2Fv2%2Fmedia&parent=17388"}],"wp:term":[{"taxonomy":"product_cat","embeddable":true,"href":"https:\/\/para-pharmacity.tn\/index.php?rest_route=%2Fwp%2Fv2%2Fproduct_cat&post=17388"},{"taxonomy":"product_tag","embeddable":true,"href":"https:\/\/para-pharmacity.tn\/index.php?rest_route=%2Fwp%2Fv2%2Fproduct_tag&post=17388"}],"curies":[{"name":"wp","href":"https:\/\/api.w.org\/{rel}","templated":true}]}}