{"id":17387,"date":"2024-07-10T23:02:49","date_gmt":"2024-07-10T23:02:49","guid":{"rendered":"https:\/\/para-pharmacity.tn\/?product=herbex-selenium-100-mcg-20-gel"},"modified":"2024-09-16T09:13:06","modified_gmt":"2024-09-16T09:13:06","slug":"herbex-selenium-100-mcg-20-gel","status":"publish","type":"product","link":"https:\/\/para-pharmacity.tn\/?product=herbex-selenium-100-mcg-20-gel","title":{"rendered":"HERBEX SELENIUM 100 MCG 20 GEL"},"content":{"rendered":"<p><b>HERBEX Selenium 20 GELULES\u00a0<\/b><\/p>\n<p>HERBEX Selenium :<\/p>\n<ul>\n<li>Le s\u00e9l\u00e9nium aide au fonctionnement normal de la thyro\u00efde.<\/li>\n<li>Le s\u00e9l\u00e9nium permet une production normale de spermatozo\u00efdes (hausse de la testost\u00e9rone).<\/li>\n<li>Le s\u00e9l\u00e9nium participe au bon fonctionnement du syst\u00e8me immunitaire.<\/li>\n<li>Le s\u00e9l\u00e9nium aide \u00e0 prot\u00e9ger les cellules contre les radicaux libres (effet antioxydant).<\/li>\n<li>Le s\u00e9l\u00e9nium participe au maintien d&rsquo;une chevelure et d&rsquo;ongles normaux.<\/li>\n<\/ul>\n<p><b>Composition :<\/b><\/p>\n<p>Chaque g\u00e9lule apporte 100 ug de s\u00e9l\u00e9nium \u00e9l\u00e9mentaire, soit 100% des AJR (Apports Journaliers Recommand\u00e9s).<\/p>\n","protected":false},"excerpt":{"rendered":"<ul>\n<li>Le s\u00e9l\u00e9nium soutient la thyro\u00efde.<\/li>\n<li>Il favorise la production de spermatozo\u00efdes.<\/li>\n<li>Il renforce le syst\u00e8me immunitaire.<\/li>\n<li>Il prot\u00e8ge les cellules des radicaux libres.<\/li>\n<li>Il maintient cheveux et ongles en bonne sant\u00e9.<\/li>\n<\/ul>\n","protected":false},"featured_media":24900,"comment_status":"open","ping_status":"closed","template":"","meta":[],"product_cat":[20],"product_tag":[],"class_list":{"0":"post-17387","1":"product","2":"type-product","3":"status-publish","4":"has-post-thumbnail","6":"product_cat-accessories","8":"first","9":"instock","10":"shipping-taxable","11":"product-type-simple"},"jetpack_sharing_enabled":true,"_links":{"self":[{"href":"https:\/\/para-pharmacity.tn\/index.php?rest_route=\/wp\/v2\/product\/17387","targetHints":{"allow":["GET"]}}],"collection":[{"href":"https:\/\/para-pharmacity.tn\/index.php?rest_route=\/wp\/v2\/product"}],"about":[{"href":"https:\/\/para-pharmacity.tn\/index.php?rest_route=\/wp\/v2\/types\/product"}],"replies":[{"embeddable":true,"href":"https:\/\/para-pharmacity.tn\/index.php?rest_route=%2Fwp%2Fv2%2Fcomments&post=17387"}],"version-history":[{"count":2,"href":"https:\/\/para-pharmacity.tn\/index.php?rest_route=\/wp\/v2\/product\/17387\/revisions"}],"predecessor-version":[{"id":24901,"href":"https:\/\/para-pharmacity.tn\/index.php?rest_route=\/wp\/v2\/product\/17387\/revisions\/24901"}],"wp:featuredmedia":[{"embeddable":true,"href":"https:\/\/para-pharmacity.tn\/index.php?rest_route=\/wp\/v2\/media\/24900"}],"wp:attachment":[{"href":"https:\/\/para-pharmacity.tn\/index.php?rest_route=%2Fwp%2Fv2%2Fmedia&parent=17387"}],"wp:term":[{"taxonomy":"product_cat","embeddable":true,"href":"https:\/\/para-pharmacity.tn\/index.php?rest_route=%2Fwp%2Fv2%2Fproduct_cat&post=17387"},{"taxonomy":"product_tag","embeddable":true,"href":"https:\/\/para-pharmacity.tn\/index.php?rest_route=%2Fwp%2Fv2%2Fproduct_tag&post=17387"}],"curies":[{"name":"wp","href":"https:\/\/api.w.org\/{rel}","templated":true}]}}