{"id":17385,"date":"2024-07-10T23:02:48","date_gmt":"2024-07-10T23:02:48","guid":{"rendered":"https:\/\/para-pharmacity.tn\/?product=herbex-mousse-lavante-intime-100ml"},"modified":"2024-09-13T09:19:10","modified_gmt":"2024-09-13T09:19:10","slug":"herbex-mousse-lavante-intime-100ml","status":"publish","type":"product","link":"https:\/\/para-pharmacity.tn\/?product=herbex-mousse-lavante-intime-100ml","title":{"rendered":"HERBEX MOUSSE LAVANTE INTIME 100ML"},"content":{"rendered":"<p>HERBEX PHYSIOPROTECT\u00a0permet de vous pr\u00e9munir des petits d\u00e9sagr\u00e9ments et de pr\u00e9server l&rsquo;\u00e9quilibre de votre flore intime tout en douceur gr\u00e2ce \u00e0 son Ph physiologique , adapt\u00e9 \u00e0 un usage quotidien. Cette mousse remplit parfaitement ces fonctions r\u00e9gulatrices, assainissantes et adoucissantes. Subtilement parfum\u00e9, il apporte fra\u00eecheur et puret\u00e9 dans l&rsquo;hygi\u00e8ne quotidienne des parties intimes.<br \/>\nSur une base v\u00e9g\u00e9tale tr\u00e8s douce s&rsquo;associent la bardane et l\u2019acide lactique. Les muqueuses d\u00e9licates sont parfaitement purifi\u00e9es, en douceur.<\/p>\n<p><em>Propri\u00e9t\u00e9s<\/em><\/p>\n<ul>\n<li>Nettoie en douceur la zone intime sensible et sujette \u00e0 des inconforts vulvaires.<\/li>\n<li>Soulage et apaise les sensations d&rsquo;inconforts (picotements,d\u00e9mangeaisons&#8230;).<\/li>\n<li>Hydrate intens\u00e9ment la zone intime.<\/li>\n<li>Respecte la sensibilit\u00e9 et la fragilit\u00e9 de la peau et de la zone intime au quotidien.<\/li>\n<\/ul>\n<p><em>Mode d&#8217;emploi<\/em><\/p>\n<p>HERBEX PHYSIOPROTECT\u00a0\u00a0s&rsquo;utilise au quotidien comme un savon liquide en usage externe lors de la toilette intime. Rincer soigneusement \u00e0 l&rsquo;eau apr\u00e8s application.<br \/>\nHERBEX PHYSIOPROTECT\u00a0\u00a0s&rsquo;utilise \u00e9galement pour l\u2019hygi\u00e8ne de l&rsquo;ensemble du corps\u00a0R\u00e9serv\u00e9 \u00e0 un usage externe.<\/p>\n","protected":false},"excerpt":{"rendered":"<p>HERBEX PHYSIOPROTECT\u00a0permet de vous pr\u00e9munir des petits d\u00e9sagr\u00e9ments et de pr\u00e9server l&rsquo;\u00e9quilibre de votre flore intime tout en douceur gr\u00e2ce<\/p>\n","protected":false},"featured_media":24896,"comment_status":"open","ping_status":"closed","template":"","meta":[],"product_cat":[20],"product_tag":[],"class_list":{"0":"post-17385","1":"product","2":"type-product","3":"status-publish","4":"has-post-thumbnail","6":"product_cat-accessories","8":"first","9":"instock","10":"shipping-taxable","11":"product-type-simple"},"jetpack_sharing_enabled":true,"_links":{"self":[{"href":"https:\/\/para-pharmacity.tn\/index.php?rest_route=\/wp\/v2\/product\/17385","targetHints":{"allow":["GET"]}}],"collection":[{"href":"https:\/\/para-pharmacity.tn\/index.php?rest_route=\/wp\/v2\/product"}],"about":[{"href":"https:\/\/para-pharmacity.tn\/index.php?rest_route=\/wp\/v2\/types\/product"}],"replies":[{"embeddable":true,"href":"https:\/\/para-pharmacity.tn\/index.php?rest_route=%2Fwp%2Fv2%2Fcomments&post=17385"}],"version-history":[{"count":2,"href":"https:\/\/para-pharmacity.tn\/index.php?rest_route=\/wp\/v2\/product\/17385\/revisions"}],"predecessor-version":[{"id":24897,"href":"https:\/\/para-pharmacity.tn\/index.php?rest_route=\/wp\/v2\/product\/17385\/revisions\/24897"}],"wp:featuredmedia":[{"embeddable":true,"href":"https:\/\/para-pharmacity.tn\/index.php?rest_route=\/wp\/v2\/media\/24896"}],"wp:attachment":[{"href":"https:\/\/para-pharmacity.tn\/index.php?rest_route=%2Fwp%2Fv2%2Fmedia&parent=17385"}],"wp:term":[{"taxonomy":"product_cat","embeddable":true,"href":"https:\/\/para-pharmacity.tn\/index.php?rest_route=%2Fwp%2Fv2%2Fproduct_cat&post=17385"},{"taxonomy":"product_tag","embeddable":true,"href":"https:\/\/para-pharmacity.tn\/index.php?rest_route=%2Fwp%2Fv2%2Fproduct_tag&post=17385"}],"curies":[{"name":"wp","href":"https:\/\/api.w.org\/{rel}","templated":true}]}}