{"id":17384,"date":"2024-07-10T23:02:48","date_gmt":"2024-07-10T23:02:48","guid":{"rendered":"https:\/\/para-pharmacity.tn\/?product=herbex-menorex-30-gellules"},"modified":"2024-09-13T09:12:27","modified_gmt":"2024-09-13T09:12:27","slug":"herbex-menorex-30-gellules","status":"publish","type":"product","link":"https:\/\/para-pharmacity.tn\/?product=herbex-menorex-30-gellules","title":{"rendered":"HERBEX MENOREX 30 GELLULES"},"content":{"rendered":"<p>HERBEX MENOREX est \u00e0 base d\u2019une synergie d\u2019actif qui participe au bien-\u00eatre pendant la m\u00e9nopause en r\u00e9duisant notamment les bouff\u00e9es de chaleur et la fatigue passag\u00e8re.<\/p>\n<div>\n<ul>\n<li>La b\u00eata-alanine est un acide amin\u00e9 inhibiteur non hormonal des bouff\u00e9es de chaleur de la m\u00e9nopause.<\/li>\n<li>La vitamine D aide \u00e0 conserver une bonne sant\u00e9 osseuse. La suppl\u00e9mentation en vitamine D pourraient freiner le processus de la perte de la masse musculaire et osseuse.<\/li>\n<li>La vitamine B9 sous deux formes : l&rsquo;acide folique et la Meta-folin (directement active et facilement assimilable par votre organisme)\u00a0 contribue \u00e0 r\u00e9duire naturellement la dur\u00e9e des bouff\u00e9es de chaleur ce qui permet une sensation de\u00a0 bien \u00eatre au quotidien.<\/li>\n<li>Le zinc aide \u00e0 prot\u00e9ger les cellules du stress oxydatif, participant ainsi \u00e0 une action anti-\u00e2ge globale.<\/li>\n<\/ul>\n<p><b>Composition :<\/b><\/p>\n<ul>\n<li>Beta Alanine\u2026\u2026\u2026\u2026.400 mg<\/li>\n<li>Vitamine D3 \u2026\u2026\u2026\u2026.eq 225 UI<\/li>\n<li>Folates (vitamines B9) \u2026\u2026\u2026\u2026\u2026\u2026.eq 400 mcg ( sous forme d\u2019acide Folique et de Meta-folin)<\/li>\n<li>zinc \u2026\u2026\u2026\u2026.eq 8 mg( sous forme de zinc bisglycinate)<\/li>\n<\/ul>\n<p><b>Conseils dutilisation :\u00a0<\/b><\/p>\n<ul>\n<li>La posologie est de 1 a\u0300 2 g\u00e9lules par jour. Cette posologie peut e\u0302tre porte\u0301e a\u0300 3 g\u00e9lules par jour si ne\u0301cessaire.<\/li>\n<li>Herbex Menorex sera administre\u0301 pendant des pe\u0301riodes de 5 a\u0300 10 jours jusqu&rsquo;a\u0300 inhibition des bouffe\u0301es de chaleur.<\/li>\n<li>Lors de la re\u0301apparition de celles- ci, une nouvelle cure redevient ne\u0301cessaire pendant une me\u0302me pe\u0301riode.<\/li>\n<li>Aucune accoutumance n&rsquo;e\u0301tant observe\u0301e, la prise d\u2019 Herbex Menorex peut e\u0302tre prolonge\u0301 pendant toute la pe\u0301riode des troubles vasomoteurs cliniques, sans limitation de dure\u0301e.<\/li>\n<\/ul>\n<\/div>\n","protected":false},"excerpt":{"rendered":"<p>Herbex Menorex est \u00e0 base d\u2019une synergie d\u2019actif qui participe au bien-\u00eatre pendant la m\u00e9nopause en r\u00e9duisant notamment les bouff\u00e9es de chaleur et la fatigue<\/p>\n","protected":false},"featured_media":24892,"comment_status":"open","ping_status":"closed","template":"","meta":[],"product_cat":[20],"product_tag":[],"class_list":{"0":"post-17384","1":"product","2":"type-product","3":"status-publish","4":"has-post-thumbnail","6":"product_cat-accessories","8":"first","9":"instock","10":"shipping-taxable","11":"product-type-simple"},"jetpack_sharing_enabled":true,"_links":{"self":[{"href":"https:\/\/para-pharmacity.tn\/index.php?rest_route=\/wp\/v2\/product\/17384","targetHints":{"allow":["GET"]}}],"collection":[{"href":"https:\/\/para-pharmacity.tn\/index.php?rest_route=\/wp\/v2\/product"}],"about":[{"href":"https:\/\/para-pharmacity.tn\/index.php?rest_route=\/wp\/v2\/types\/product"}],"replies":[{"embeddable":true,"href":"https:\/\/para-pharmacity.tn\/index.php?rest_route=%2Fwp%2Fv2%2Fcomments&post=17384"}],"version-history":[{"count":3,"href":"https:\/\/para-pharmacity.tn\/index.php?rest_route=\/wp\/v2\/product\/17384\/revisions"}],"predecessor-version":[{"id":24894,"href":"https:\/\/para-pharmacity.tn\/index.php?rest_route=\/wp\/v2\/product\/17384\/revisions\/24894"}],"wp:featuredmedia":[{"embeddable":true,"href":"https:\/\/para-pharmacity.tn\/index.php?rest_route=\/wp\/v2\/media\/24892"}],"wp:attachment":[{"href":"https:\/\/para-pharmacity.tn\/index.php?rest_route=%2Fwp%2Fv2%2Fmedia&parent=17384"}],"wp:term":[{"taxonomy":"product_cat","embeddable":true,"href":"https:\/\/para-pharmacity.tn\/index.php?rest_route=%2Fwp%2Fv2%2Fproduct_cat&post=17384"},{"taxonomy":"product_tag","embeddable":true,"href":"https:\/\/para-pharmacity.tn\/index.php?rest_route=%2Fwp%2Fv2%2Fproduct_tag&post=17384"}],"curies":[{"name":"wp","href":"https:\/\/api.w.org\/{rel}","templated":true}]}}