{"id":17383,"date":"2024-07-10T23:02:48","date_gmt":"2024-07-10T23:02:48","guid":{"rendered":"https:\/\/para-pharmacity.tn\/?product=herbex-manganese-2-mg-bt-15-gelules"},"modified":"2024-09-12T17:06:57","modified_gmt":"2024-09-12T17:06:57","slug":"herbex-manganese-2-mg-bt-15-gelules","status":"publish","type":"product","link":"https:\/\/para-pharmacity.tn\/?product=herbex-manganese-2-mg-bt-15-gelules","title":{"rendered":"HERBEX MANGANESE 2 MG BT 15 GELULES"},"content":{"rendered":"<p>HERBEX Mn\u00a0est utilis\u00e9 comme modificateur de terrain, en particulier dans\u00a0les allergies.<\/p>\n<p>En association au fer et au cuivre, le mangan\u00e8se est utilis\u00e9 dans la prise en charge de carences en fer<\/p>\n<p>En association au cobalt, le mangan\u00e8se est utilis\u00e9 dans la prise en charge de :<\/p>\n<ul>\n<li>dystonies neurov\u00e9g\u00e9tatives<\/li>\n<li>spasmophilies<\/li>\n<\/ul>\n<p>&nbsp;<\/p>\n<p><strong><em>Apports nutritionnels :<\/em><\/strong><\/p>\n<p>Chaque g\u00e9lule apporte 2 mg de mangan\u00e8se \u00e9l\u00e9mentaire, soit 100% des AJR\u00a0(Apports Journaliers Recommand\u00e9s)<\/p>\n<p>&nbsp;<\/p>\n<p>Naturellement sans gluten, sans cas\u00e9ine, sans levure, sans ma\u00efs, sans soja, sans OGM.<\/p>\n<p>Suppl\u00e9ment nutritionnel garanti non irradi\u00e9.<\/p>\n<p>Sources d\u2019approvisionnement garantissant l\u2019identification et la tra\u00e7abilit\u00e9 des mati\u00e8res premi\u00e8res.<\/p>\n","protected":false},"excerpt":{"rendered":"<p>HERBEX Mn\u00a0est utilis\u00e9 comme modificateur de terrain, en particulier dans\u00a0les allergies.<\/p>\n","protected":false},"featured_media":24889,"comment_status":"open","ping_status":"closed","template":"","meta":[],"product_cat":[20],"product_tag":[],"class_list":{"0":"post-17383","1":"product","2":"type-product","3":"status-publish","4":"has-post-thumbnail","6":"product_cat-accessories","8":"first","9":"instock","10":"shipping-taxable","11":"product-type-simple"},"jetpack_sharing_enabled":true,"_links":{"self":[{"href":"https:\/\/para-pharmacity.tn\/index.php?rest_route=\/wp\/v2\/product\/17383","targetHints":{"allow":["GET"]}}],"collection":[{"href":"https:\/\/para-pharmacity.tn\/index.php?rest_route=\/wp\/v2\/product"}],"about":[{"href":"https:\/\/para-pharmacity.tn\/index.php?rest_route=\/wp\/v2\/types\/product"}],"replies":[{"embeddable":true,"href":"https:\/\/para-pharmacity.tn\/index.php?rest_route=%2Fwp%2Fv2%2Fcomments&post=17383"}],"version-history":[{"count":2,"href":"https:\/\/para-pharmacity.tn\/index.php?rest_route=\/wp\/v2\/product\/17383\/revisions"}],"predecessor-version":[{"id":24890,"href":"https:\/\/para-pharmacity.tn\/index.php?rest_route=\/wp\/v2\/product\/17383\/revisions\/24890"}],"wp:featuredmedia":[{"embeddable":true,"href":"https:\/\/para-pharmacity.tn\/index.php?rest_route=\/wp\/v2\/media\/24889"}],"wp:attachment":[{"href":"https:\/\/para-pharmacity.tn\/index.php?rest_route=%2Fwp%2Fv2%2Fmedia&parent=17383"}],"wp:term":[{"taxonomy":"product_cat","embeddable":true,"href":"https:\/\/para-pharmacity.tn\/index.php?rest_route=%2Fwp%2Fv2%2Fproduct_cat&post=17383"},{"taxonomy":"product_tag","embeddable":true,"href":"https:\/\/para-pharmacity.tn\/index.php?rest_route=%2Fwp%2Fv2%2Fproduct_tag&post=17383"}],"curies":[{"name":"wp","href":"https:\/\/api.w.org\/{rel}","templated":true}]}}