{"id":17382,"date":"2024-07-10T23:02:48","date_gmt":"2024-07-10T23:02:48","guid":{"rendered":"https:\/\/para-pharmacity.tn\/?product=herbex-l-glutamine-300mg-bt-20"},"modified":"2024-09-12T17:01:57","modified_gmt":"2024-09-12T17:01:57","slug":"herbex-l-glutamine-300mg-bt-20","status":"publish","type":"product","link":"https:\/\/para-pharmacity.tn\/?product=herbex-l-glutamine-300mg-bt-20","title":{"rendered":"HERBEX L-GLUTAMINE 300MG BT 20"},"content":{"rendered":"<p>La glutamine\u00a0est un acide amin\u00e9 indispensable dont tous les tissus ont besoin<\/p>\n<ul>\n<li>La glutamine est la source principale du glutamate (Glu) dans le cerveau<\/li>\n<li>La glutamine est un donneur important d\u2019azote (nitrogen shuttle)<\/li>\n<li>La glutamine est importante pour le bon fonctionnement des tissus qui se r\u00e9g\u00e9n\u00e8rent rapidement\u00a0(comme les cellules des muqueuses gastriques et intestinales)<\/li>\n<li>La glutamine joue \u00e9galement un r\u00f4le essentiel dans la gestion de l\u2019ammoniac libre pr\u00e9sent\u00a0dans le cerveau (d\u00e9toxication de l\u2019ammoniac)<\/li>\n<li>La glutamine est un constituant du Facteur de tol\u00e9rance au glucose (FTG)<\/li>\n<li>La glutamine joue un r\u00f4le important dans la synth\u00e8se des prot\u00e9ines<\/li>\n<li>La glutamine aide \u00e0 maintenir l\u2019\u00e9quilibre acido-basique de l\u2019organisme<\/li>\n<li>La glutamine sert \u00e0 la fabrication de la glucosamine endog\u00e8ne<\/li>\n<li>La glutamine fait partie du GSH (Glutathion)<\/li>\n<li>La glutamine r\u00e9gule le syst\u00e8me immunitaire :\n<ul>\n<li>Les lymphocytes et les macrophages<\/li>\n<li>La glutamine stimule l\u2019activit\u00e9 des cellules NK (Natural Killer)<\/li>\n<li>La synth\u00e8se des Ig A<\/li>\n<\/ul>\n<\/li>\n<\/ul>\n<p>La glutamine passe la barri\u00e8re h\u00e9mato-enc\u00e9phalique et peut\u00a0donc servir comme source d\u2019\u00e9nergie en cas d\u2019un d\u00e9ficit s\u00e9v\u00e8re de glucose.<\/p>\n","protected":false},"excerpt":{"rendered":"<p>La glutamine passe la barri\u00e8re h\u00e9mato-enc\u00e9phalique et peut donc servir comme source d\u2019\u00e9nergie en cas d\u2019un d\u00e9ficit s\u00e9v\u00e8re de glucose.<\/p>\n","protected":false},"featured_media":24886,"comment_status":"open","ping_status":"closed","template":"","meta":[],"product_cat":[20],"product_tag":[],"class_list":{"0":"post-17382","1":"product","2":"type-product","3":"status-publish","4":"has-post-thumbnail","6":"product_cat-accessories","8":"first","9":"instock","10":"shipping-taxable","11":"product-type-simple"},"jetpack_sharing_enabled":true,"_links":{"self":[{"href":"https:\/\/para-pharmacity.tn\/index.php?rest_route=\/wp\/v2\/product\/17382","targetHints":{"allow":["GET"]}}],"collection":[{"href":"https:\/\/para-pharmacity.tn\/index.php?rest_route=\/wp\/v2\/product"}],"about":[{"href":"https:\/\/para-pharmacity.tn\/index.php?rest_route=\/wp\/v2\/types\/product"}],"replies":[{"embeddable":true,"href":"https:\/\/para-pharmacity.tn\/index.php?rest_route=%2Fwp%2Fv2%2Fcomments&post=17382"}],"version-history":[{"count":2,"href":"https:\/\/para-pharmacity.tn\/index.php?rest_route=\/wp\/v2\/product\/17382\/revisions"}],"predecessor-version":[{"id":24887,"href":"https:\/\/para-pharmacity.tn\/index.php?rest_route=\/wp\/v2\/product\/17382\/revisions\/24887"}],"wp:featuredmedia":[{"embeddable":true,"href":"https:\/\/para-pharmacity.tn\/index.php?rest_route=\/wp\/v2\/media\/24886"}],"wp:attachment":[{"href":"https:\/\/para-pharmacity.tn\/index.php?rest_route=%2Fwp%2Fv2%2Fmedia&parent=17382"}],"wp:term":[{"taxonomy":"product_cat","embeddable":true,"href":"https:\/\/para-pharmacity.tn\/index.php?rest_route=%2Fwp%2Fv2%2Fproduct_cat&post=17382"},{"taxonomy":"product_tag","embeddable":true,"href":"https:\/\/para-pharmacity.tn\/index.php?rest_route=%2Fwp%2Fv2%2Fproduct_tag&post=17382"}],"curies":[{"name":"wp","href":"https:\/\/api.w.org\/{rel}","templated":true}]}}