{"id":17380,"date":"2024-07-10T23:02:47","date_gmt":"2024-07-10T23:02:47","guid":{"rendered":"https:\/\/para-pharmacity.tn\/?product=herbex-cuivre-1-5mg-bt-150-g"},"modified":"2024-09-12T16:53:55","modified_gmt":"2024-09-12T16:53:55","slug":"herbex-cuivre-1-5mg-bt-150-g","status":"publish","type":"product","link":"https:\/\/para-pharmacity.tn\/?product=herbex-cuivre-1-5mg-bt-150-g","title":{"rendered":"HERBEX CUIVRE 1.5MG BT 150 G"},"content":{"rendered":"<p>Le cuivre est utilis\u00e9, dans la prise en charge des :<br \/>\naffections rhumatismales<br \/>\n\u00e9tats grippaux<br \/>\n\u00e9tats infectieux<br \/>\nEn association au mangan\u00e8se, le cuivre est utilis\u00e9 dans la prise en charge d\u2019\u00e9tats infectieux ou allergiques<\/p>\n","protected":false},"excerpt":{"rendered":"<p>Le cuivre est utilis\u00e9 pour traiter les affections rhumatismales, les \u00e9tats grippaux et infectieux. Associ\u00e9 au mangan\u00e8se, il aide \u00e0 g\u00e9rer les infections et allergies.<\/p>\n","protected":false},"featured_media":24880,"comment_status":"open","ping_status":"closed","template":"","meta":[],"product_cat":[20],"product_tag":[],"class_list":{"0":"post-17380","1":"product","2":"type-product","3":"status-publish","4":"has-post-thumbnail","6":"product_cat-accessories","8":"first","9":"instock","10":"shipping-taxable","11":"product-type-simple"},"jetpack_sharing_enabled":true,"_links":{"self":[{"href":"https:\/\/para-pharmacity.tn\/index.php?rest_route=\/wp\/v2\/product\/17380","targetHints":{"allow":["GET"]}}],"collection":[{"href":"https:\/\/para-pharmacity.tn\/index.php?rest_route=\/wp\/v2\/product"}],"about":[{"href":"https:\/\/para-pharmacity.tn\/index.php?rest_route=\/wp\/v2\/types\/product"}],"replies":[{"embeddable":true,"href":"https:\/\/para-pharmacity.tn\/index.php?rest_route=%2Fwp%2Fv2%2Fcomments&post=17380"}],"version-history":[{"count":2,"href":"https:\/\/para-pharmacity.tn\/index.php?rest_route=\/wp\/v2\/product\/17380\/revisions"}],"predecessor-version":[{"id":24881,"href":"https:\/\/para-pharmacity.tn\/index.php?rest_route=\/wp\/v2\/product\/17380\/revisions\/24881"}],"wp:featuredmedia":[{"embeddable":true,"href":"https:\/\/para-pharmacity.tn\/index.php?rest_route=\/wp\/v2\/media\/24880"}],"wp:attachment":[{"href":"https:\/\/para-pharmacity.tn\/index.php?rest_route=%2Fwp%2Fv2%2Fmedia&parent=17380"}],"wp:term":[{"taxonomy":"product_cat","embeddable":true,"href":"https:\/\/para-pharmacity.tn\/index.php?rest_route=%2Fwp%2Fv2%2Fproduct_cat&post=17380"},{"taxonomy":"product_tag","embeddable":true,"href":"https:\/\/para-pharmacity.tn\/index.php?rest_route=%2Fwp%2Fv2%2Fproduct_tag&post=17380"}],"curies":[{"name":"wp","href":"https:\/\/api.w.org\/{rel}","templated":true}]}}