{"id":17379,"date":"2024-07-10T23:02:47","date_gmt":"2024-07-10T23:02:47","guid":{"rendered":"https:\/\/para-pharmacity.tn\/?product=heliocare-ultra-gel-spf-90-p-grasse"},"modified":"2024-09-12T16:47:56","modified_gmt":"2024-09-12T16:47:56","slug":"heliocare-ultra-gel-spf-90-p-grasse","status":"publish","type":"product","link":"https:\/\/para-pharmacity.tn\/?product=heliocare-ultra-gel-spf-90-p-grasse","title":{"rendered":"HELIOCARE ULTRA GEL SPF 90 P GRASSE"},"content":{"rendered":"<p>Heliocare Ultra Gel 90 , tr\u00e8s haute protection pour les peaux les plus sensibles soumises \u00e0 une exposition solaire intense. Prot\u00e8ge la peau et neutralise les dommages caus\u00e9s par le soleil.<\/p>\n<p>La texture g\u00e9lifi\u00e9e de Heliocare Ultra Gel SPF90 est particuli\u00e8rement recommand\u00e9e pour les peaux normales ou grasses, et permet une absorption rapide et une excellente finition en \u00e9vitant une finition blanch\u00e2tre.<\/p>\n<ul>\n<li>\u00a0Photoprotection tr\u00e8s \u00e9lev\u00e9e avec une texture gel ultra-l\u00e9g\u00e8re contribuant au confort de la peau sans sensation de lourdeur.<\/li>\n<li>Ingr\u00e9dients antioxydants et r\u00e9parateurs pour un effet complet et complet contre les dommages solaires.<\/li>\n<li>Absorption rapide sans r\u00e9sidu blanc ni effet de masque.<\/li>\n<\/ul>\n<p>&nbsp;<\/p>\n<p><span style=\"color: #000000\"><u><strong>Composition :<\/strong><\/u><br \/>\n<\/span><\/p>\n<p>Fernblock\u00ae<br \/>\nTh\u00e9 vert<br \/>\nSunspheras\u00ae<br \/>\nUltrasomes<\/p>\n<p><span style=\"color: #000000\"><u><strong>Conseils d&rsquo;Utilisation:<\/strong><\/u><br \/>\n<\/span><\/p>\n<ul>\n<li>Il est recommand\u00e9 d&rsquo;Appliquer Heliocare Ultra Gel SPF90 uniform\u00e9ment et g\u00e9n\u00e9reusement sur la peau avant l&rsquo;exposition au soleil.<\/li>\n<li>Renouveler fr\u00e9quemment l&rsquo;application, surtout apr\u00e8s de longs bains ou une transpiration excessive.<\/li>\n<\/ul>\n","protected":false},"excerpt":{"rendered":"<p>Heliocare Ultra Gel SPF 90 offre une haute protection solaire pour les peaux sensibles. Sa texture l\u00e9g\u00e8re est absorb\u00e9e rapidement sans r\u00e9sidu blanc, id\u00e9ale pour les peaux normales \u00e0 grasses. Enrichi en antioxydants, il prot\u00e8ge et r\u00e9pare efficacement la peau.<\/p>\n","protected":false},"featured_media":24876,"comment_status":"open","ping_status":"closed","template":"","meta":[],"product_cat":[20],"product_tag":[],"class_list":{"0":"post-17379","1":"product","2":"type-product","3":"status-publish","4":"has-post-thumbnail","6":"product_cat-accessories","8":"first","9":"instock","10":"shipping-taxable","11":"product-type-simple"},"jetpack_sharing_enabled":true,"_links":{"self":[{"href":"https:\/\/para-pharmacity.tn\/index.php?rest_route=\/wp\/v2\/product\/17379","targetHints":{"allow":["GET"]}}],"collection":[{"href":"https:\/\/para-pharmacity.tn\/index.php?rest_route=\/wp\/v2\/product"}],"about":[{"href":"https:\/\/para-pharmacity.tn\/index.php?rest_route=\/wp\/v2\/types\/product"}],"replies":[{"embeddable":true,"href":"https:\/\/para-pharmacity.tn\/index.php?rest_route=%2Fwp%2Fv2%2Fcomments&post=17379"}],"version-history":[{"count":2,"href":"https:\/\/para-pharmacity.tn\/index.php?rest_route=\/wp\/v2\/product\/17379\/revisions"}],"predecessor-version":[{"id":24877,"href":"https:\/\/para-pharmacity.tn\/index.php?rest_route=\/wp\/v2\/product\/17379\/revisions\/24877"}],"wp:featuredmedia":[{"embeddable":true,"href":"https:\/\/para-pharmacity.tn\/index.php?rest_route=\/wp\/v2\/media\/24876"}],"wp:attachment":[{"href":"https:\/\/para-pharmacity.tn\/index.php?rest_route=%2Fwp%2Fv2%2Fmedia&parent=17379"}],"wp:term":[{"taxonomy":"product_cat","embeddable":true,"href":"https:\/\/para-pharmacity.tn\/index.php?rest_route=%2Fwp%2Fv2%2Fproduct_cat&post=17379"},{"taxonomy":"product_tag","embeddable":true,"href":"https:\/\/para-pharmacity.tn\/index.php?rest_route=%2Fwp%2Fv2%2Fproduct_tag&post=17379"}],"curies":[{"name":"wp","href":"https:\/\/api.w.org\/{rel}","templated":true}]}}