{"id":17374,"date":"2024-07-10T23:02:45","date_gmt":"2024-07-10T23:02:45","guid":{"rendered":"https:\/\/para-pharmacity.tn\/?product=heliocare-spf-50-spray-200-ml"},"modified":"2024-09-12T16:00:18","modified_gmt":"2024-09-12T16:00:18","slug":"heliocare-spf-50-spray-200-ml","status":"publish","type":"product","link":"https:\/\/para-pharmacity.tn\/?product=heliocare-spf-50-spray-200-ml","title":{"rendered":"HELIOCARE SPF 50 SPRAY 200 ML"},"content":{"rendered":"<p><strong>Description :<\/strong><\/p>\n<p><span class=\"notranslate\">Le tr\u00e8s appr\u00e9ci\u00e9 Spice 50 SPF Helicoare est id\u00e9al pour les enfants et l&rsquo;utilisation pendant les sports.<\/span>\u00a0<span class=\"notranslate\">La fonction de pulv\u00e9risation permet une application et une r\u00e9application faciles en d\u00e9placement.<\/span>\u00a0<span class=\"notranslate\">Les phototechnologies innovantes prot\u00e8gent la peau pendant que vous profitez de vos activit\u00e9s.<\/span>\u00a0<span class=\"notranslate\">La r\u00e9application de l&rsquo;\u00e9cran solaire est recommand\u00e9e pour une exposition prolong\u00e9e au soleil.<\/span><\/p>\n<p><strong><span class=\"notranslate\">Conseils d&rsquo;utilisation :<\/span><\/strong><\/p>\n<p><span class=\"notranslate\">Agiter avant utilisation.\u00a0Appliquer uniform\u00e9ment et g\u00e9n\u00e9reusement sur la peau avant l&rsquo;exposition au soleil.\u00a0R\u00e9appliquez fr\u00e9quemment, surtout apr\u00e8s avoir nag\u00e9 ou transpir\u00e9.<\/span><\/p>\n<p><strong>Composition :<\/strong><\/p>\n<p><span class=\"notranslate\">Aqua, Ethylhexyl Methoxycinnamate, C12-15 Alkyl Benzoate, Octocrylene, Copolym\u00e8re styr\u00e8ne \/ acrylates, Cyclopentasiloxane, Hexyl\u00e8ne Glycol, Alcool Denat, Ehtyhexyl Triazone, Polysilicone-15, Butyl M\u00e9thoxydibenzoylm\u00e9thane, C14-22 Alcools, C12-20 Alkyl Glucoside, Acrylates \/ Copolym\u00e8re d&rsquo;octylacrylamide, PEG \/ PPG-20\/6 Dim\u00e9thicone, Extrait de feuille de Polypodium Leucotomos, Oxyde de zinc, Dioxyde de titane, Micrococcus lysate, Extrait de Camelia Sinesis, P\u00e9noxy\u00e9thanol, Tri\u00e9thanolamine, Lactate de sodium, M\u00e9thylparab\u00e8ne, Propylparab\u00e8ne, Dim\u00e9thicone \/ Vinyl Crosspolymer Dimethicone, Alumine, BHT , Sim\u00e9thicone, Tri\u00e9thoxycaprylylsilane, Parfum, Linalool, Limon\u00e8ne.<\/span><\/p>\n","protected":false},"excerpt":{"rendered":"<p>Le tr\u00e8s appr\u00e9ci\u00e9 Spice 50 SPF Helicoare est id\u00e9al pour les enfants et les adultes ainsi l&rsquo;utilisation pendant les sports.<\/p>\n","protected":false},"featured_media":24868,"comment_status":"open","ping_status":"closed","template":"","meta":[],"product_cat":[20],"product_tag":[],"class_list":{"0":"post-17374","1":"product","2":"type-product","3":"status-publish","4":"has-post-thumbnail","6":"product_cat-accessories","8":"first","9":"instock","10":"shipping-taxable","11":"product-type-simple"},"jetpack_sharing_enabled":true,"_links":{"self":[{"href":"https:\/\/para-pharmacity.tn\/index.php?rest_route=\/wp\/v2\/product\/17374","targetHints":{"allow":["GET"]}}],"collection":[{"href":"https:\/\/para-pharmacity.tn\/index.php?rest_route=\/wp\/v2\/product"}],"about":[{"href":"https:\/\/para-pharmacity.tn\/index.php?rest_route=\/wp\/v2\/types\/product"}],"replies":[{"embeddable":true,"href":"https:\/\/para-pharmacity.tn\/index.php?rest_route=%2Fwp%2Fv2%2Fcomments&post=17374"}],"version-history":[{"count":2,"href":"https:\/\/para-pharmacity.tn\/index.php?rest_route=\/wp\/v2\/product\/17374\/revisions"}],"predecessor-version":[{"id":24871,"href":"https:\/\/para-pharmacity.tn\/index.php?rest_route=\/wp\/v2\/product\/17374\/revisions\/24871"}],"wp:featuredmedia":[{"embeddable":true,"href":"https:\/\/para-pharmacity.tn\/index.php?rest_route=\/wp\/v2\/media\/24868"}],"wp:attachment":[{"href":"https:\/\/para-pharmacity.tn\/index.php?rest_route=%2Fwp%2Fv2%2Fmedia&parent=17374"}],"wp:term":[{"taxonomy":"product_cat","embeddable":true,"href":"https:\/\/para-pharmacity.tn\/index.php?rest_route=%2Fwp%2Fv2%2Fproduct_cat&post=17374"},{"taxonomy":"product_tag","embeddable":true,"href":"https:\/\/para-pharmacity.tn\/index.php?rest_route=%2Fwp%2Fv2%2Fproduct_tag&post=17374"}],"curies":[{"name":"wp","href":"https:\/\/api.w.org\/{rel}","templated":true}]}}