{"id":17373,"date":"2024-07-10T23:02:45","date_gmt":"2024-07-10T23:02:45","guid":{"rendered":"https:\/\/para-pharmacity.tn\/?product=heliocare-purewhite-radi-21-60-gel"},"modified":"2024-09-12T15:52:39","modified_gmt":"2024-09-12T15:52:39","slug":"heliocare-purewhite-radi-21-60-gel","status":"publish","type":"product","link":"https:\/\/para-pharmacity.tn\/?product=heliocare-purewhite-radi-21-60-gel","title":{"rendered":"HELIOCARE PUREWHITE RADI 2+1 60 GEL"},"content":{"rendered":"<p><strong>Description :<\/strong><\/p>\n<p>Ce produit est compos\u00e9\u00a0 de Fernblock\u00ae,<\/p>\n<p>le m\u00e9lange exclusif de White Tech Complex consiste \u00e0 contr\u00f4ler et bloquer l&rsquo;enzyme principale qui est responsable de la production de m\u00e9lanine.<\/p>\n<p>Le m\u00e9lange\u00a0 White Tech Complex se compose d&rsquo;extrait de grenade, L-cystine, la vitamine C et B3, tous est cliniquement prouv\u00e9 pour promouvoir l&rsquo;\u00e9quit\u00e9 de la peau et son \u00e9clat. capsules \u00e0 base de l\u00e9gumes.<\/p>\n<p>contenance: 60 capsules<\/p>\n<p><strong>Conseils d&rsquo;utilisation :<\/strong><\/p>\n<p>Prendre 2 capsules par jour. 1 le matin et une le soir.<\/p>\n<p><strong>Composition :<\/strong><\/p>\n<p>P.leucotomos, L-cystine, Punica granatum (grenade), la vitamine C (acide L-ascorbique), niacine (nicotinamide). Agent anti-agglom\u00e9rant: St\u00e9arate de magn\u00e9sium. Capsule: G\u00e9latine.<\/p>\n<p>Indication: teint non uniforme, hyper pigmentation, Adjuvant aux soins anti-\u00e2ge<\/p>\n<p>il est \u00e0 combiner avec les proc\u00e9dures \u00e9claircissantes.<\/p>\n","protected":false},"excerpt":{"rendered":"<p>Comprenant des avantages de Fernblock\u00ae, le m\u00e9lange exclusif de White Tech Complex consiste contr\u00f4le et bloque l&rsquo;enzyme principale qui est responsable de la production de m\u00e9lanine.<\/p>\n","protected":false},"featured_media":24865,"comment_status":"open","ping_status":"closed","template":"","meta":[],"product_cat":[20],"product_tag":[],"class_list":{"0":"post-17373","1":"product","2":"type-product","3":"status-publish","4":"has-post-thumbnail","6":"product_cat-accessories","8":"first","9":"instock","10":"shipping-taxable","11":"product-type-simple"},"jetpack_sharing_enabled":true,"_links":{"self":[{"href":"https:\/\/para-pharmacity.tn\/index.php?rest_route=\/wp\/v2\/product\/17373","targetHints":{"allow":["GET"]}}],"collection":[{"href":"https:\/\/para-pharmacity.tn\/index.php?rest_route=\/wp\/v2\/product"}],"about":[{"href":"https:\/\/para-pharmacity.tn\/index.php?rest_route=\/wp\/v2\/types\/product"}],"replies":[{"embeddable":true,"href":"https:\/\/para-pharmacity.tn\/index.php?rest_route=%2Fwp%2Fv2%2Fcomments&post=17373"}],"version-history":[{"count":2,"href":"https:\/\/para-pharmacity.tn\/index.php?rest_route=\/wp\/v2\/product\/17373\/revisions"}],"predecessor-version":[{"id":24866,"href":"https:\/\/para-pharmacity.tn\/index.php?rest_route=\/wp\/v2\/product\/17373\/revisions\/24866"}],"wp:featuredmedia":[{"embeddable":true,"href":"https:\/\/para-pharmacity.tn\/index.php?rest_route=\/wp\/v2\/media\/24865"}],"wp:attachment":[{"href":"https:\/\/para-pharmacity.tn\/index.php?rest_route=%2Fwp%2Fv2%2Fmedia&parent=17373"}],"wp:term":[{"taxonomy":"product_cat","embeddable":true,"href":"https:\/\/para-pharmacity.tn\/index.php?rest_route=%2Fwp%2Fv2%2Fproduct_cat&post=17373"},{"taxonomy":"product_tag","embeddable":true,"href":"https:\/\/para-pharmacity.tn\/index.php?rest_route=%2Fwp%2Fv2%2Fproduct_tag&post=17373"}],"curies":[{"name":"wp","href":"https:\/\/api.w.org\/{rel}","templated":true}]}}