{"id":17365,"date":"2024-07-10T23:02:43","date_gmt":"2024-07-10T23:02:43","guid":{"rendered":"https:\/\/para-pharmacity.tn\/?product=heliocare-gel-invisible-gel-pearl"},"modified":"2024-09-12T15:40:34","modified_gmt":"2024-09-12T15:40:34","slug":"heliocare-gel-invisible-gel-pearl","status":"publish","type":"product","link":"https:\/\/para-pharmacity.tn\/?product=heliocare-gel-invisible-gel-pearl","title":{"rendered":"HELIOCARE GEL INVISIBLE + GEL PEARL"},"content":{"rendered":"<h1>HELIOCARE GEL INVISIBLE + GEL PEARL<\/h1>\n<p>ce coffret contient:<\/p>\n<h4>HELIOCARE 360\u00b0 GEL OIL FREE NEUTRE:<\/h4>\n<p>La R\u00e9volution \u00e0 360\u00b0 offre une protection anti-\u00e2ge essentielle contre les agressions environnementales quotidiennes, aidant \u00e0 pr\u00e9venir le vieillissement cutan\u00e9. Medigrade Skincare g\u00e8re les d\u00e9fis du vieillissement avec des produits agr\u00e9ables \u00e0 utiliser, favorisant une application quotidienne. Heliocare 360\u00b0 am\u00e9liore l\u2019exp\u00e9rience sensorielle et facilite l&rsquo;int\u00e9gration dans une routine quotidienne pour une protection optimale.<\/p>\n<h4>HELIOCARE 360\u00b0 GEL OIL FREE PEARL:<\/h4>\n<p>Heliocare 360\u00b0 Color Gel Oil-Free SPF 50+ Pearl est un \u00e9cran solaire teint\u00e9 au toucher sec, offrant une haute protection contre les UVB, UVA, et IR. Il couvre les imperfections, hydrate, et prot\u00e8ge la peau des dommages cellulaires. Sa formule oil-free, s\u00e9bor\u00e9gulatrice et matifiante r\u00e9duit la brillance, id\u00e9ale pour les peaux mixtes \u00e0 grasses. Non com\u00e9dog\u00e8ne, sans huile et sans parabens, il combine photoprotection et maquillage correcteur pour un teint unifi\u00e9.<\/p>\n","protected":false},"excerpt":{"rendered":"<p><strong>HELIOCARE 360\u00b0 GEL OIL FREE NEUTRE:<\/strong><\/p>\n<p>Recommand\u00e9 pour les peaux sensibles et acn\u00e9iques, ce produit au toucher sec sans huile est sans paraben et test\u00e9 dermatologiquement.<\/p>\n<p><strong>HELIOCARE 360\u00b0 GEL OIL FREE PEARL:<\/strong><\/p>\n<p>Heliocare 360\u00b0 Color Oil Free Gel SPF 50+\u00a0est un\u00a0\u00e9cran solaire teint\u00e9 au toucher sec\u00a0et \u00e0 l&rsquo;indice de protection \u00e9lev\u00e9.<\/p>\n<p>Il prot\u00e8ge la peau des rayons du soleil et couvre les imperfections pour un fini naturel et un teint unifi\u00e9.<\/p>\n","protected":false},"featured_media":24857,"comment_status":"open","ping_status":"closed","template":"","meta":[],"product_cat":[20],"product_tag":[],"class_list":{"0":"post-17365","1":"product","2":"type-product","3":"status-publish","4":"has-post-thumbnail","6":"product_cat-accessories","8":"first","9":"instock","10":"shipping-taxable","11":"product-type-simple"},"jetpack_sharing_enabled":true,"_links":{"self":[{"href":"https:\/\/para-pharmacity.tn\/index.php?rest_route=\/wp\/v2\/product\/17365","targetHints":{"allow":["GET"]}}],"collection":[{"href":"https:\/\/para-pharmacity.tn\/index.php?rest_route=\/wp\/v2\/product"}],"about":[{"href":"https:\/\/para-pharmacity.tn\/index.php?rest_route=\/wp\/v2\/types\/product"}],"replies":[{"embeddable":true,"href":"https:\/\/para-pharmacity.tn\/index.php?rest_route=%2Fwp%2Fv2%2Fcomments&post=17365"}],"version-history":[{"count":2,"href":"https:\/\/para-pharmacity.tn\/index.php?rest_route=\/wp\/v2\/product\/17365\/revisions"}],"predecessor-version":[{"id":24858,"href":"https:\/\/para-pharmacity.tn\/index.php?rest_route=\/wp\/v2\/product\/17365\/revisions\/24858"}],"wp:featuredmedia":[{"embeddable":true,"href":"https:\/\/para-pharmacity.tn\/index.php?rest_route=\/wp\/v2\/media\/24857"}],"wp:attachment":[{"href":"https:\/\/para-pharmacity.tn\/index.php?rest_route=%2Fwp%2Fv2%2Fmedia&parent=17365"}],"wp:term":[{"taxonomy":"product_cat","embeddable":true,"href":"https:\/\/para-pharmacity.tn\/index.php?rest_route=%2Fwp%2Fv2%2Fproduct_cat&post=17365"},{"taxonomy":"product_tag","embeddable":true,"href":"https:\/\/para-pharmacity.tn\/index.php?rest_route=%2Fwp%2Fv2%2Fproduct_tag&post=17365"}],"curies":[{"name":"wp","href":"https:\/\/api.w.org\/{rel}","templated":true}]}}