{"id":17363,"date":"2024-07-10T23:02:42","date_gmt":"2024-07-10T23:02:42","guid":{"rendered":"https:\/\/para-pharmacity.tn\/?product=heliocare-gel-beigegel-oil-bronze"},"modified":"2024-09-12T15:24:49","modified_gmt":"2024-09-12T15:24:49","slug":"heliocare-gel-beigegel-oil-bronze","status":"publish","type":"product","link":"https:\/\/para-pharmacity.tn\/?product=heliocare-gel-beigegel-oil-bronze","title":{"rendered":"HELIOCARE GEL BEIGE+GEL OIL BRONZE"},"content":{"rendered":"<h1>HELIOCARE GEL BEIGE+GEL OIL BRONZE<\/h1>\n<p>ce coffret contient:<\/p>\n<h4>HELIOCARE 360\u00b0 GEL OIL FREE BRONZE:<\/h4>\n<p>Heliocare 360\u00b0 Color Oil Free Gel SPF 50+ est un \u00e9cran solaire teint\u00e9 bronze, haute protection, au toucher sec. Il prot\u00e8ge des UVB, UVA, et IR, couvre les imperfections, r\u00e9gule le s\u00e9bum pour un fini mat, et hydrate la peau. Texture fluide, non com\u00e9dog\u00e8ne, sans paraben ni alcool, test\u00e9 dermatologiquement. Id\u00e9al pour peaux mixtes \u00e0 grasses.<\/p>\n<h4>HELIOCARE 360\u00b0 GEL OIL FREE BEIGE:<\/h4>\n<p>Heliocare 360\u00b0 Color Oil Free Gel SPF 50+ est un \u00e9cran solaire teint\u00e9 beige \u00e0 tr\u00e8s haute protection. Il prot\u00e8ge des UVB, UVA, IR, tout en couvrant les imperfections pour un teint unifi\u00e9 et mat. Non com\u00e9dog\u00e8ne, sans paraben ni alcool, il r\u00e9gule le s\u00e9bum, hydrate et illumine la peau. Sa texture fluide convient aux peaux mixtes \u00e0 grasses, offrant un fini doux et lumineux. Test\u00e9 dermatologiquement.<\/p>\n","protected":false},"excerpt":{"rendered":"<p><strong>HELIOCARE 360\u00b0 GEL OIL FREE BRONZE:<\/strong><\/p>\n<p>Heliocare 360\u00b0 Color Oil Free Gel SPF 50+\u00a0est un\u00a0\u00e9cran solaire teint\u00e9 au toucher sec\u00a0et \u00e0 l&rsquo;indice de protection \u00e9lev\u00e9.<\/p>\n<p>Il prot\u00e8ge la peau des rayons du soleil et couvre les imperfections pour un fini naturel et un teint unifi\u00e9.<\/p>\n<p><strong>HELIOCARE 360\u00b0 GEL OIL FREE BEIGE:<\/strong><\/p>\n<p>Heliocare 360\u00ba Color Gel Oil Free unifie le teint et masque les imperfections. Il est indiqu\u00e9 dans les pathologies solaires et la photosensibilit\u00e9, et pour une activit\u00e9 anti-\u00e2ge et anti-taches renforc\u00e9e.<\/p>\n","protected":false},"featured_media":24851,"comment_status":"open","ping_status":"closed","template":"","meta":[],"product_cat":[20],"product_tag":[],"class_list":{"0":"post-17363","1":"product","2":"type-product","3":"status-publish","4":"has-post-thumbnail","6":"product_cat-accessories","8":"first","9":"instock","10":"shipping-taxable","11":"product-type-simple"},"jetpack_sharing_enabled":true,"_links":{"self":[{"href":"https:\/\/para-pharmacity.tn\/index.php?rest_route=\/wp\/v2\/product\/17363","targetHints":{"allow":["GET"]}}],"collection":[{"href":"https:\/\/para-pharmacity.tn\/index.php?rest_route=\/wp\/v2\/product"}],"about":[{"href":"https:\/\/para-pharmacity.tn\/index.php?rest_route=\/wp\/v2\/types\/product"}],"replies":[{"embeddable":true,"href":"https:\/\/para-pharmacity.tn\/index.php?rest_route=%2Fwp%2Fv2%2Fcomments&post=17363"}],"version-history":[{"count":2,"href":"https:\/\/para-pharmacity.tn\/index.php?rest_route=\/wp\/v2\/product\/17363\/revisions"}],"predecessor-version":[{"id":24852,"href":"https:\/\/para-pharmacity.tn\/index.php?rest_route=\/wp\/v2\/product\/17363\/revisions\/24852"}],"wp:featuredmedia":[{"embeddable":true,"href":"https:\/\/para-pharmacity.tn\/index.php?rest_route=\/wp\/v2\/media\/24851"}],"wp:attachment":[{"href":"https:\/\/para-pharmacity.tn\/index.php?rest_route=%2Fwp%2Fv2%2Fmedia&parent=17363"}],"wp:term":[{"taxonomy":"product_cat","embeddable":true,"href":"https:\/\/para-pharmacity.tn\/index.php?rest_route=%2Fwp%2Fv2%2Fproduct_cat&post=17363"},{"taxonomy":"product_tag","embeddable":true,"href":"https:\/\/para-pharmacity.tn\/index.php?rest_route=%2Fwp%2Fv2%2Fproduct_tag&post=17363"}],"curies":[{"name":"wp","href":"https:\/\/api.w.org\/{rel}","templated":true}]}}