{"id":17361,"date":"2024-07-10T23:02:42","date_gmt":"2024-07-10T23:02:42","guid":{"rendered":"https:\/\/para-pharmacity.tn\/?product=heliocare-compact-spf-50-light"},"modified":"2024-09-12T14:20:39","modified_gmt":"2024-09-12T14:20:39","slug":"heliocare-compact-spf-50-light","status":"publish","type":"product","link":"https:\/\/para-pharmacity.tn\/?product=heliocare-compact-spf-50-light","title":{"rendered":"HELIOCARE COMPACT SPF 50 LIGHT"},"content":{"rendered":"<p><strong>HELIOCARE Compact Color SPF50 OIL &#8211; FREE FAIR 60ML<\/strong><\/p>\n<p>HELIOCARE Color Compact Oil-Free SPF 50 Fair, pour les peaux normales \u00e0 grasses et sujettes \u00e0 l&rsquo;acn\u00e9 permet d&#8217;emp\u00eacher le photovieillissement et couvrer les imperfections en m\u00eame temps contribue \u00e0 un effet maquillage avec un teint uniforme<\/p>\n<p>Disponible en deux\u00a0teintes: Fair, Light.<\/p>\n<p>Gr\u00e2ce \u00e0 Fernblock\u00a0avec sa combinaison de filtres de technologie avanc\u00e9e et ses antioxydants actifs, HELIOCARE Color Compact OIL FREE pr\u00e9vient et r\u00e9pare les dommages solaires corrigeant les signes visibles du photovieillissement heliocare compact oil free\u00a0s&rsquo;adapte \u00e0 tous types de peaux<\/p>\n<ul>\n<li>Photoprotection \u00e9lev\u00e9e avec des antioxydants actifs et des agents de restauration qui offre une couverture pleine couleur pour les imperfections et unifie le teint.<\/li>\n<li>Prot\u00e8ge et applique le maquillage en un seul geste.<\/li>\n<li>Finition mate et l\u00e9g\u00e8re.<\/li>\n<li>Formule sans huile.<\/li>\n<\/ul>\n<p><b>LES INDICATIONS :<\/b><\/p>\n<p><b><br \/>\n<\/b>Photoprotection \u00e0 usage quotidien avec des couleurs qui \u00e9vite le photovieillissement, les imperfections, les hyperpigmentations cutan\u00e9es, la protection en cas de peaux r\u00e9actives, photosensibles ou photosensibilis\u00e9es \u00e0 la suite des traitements, couvre les imperfections et unifie le teint. Peaux normales \u00e0 s\u00e8ches.<\/p>\n<p><u><strong><span style=\"color: #000000\">Composition:<\/span><\/strong><\/u><\/p>\n<ul>\n<li>Fernblock<\/li>\n<li>Th\u00e9 vert<\/li>\n<\/ul>\n<p><u><strong><span style=\"color: #000000\">Conseils d&rsquo;Utilisation:<\/span><\/strong><\/u><\/p>\n<ul>\n<li>Il est recommand\u00e9 d&rsquo;Appliquer uniform\u00e9ment HELIOCARE Color Compact \u00e0 l&rsquo;aide d&rsquo;une \u00e9ponge en tamponnant doucement.<\/li>\n<li>Renouveler l&rsquo;application pendant la journ\u00e9e.<\/li>\n<\/ul>\n","protected":false},"excerpt":{"rendered":"<p>HELIOCARE HELIOCARE Oil free Compact spf 50 peaux mixtes \u00e0 grasses protection naturelle pour chaque jour. Protection \u00e0 activit\u00e9 antioxydante et r\u00e9paratrice. Convient aux peaux mixtes \u00e0 grasses. Ce soin solaire convient \u00e9galement comme maquillage de correction.<\/p>\n","protected":false},"featured_media":24836,"comment_status":"open","ping_status":"closed","template":"","meta":[],"product_cat":[20],"product_tag":[],"class_list":{"0":"post-17361","1":"product","2":"type-product","3":"status-publish","4":"has-post-thumbnail","6":"product_cat-accessories","8":"first","9":"instock","10":"shipping-taxable","11":"product-type-simple"},"jetpack_sharing_enabled":true,"_links":{"self":[{"href":"https:\/\/para-pharmacity.tn\/index.php?rest_route=\/wp\/v2\/product\/17361","targetHints":{"allow":["GET"]}}],"collection":[{"href":"https:\/\/para-pharmacity.tn\/index.php?rest_route=\/wp\/v2\/product"}],"about":[{"href":"https:\/\/para-pharmacity.tn\/index.php?rest_route=\/wp\/v2\/types\/product"}],"replies":[{"embeddable":true,"href":"https:\/\/para-pharmacity.tn\/index.php?rest_route=%2Fwp%2Fv2%2Fcomments&post=17361"}],"version-history":[{"count":2,"href":"https:\/\/para-pharmacity.tn\/index.php?rest_route=\/wp\/v2\/product\/17361\/revisions"}],"predecessor-version":[{"id":24839,"href":"https:\/\/para-pharmacity.tn\/index.php?rest_route=\/wp\/v2\/product\/17361\/revisions\/24839"}],"wp:featuredmedia":[{"embeddable":true,"href":"https:\/\/para-pharmacity.tn\/index.php?rest_route=\/wp\/v2\/media\/24836"}],"wp:attachment":[{"href":"https:\/\/para-pharmacity.tn\/index.php?rest_route=%2Fwp%2Fv2%2Fmedia&parent=17361"}],"wp:term":[{"taxonomy":"product_cat","embeddable":true,"href":"https:\/\/para-pharmacity.tn\/index.php?rest_route=%2Fwp%2Fv2%2Fproduct_cat&post=17361"},{"taxonomy":"product_tag","embeddable":true,"href":"https:\/\/para-pharmacity.tn\/index.php?rest_route=%2Fwp%2Fv2%2Fproduct_tag&post=17361"}],"curies":[{"name":"wp","href":"https:\/\/api.w.org\/{rel}","templated":true}]}}