{"id":17358,"date":"2024-07-10T23:02:39","date_gmt":"2024-07-10T23:02:39","guid":{"rendered":"https:\/\/para-pharmacity.tn\/?product=heliocare-360-water-gel-spf50sun-touch"},"modified":"2024-09-12T13:40:54","modified_gmt":"2024-09-12T13:40:54","slug":"heliocare-360-water-gel-spf50sun-touch","status":"publish","type":"product","link":"https:\/\/para-pharmacity.tn\/?product=heliocare-360-water-gel-spf50sun-touch","title":{"rendered":"HELIOCARE 360\u00b0 WATER GEL SPF50+SUN TOUCH"},"content":{"rendered":"<h1>HELIOCARE 360\u00b0 WATER GEL SPF50+SUN TOUCH<\/h1>\n<p>ce coffret contient:<\/p>\n<h4 class=\"h1\">HELIOCARE 360 WATER GEL SPF50+ 50ML:<\/h4>\n<p>Gel aqueux \u00e0 la texture ultra-l\u00e9g\u00e8re qui maintient la haute efficacit\u00e9 de la ligne Heliocare 360\u00ba, agissant \u00e0 3 niveaux : protection, neutralisation et r\u00e9paration.<\/p>\n<p>Avec Fernblock\u00ae + et un syst\u00e8me d\u2019hydratation longue dur\u00e9e (Moisturizing Booster Complex), Heliocare 360\u00ba Water Gel, offre une protection maximale avec une hydratation longue dur\u00e9e, avec une texture l\u00e9g\u00e8re et agr\u00e9able pour tous les types de peau.<\/p>\n<h4 class=\"h1\">HELIOCARE SUN TOUCH HYDRAGEL SPF 50, 50ML:<\/h4>\n<p>Heliocare Hydra Gel SPF 50 Sun Touch!\u00a0Le nouveau hydratant cr\u00e8me solaire de Heliocare, adapt\u00e9 \u00e0 tous les types de peau et id\u00e9al pour ceux qui ont la peau s\u00e8che.Sans huile, facile appliquer, de la lumi\u00e8re \u00e0 la formulation tactile, offrant une touche suppl\u00e9mentaire de l&rsquo; humidit\u00e9 et un chatoiement sain. Heliocare\u00ae Hydragel est id\u00e9al pour les types de peau, en particulier ceux qui ont besoin d&rsquo; une touche de luminosit\u00e9.<\/p>\n","protected":false},"excerpt":{"rendered":"<p class=\"h1\"><strong>HELIOCARE 360 WATER GEL SPF50+ 50ML:<\/strong><\/p>\n<div class=\"woocommerce-product-details__short-description\">\n<p>Gel aqueux \u00e0 la texture ultra-l\u00e9g\u00e8re qui maintient la haute efficacit\u00e9 de la ligne Heliocare 360\u00ba, agissant \u00e0 3 niveaux : protection, neutralisation et r\u00e9paration.<\/p>\n<\/div>\n<p class=\"h1\"><strong>HELIOCARE SUN TOUCH HYDRAGEL SPF 50, 50ML:<\/strong><\/p>\n<p>Heliocare Hydra Gel SPF 50 Sun Touch!\u00a0Le nouveau hydratant cr\u00e8me solaire de Heliocare, adapt\u00e9 \u00e0 tous les types de peau et id\u00e9al pour ceux qui ont la peau s\u00e8che.<\/p>\n","protected":false},"featured_media":24832,"comment_status":"open","ping_status":"closed","template":"","meta":[],"product_cat":[20],"product_tag":[],"class_list":{"0":"post-17358","1":"product","2":"type-product","3":"status-publish","4":"has-post-thumbnail","6":"product_cat-accessories","8":"first","9":"instock","10":"shipping-taxable","11":"product-type-simple"},"jetpack_sharing_enabled":true,"_links":{"self":[{"href":"https:\/\/para-pharmacity.tn\/index.php?rest_route=\/wp\/v2\/product\/17358","targetHints":{"allow":["GET"]}}],"collection":[{"href":"https:\/\/para-pharmacity.tn\/index.php?rest_route=\/wp\/v2\/product"}],"about":[{"href":"https:\/\/para-pharmacity.tn\/index.php?rest_route=\/wp\/v2\/types\/product"}],"replies":[{"embeddable":true,"href":"https:\/\/para-pharmacity.tn\/index.php?rest_route=%2Fwp%2Fv2%2Fcomments&post=17358"}],"version-history":[{"count":2,"href":"https:\/\/para-pharmacity.tn\/index.php?rest_route=\/wp\/v2\/product\/17358\/revisions"}],"predecessor-version":[{"id":24834,"href":"https:\/\/para-pharmacity.tn\/index.php?rest_route=\/wp\/v2\/product\/17358\/revisions\/24834"}],"wp:featuredmedia":[{"embeddable":true,"href":"https:\/\/para-pharmacity.tn\/index.php?rest_route=\/wp\/v2\/media\/24832"}],"wp:attachment":[{"href":"https:\/\/para-pharmacity.tn\/index.php?rest_route=%2Fwp%2Fv2%2Fmedia&parent=17358"}],"wp:term":[{"taxonomy":"product_cat","embeddable":true,"href":"https:\/\/para-pharmacity.tn\/index.php?rest_route=%2Fwp%2Fv2%2Fproduct_cat&post=17358"},{"taxonomy":"product_tag","embeddable":true,"href":"https:\/\/para-pharmacity.tn\/index.php?rest_route=%2Fwp%2Fv2%2Fproduct_tag&post=17358"}],"curies":[{"name":"wp","href":"https:\/\/api.w.org\/{rel}","templated":true}]}}