{"id":17357,"date":"2024-07-10T23:02:39","date_gmt":"2024-07-10T23:02:39","guid":{"rendered":"https:\/\/para-pharmacity.tn\/?product=heliocare-360-spray-invis-spf50-200ml"},"modified":"2024-09-12T13:15:48","modified_gmt":"2024-09-12T13:15:48","slug":"heliocare-360-spray-invis-spf50-200ml","status":"publish","type":"product","link":"https:\/\/para-pharmacity.tn\/?product=heliocare-360-spray-invis-spf50-200ml","title":{"rendered":"HELIOCARE 360\u00b0 SPRAY INVIS SPF50 200ML"},"content":{"rendered":"<p>Heliocare 360 Invisible Spray SPF50+ 200 ml est un spray de protection solaire l\u00e9ger, \u00e0 texture fra\u00eeche, facilement absorb\u00e9 et sec.<\/p>\n<p>Il offre une protection \u00e9lev\u00e9e contre les UVA\/UVB (SPF50+) et apporte de l&rsquo;humidit\u00e9 tout en prot\u00e9geant la peau.<\/p>\n<h2>Conseils d&rsquo;utilisation:<\/h2>\n<p>Vaporiser sur la peau 30 minutes avant l&rsquo;exposition au soleil. R\u00e9p\u00e9ter l&rsquo;application si l&rsquo;exposition au soleil se poursuit.<\/p>\n<h2>Composition:<\/h2>\n<p>DENAT ALCOOL. BENZOATE D&rsquo;ALKYLE EN C12-15. OCTOCRYLENE. ISOHEXADECANE. LE BUTYLM\u00c9THOXYDIBENZOYLM\u00c9THANE. LE SALICYLATE D&rsquo;\u00c9THYLHEXYLE. CYCLOPENTASILOXANE. BIS-\u00c9THYLHEXYLOXYPH\u00c9NOL M\u00c9THOXYPH\u00c9NYL TRIAZINE. DI\u00c9THYLHEXYL BUTAMIDE TRIAZONE. L&rsquo;ADIPATE DE DIBUTYLE. LE CYCLOHEXASILOXANE. POLYPODIUM LEUCOTOMOS LEAF EXTRACT. ETHYLHEXYL FERULATE. ACIDE FERULIQUE. ACIDE CAFFEIC. EXTRAIT DE PHYSALIS ANGULATA. HUILE DE GRAINES D&rsquo;HELIANTHUS ANNUUS. EXTRAIT DE FEUILLE DE CAMELIA SINENSIS. EXTRAIT D&rsquo;ARABIDOPSIS THALIANA. AC\u00c9TATE DE TOCOPH\u00c9RYLE. PARFUM. COPOLYM\u00c8RE ACRYLATES \/ OCTYLACRYLAMIDE. LE PALMITATE D&rsquo;ASCORBYLE. TRIAC\u00c9TATE DE PANTH\u00c9NYLE. AQUA. L&rsquo;OXOTHIAZOLIDINE. LINOL\u00c9ATE D&rsquo;\u00c9THYLE. TRIGLYC\u00c9RIDE CAPRYLIQUE\/CAPRIQUE. ALCOOL OLEYQUE. LE BUTYL\u00c8NE GLYCOL. TOCOPHEROL. LECITHIN. LE BENZOATE DE SODIUM.<\/p>\n","protected":false},"excerpt":{"rendered":"<div id=\"tab-description\" class=\"mf-Tabs-panel mf-Tabs-panel--description panel entry-content\" role=\"tabpanel\" aria-labelledby=\"tab-title-description\">\n<div class=\"tab-content-wrapper\">\n<p>Heliocare 360 Invisible Spray SPF50+ 200 ml est un spray de protection solaire l\u00e9ger, \u00e0 texture fra\u00eeche, facilement absorb\u00e9 et sec.<\/p>\n<\/div>\n<\/div>\n","protected":false},"featured_media":24828,"comment_status":"open","ping_status":"closed","template":"","meta":[],"product_cat":[20],"product_tag":[],"class_list":{"0":"post-17357","1":"product","2":"type-product","3":"status-publish","4":"has-post-thumbnail","6":"product_cat-accessories","8":"first","9":"instock","10":"shipping-taxable","11":"product-type-simple"},"jetpack_sharing_enabled":true,"_links":{"self":[{"href":"https:\/\/para-pharmacity.tn\/index.php?rest_route=\/wp\/v2\/product\/17357","targetHints":{"allow":["GET"]}}],"collection":[{"href":"https:\/\/para-pharmacity.tn\/index.php?rest_route=\/wp\/v2\/product"}],"about":[{"href":"https:\/\/para-pharmacity.tn\/index.php?rest_route=\/wp\/v2\/types\/product"}],"replies":[{"embeddable":true,"href":"https:\/\/para-pharmacity.tn\/index.php?rest_route=%2Fwp%2Fv2%2Fcomments&post=17357"}],"version-history":[{"count":2,"href":"https:\/\/para-pharmacity.tn\/index.php?rest_route=\/wp\/v2\/product\/17357\/revisions"}],"predecessor-version":[{"id":24831,"href":"https:\/\/para-pharmacity.tn\/index.php?rest_route=\/wp\/v2\/product\/17357\/revisions\/24831"}],"wp:featuredmedia":[{"embeddable":true,"href":"https:\/\/para-pharmacity.tn\/index.php?rest_route=\/wp\/v2\/media\/24828"}],"wp:attachment":[{"href":"https:\/\/para-pharmacity.tn\/index.php?rest_route=%2Fwp%2Fv2%2Fmedia&parent=17357"}],"wp:term":[{"taxonomy":"product_cat","embeddable":true,"href":"https:\/\/para-pharmacity.tn\/index.php?rest_route=%2Fwp%2Fv2%2Fproduct_cat&post=17357"},{"taxonomy":"product_tag","embeddable":true,"href":"https:\/\/para-pharmacity.tn\/index.php?rest_route=%2Fwp%2Fv2%2Fproduct_tag&post=17357"}],"curies":[{"name":"wp","href":"https:\/\/api.w.org\/{rel}","templated":true}]}}