{"id":17355,"date":"2024-07-10T23:02:39","date_gmt":"2024-07-10T23:02:39","guid":{"rendered":"https:\/\/para-pharmacity.tn\/?product=heliocare-360-pediatrics-lotionmineral"},"modified":"2024-09-12T13:00:51","modified_gmt":"2024-09-12T13:00:51","slug":"heliocare-360-pediatrics-lotionmineral","status":"publish","type":"product","link":"https:\/\/para-pharmacity.tn\/?product=heliocare-360-pediatrics-lotionmineral","title":{"rendered":"HELIOCARE 360\u00b0 PEDIATRICS LOTION+MINERAL"},"content":{"rendered":"<h1>HELIOCARE 360\u00b0 PEDIATRICS LOTION+MINERAL<\/h1>\n<p>ce coffret contient:<\/p>\n<h4>HELIOCARE 360\u00b0 MINERAL SPF 50+ 50ML:<\/h4>\n<p>Heliocare 360 Mineral Tolerance Fluid est un fluide l\u00e9ger \u00e0 filtres min\u00e9raux, sans parfum, test\u00e9 sur peaux sensibles. Il offre une protection SPF50 et PA++++ contre UVA, UVB, lumi\u00e8re visible et infrarouge-A, avec des antioxydants (Fernblock, vitamines C et E, th\u00e9 vert) et des enzymes de r\u00e9paration de l&rsquo;ADN.<\/p>\n<h4 class=\"h1\">Heliocare 360 Pediatrics lotion 200 ml:<\/h4>\n<p>Texture ultra l\u00e9g\u00e8re et hydratante avec arginine, facile \u00e0 \u00e9taler. Haute protection UVA, UVB, lumi\u00e8re visible et IR-A. Formule enrichie avec Femblock+ pour une action anti oxydante, r\u00e9paratrice et photo-immunoprotectrice.<\/p>\n","protected":false},"excerpt":{"rendered":"<p><strong>HELIOCARE 360\u00b0 MINERAL SPF 50+ 50ML:<\/strong><\/p>\n<p>La formulation min\u00e9rale est l\u00e9g\u00e8re et respirante, avec un fini perl\u00e9 qui laisse la peau satin\u00e9e et soyeuse. Elle hydrate, matifie et est id\u00e9ale sous le maquillage, convenant \u00e0 tous les types de peau.<\/p>\n<p class=\"h1\"><strong>Heliocare 360 Pediatrics lotion 200 ml:<\/strong><\/p>\n<p>Texture ultra l\u00e9g\u00e8re et hydratante avec arginine, facile \u00e0 \u00e9taler. Haute protection UVA, UVB, lumi\u00e8re visible et IR-A. Formule enrichie avec Femblock+ pour une action anti oxydante, r\u00e9paratrice et photo-immunoprotectrice.<\/p>\n","protected":false},"featured_media":24824,"comment_status":"open","ping_status":"closed","template":"","meta":[],"product_cat":[20],"product_tag":[],"class_list":{"0":"post-17355","1":"product","2":"type-product","3":"status-publish","4":"has-post-thumbnail","6":"product_cat-accessories","8":"first","9":"instock","10":"shipping-taxable","11":"product-type-simple"},"jetpack_sharing_enabled":true,"_links":{"self":[{"href":"https:\/\/para-pharmacity.tn\/index.php?rest_route=\/wp\/v2\/product\/17355","targetHints":{"allow":["GET"]}}],"collection":[{"href":"https:\/\/para-pharmacity.tn\/index.php?rest_route=\/wp\/v2\/product"}],"about":[{"href":"https:\/\/para-pharmacity.tn\/index.php?rest_route=\/wp\/v2\/types\/product"}],"replies":[{"embeddable":true,"href":"https:\/\/para-pharmacity.tn\/index.php?rest_route=%2Fwp%2Fv2%2Fcomments&post=17355"}],"version-history":[{"count":2,"href":"https:\/\/para-pharmacity.tn\/index.php?rest_route=\/wp\/v2\/product\/17355\/revisions"}],"predecessor-version":[{"id":24826,"href":"https:\/\/para-pharmacity.tn\/index.php?rest_route=\/wp\/v2\/product\/17355\/revisions\/24826"}],"wp:featuredmedia":[{"embeddable":true,"href":"https:\/\/para-pharmacity.tn\/index.php?rest_route=\/wp\/v2\/media\/24824"}],"wp:attachment":[{"href":"https:\/\/para-pharmacity.tn\/index.php?rest_route=%2Fwp%2Fv2%2Fmedia&parent=17355"}],"wp:term":[{"taxonomy":"product_cat","embeddable":true,"href":"https:\/\/para-pharmacity.tn\/index.php?rest_route=%2Fwp%2Fv2%2Fproduct_cat&post=17355"},{"taxonomy":"product_tag","embeddable":true,"href":"https:\/\/para-pharmacity.tn\/index.php?rest_route=%2Fwp%2Fv2%2Fproduct_tag&post=17355"}],"curies":[{"name":"wp","href":"https:\/\/api.w.org\/{rel}","templated":true}]}}