{"id":17352,"date":"2024-07-10T23:02:38","date_gmt":"2024-07-10T23:02:38","guid":{"rendered":"https:\/\/para-pharmacity.tn\/?product=heliocare-360-oral-d-plus-30-capsules"},"modified":"2024-09-12T11:18:39","modified_gmt":"2024-09-12T11:18:39","slug":"heliocare-360-oral-d-plus-30-capsules","status":"publish","type":"product","link":"https:\/\/para-pharmacity.tn\/?product=heliocare-360-oral-d-plus-30-capsules","title":{"rendered":"HELIOCARE 360\u00b0 ORAL D PLUS 30 CAPSULES"},"content":{"rendered":"<p style=\"font-weight: 400\"><b><strong>Description :<\/strong><\/b><\/p>\n<p style=\"font-weight: 400\">Capsules \u00e0 haute teneur en Fernblock\u00ae+ , qui augmente la r\u00e9sistance de la peau au soleil d\u00e8s le premier apport, neutralise et r\u00e9pare les m\u00e9faits du soleil. A combiner avec une photoprotection topique pour une protection homog\u00e8ne et plus compl\u00e8te. Sa formule comprend des vitamines D et E et de la niacinamide. Sans gluten.<\/p>\n<p><b><strong>Indications :<\/strong><\/b><\/p>\n<p style=\"font-weight: 400\">Tous les types de peau fortement expos\u00e9s au soleil et ceux pr\u00e9sentant des troubles cutan\u00e9s.<\/p>\n<p><b><strong>Ingr\u00e9dients :<\/strong><\/b><\/p>\n<p style=\"font-weight: 400\">360 mg Fernblock\u00ae+<\/p>\n<p style=\"font-weight: 400\">16 mg Niacinamide<\/p>\n<p style=\"font-weight: 400\">5 \u00b5g Vitamine D<\/p>\n<p style=\"font-weight: 400\">12 mg Vitamine E<\/p>\n<p><b><strong>Conseils d\u2019utilisation<\/strong><\/b><b><strong>\u00a0:<\/strong><\/b><\/p>\n<p style=\"font-weight: 400\">Prendre 1 g\u00e9lule par jour avant l&rsquo;exposition au soleil. Ne pas d\u00e9passer la dose journali\u00e8re recommand\u00e9e.<\/p>\n","protected":false},"excerpt":{"rendered":"<p style=\"font-weight: 400\">Protection<\/p>\n<p style=\"font-weight: 400\">Activit\u00e9 r\u00e9paratrice des dommages solaires (Fernblock\u00ae+)<\/p>\n<p style=\"font-weight: 400\">Anti-oxydant<\/p>\n<p style=\"font-weight: 400\">Pr\u00e9vention du photovieillissement et des taches solaires<\/p>\n<p style=\"font-weight: 400\">Avec Fernblock+, efficace d\u00e8s la premi\u00e8re administration<\/p>\n<p style=\"font-weight: 400\">Sans gluten<\/p>\n<p style=\"font-weight: 400\">Capsule v\u00e9g\u00e9talienne<\/p>\n","protected":false},"featured_media":24820,"comment_status":"open","ping_status":"closed","template":"","meta":[],"product_cat":[20],"product_tag":[],"class_list":{"0":"post-17352","1":"product","2":"type-product","3":"status-publish","4":"has-post-thumbnail","6":"product_cat-accessories","8":"first","9":"instock","10":"shipping-taxable","11":"product-type-simple"},"jetpack_sharing_enabled":true,"_links":{"self":[{"href":"https:\/\/para-pharmacity.tn\/index.php?rest_route=\/wp\/v2\/product\/17352","targetHints":{"allow":["GET"]}}],"collection":[{"href":"https:\/\/para-pharmacity.tn\/index.php?rest_route=\/wp\/v2\/product"}],"about":[{"href":"https:\/\/para-pharmacity.tn\/index.php?rest_route=\/wp\/v2\/types\/product"}],"replies":[{"embeddable":true,"href":"https:\/\/para-pharmacity.tn\/index.php?rest_route=%2Fwp%2Fv2%2Fcomments&post=17352"}],"version-history":[{"count":2,"href":"https:\/\/para-pharmacity.tn\/index.php?rest_route=\/wp\/v2\/product\/17352\/revisions"}],"predecessor-version":[{"id":24823,"href":"https:\/\/para-pharmacity.tn\/index.php?rest_route=\/wp\/v2\/product\/17352\/revisions\/24823"}],"wp:featuredmedia":[{"embeddable":true,"href":"https:\/\/para-pharmacity.tn\/index.php?rest_route=\/wp\/v2\/media\/24820"}],"wp:attachment":[{"href":"https:\/\/para-pharmacity.tn\/index.php?rest_route=%2Fwp%2Fv2%2Fmedia&parent=17352"}],"wp:term":[{"taxonomy":"product_cat","embeddable":true,"href":"https:\/\/para-pharmacity.tn\/index.php?rest_route=%2Fwp%2Fv2%2Fproduct_cat&post=17352"},{"taxonomy":"product_tag","embeddable":true,"href":"https:\/\/para-pharmacity.tn\/index.php?rest_route=%2Fwp%2Fv2%2Fproduct_tag&post=17352"}],"curies":[{"name":"wp","href":"https:\/\/api.w.org\/{rel}","templated":true}]}}