{"id":17350,"date":"2024-07-10T23:02:37","date_gmt":"2024-07-10T23:02:37","guid":{"rendered":"https:\/\/para-pharmacity.tn\/?product=heliocare-360-mineral-spf-50-50ml"},"modified":"2024-09-12T09:32:17","modified_gmt":"2024-09-12T09:32:17","slug":"heliocare-360-mineral-spf-50-50ml","status":"publish","type":"product","link":"https:\/\/para-pharmacity.tn\/?product=heliocare-360-mineral-spf-50-50ml","title":{"rendered":"HELIOCARE 360\u00b0 MINERAL SPF 50+ 50ML"},"content":{"rendered":"<p><b>Heliocare 360 Mineral Tolerance Fluid SPF 50 50ML<\/b><\/p>\n<p>Heliocare 360 Mineral Tolerance Fluid est un fluide l\u00e9ger et respirant avec des filtres uniquement min\u00e9raux qui p\u00e9n\u00e8trent rapidement dans la peau avec un fini soyeux.<\/p>\n<p>Le Fluide Tol\u00e9rance Min\u00e9rale de Heliocare 360 est sans parfum et test\u00e9 sur les peaux les plus sensibles.<\/p>\n<p>Heliocare 360 Mineral Tolerance Fluid assure une protection ultime de la peau :<\/p>\n<ul>\n<li>Prot\u00e8ge contre les UVA, UVB, lumi\u00e8re visible et infrarouge-A avec SPF50 et PA++++<\/li>\n<li>Fernblock antioxydant suraliment\u00e9 prot\u00e8ge la sant\u00e9 de la peau<\/li>\n<li>Enzymes de r\u00e9paration de l&rsquo;ADN<\/li>\n<li>Anti-oxydants suppl\u00e9mentaires Vitamines C et E plus extrait de th\u00e9 vert<\/li>\n<\/ul>\n<p><b><u><span style=\"color: #000000\">Composition :\u00a0<\/span><\/u><\/b><\/p>\n<p>Aqua; Dimethicone; Isododecane; C12-15 Alkyl Benzoate; Hydrogenated Polydecene; Titanium Dioxide(nano); Zinc Oxide(nano); Butyloctyl Salicylate; Alumina; Styrene\/Acrylates Copolymer; Phenethyl Benzoate; PEG-9 Polydimethylsiloxyethyl Dimethicone; Nylon-12; Polypodium leucotomos Leaf Extract; Ferulic Acid; Caffeic Acid; Physalis angulata Extract; Caprylyl Glycol; Melanin; Camellia sinensis Extract; Plankton Extract; 3-O-Ethyl Ascorbic Acid; Isohexadecane; Hydrogen Dimethicone; Phenylpropanol; Polyhydroxystearic Acid; Magnesium Sulfate; Tocopheryl Acetate; Dimethicone\/PEG-10\/15 Crosspolymer; Propanediol; Triethoxycaprylylsilane; Propylene Carbonate; Caprylic\/Capric Triglyceride; Panthenyl Triacetate; Butylene Glycol; Propylene Glycol; Arginine; Ethyl Linoleate; Oleyl Alcohol; Pentylene Glycol; Oxothiazolidine; Dipropylene Glycol; Sodium Citrate; Palmitoyl Hydroxypropyltrimonium Amylopectin\/Glycerin Crosspolymer; 1,2-Hexanediol; Lecithin; Sodium Benzoate; Tocopherol; Hydrogenated Lecithin; Phenoxyethanol; CI 77492; CI 77491; CI 77499<\/p>\n<ul>\n<li>SPF50 &amp; AP++++<\/li>\n<li>Filtres min\u00e9raux uniquement<\/li>\n<li>Sans parfum<\/li>\n<li>Test\u00e9 sur peaux sensibles<\/li>\n<li>Sans alcool<\/li>\n<li>R\u00e9sistant \u00e0 l&rsquo;eau<\/li>\n<li>Non com\u00e9dog\u00e8ne<\/li>\n<\/ul>\n<p><span style=\"color: #000000\"><b><u>Conseils d&rsquo;utilisation :\u00a0<\/u><\/b><br \/>\n<\/span><\/p>\n<ul>\n<li>Agiter avant utilisation.<\/li>\n<li>Appliquez environ deux longueurs compl\u00e8tes de Heliocare 360 Mineral Tolerance Fluid sur le visage en veillant \u00e0 appliquer le produit uniform\u00e9ment.<\/li>\n<li>Assurez-vous d&rsquo;obtenir une couverture compl\u00e8te jusqu&rsquo;\u00e0 la racine des cheveux et autour des yeux, en prenant soin de ne pas mettre de produit dans les yeux.<\/li>\n<li>Renouveler l&rsquo;application de heliocare mineral fluid\u00a0toutes les 2 heures pendant les p\u00e9riodes de forte exposition, apr\u00e8s avoir transpir\u00e9, nag\u00e9 ou s&rsquo;\u00eatre essuy\u00e9 la peau.<\/li>\n<\/ul>\n","protected":false},"excerpt":{"rendered":"<p style=\"font-weight: 400\">La formulation min\u00e9rale est l\u00e9g\u00e8re, naturelle et respirante<\/p>\n<ul>\n<li style=\"font-weight: 400\">Le fluide perl\u00e9, de couleur perle, laisse la peau satin\u00e9e et se sent luxueusement soyeuse et lisse<\/li>\n<li style=\"font-weight: 400\">Hydrate la peau et a un effet matifiant<\/li>\n<li style=\"font-weight: 400\">Parfait pour une utilisation sous maquillage<\/li>\n<li style=\"font-weight: 400\">Id\u00e9al pour tous les types de peau<\/li>\n<\/ul>\n","protected":false},"featured_media":24807,"comment_status":"open","ping_status":"closed","template":"","meta":[],"product_cat":[20],"product_tag":[],"class_list":{"0":"post-17350","1":"product","2":"type-product","3":"status-publish","4":"has-post-thumbnail","6":"product_cat-accessories","8":"first","9":"instock","10":"shipping-taxable","11":"product-type-simple"},"jetpack_sharing_enabled":true,"_links":{"self":[{"href":"https:\/\/para-pharmacity.tn\/index.php?rest_route=\/wp\/v2\/product\/17350","targetHints":{"allow":["GET"]}}],"collection":[{"href":"https:\/\/para-pharmacity.tn\/index.php?rest_route=\/wp\/v2\/product"}],"about":[{"href":"https:\/\/para-pharmacity.tn\/index.php?rest_route=\/wp\/v2\/types\/product"}],"replies":[{"embeddable":true,"href":"https:\/\/para-pharmacity.tn\/index.php?rest_route=%2Fwp%2Fv2%2Fcomments&post=17350"}],"version-history":[{"count":2,"href":"https:\/\/para-pharmacity.tn\/index.php?rest_route=\/wp\/v2\/product\/17350\/revisions"}],"predecessor-version":[{"id":24809,"href":"https:\/\/para-pharmacity.tn\/index.php?rest_route=\/wp\/v2\/product\/17350\/revisions\/24809"}],"wp:featuredmedia":[{"embeddable":true,"href":"https:\/\/para-pharmacity.tn\/index.php?rest_route=\/wp\/v2\/media\/24807"}],"wp:attachment":[{"href":"https:\/\/para-pharmacity.tn\/index.php?rest_route=%2Fwp%2Fv2%2Fmedia&parent=17350"}],"wp:term":[{"taxonomy":"product_cat","embeddable":true,"href":"https:\/\/para-pharmacity.tn\/index.php?rest_route=%2Fwp%2Fv2%2Fproduct_cat&post=17350"},{"taxonomy":"product_tag","embeddable":true,"href":"https:\/\/para-pharmacity.tn\/index.php?rest_route=%2Fwp%2Fv2%2Fproduct_tag&post=17350"}],"curies":[{"name":"wp","href":"https:\/\/api.w.org\/{rel}","templated":true}]}}