{"id":17348,"date":"2024-07-10T23:02:37","date_gmt":"2024-07-10T23:02:37","guid":{"rendered":"https:\/\/para-pharmacity.tn\/?product=heliocare-360-kit-mineralgel-of-bronze"},"modified":"2024-09-12T09:54:39","modified_gmt":"2024-09-12T09:54:39","slug":"heliocare-360-kit-mineralgel-of-bronze","status":"publish","type":"product","link":"https:\/\/para-pharmacity.tn\/?product=heliocare-360-kit-mineralgel-of-bronze","title":{"rendered":"HELIOCARE 360\u00b0 KIT MINERAL+GEL OF BRONZE"},"content":{"rendered":"<h1>HELIOCARE 360\u00b0 KIT MINERAL+GEL OF BRONZE<\/h1>\n<p>ce coffret contient:<\/p>\n<h4>HELIOCARE 360\u00b0 MINERAL SPF 50+ 50ML:<\/h4>\n<p>Heliocare 360 Mineral Tolerance Fluid est un fluide l\u00e9ger \u00e0 filtres min\u00e9raux, sans parfum, test\u00e9 sur peaux sensibles. Il offre une protection SPF50 et PA++++ contre UVA, UVB, lumi\u00e8re visible et infrarouge-A, avec des antioxydants (Fernblock, vitamines C et E, th\u00e9 vert) et des enzymes de r\u00e9paration de l&rsquo;ADN.<\/p>\n<h4>HELIOCARE 360\u00b0 GEL OIL FREE BRONZE :<\/h4>\n<p>Heliocare 360\u00b0 Color Oil Free Gel SPF 50+ est un \u00e9cran solaire teint\u00e9 bronze au toucher sec. Il prot\u00e8ge des UVB, UVA, et IR, tout en couvrant les imperfections pour un teint unifi\u00e9 et mat. Non com\u00e9dog\u00e8ne, sans paraben ni alcool, il r\u00e9gule le s\u00e9bum, hydrate, illumine, et convient aux peaux mixtes \u00e0 grasses. Test\u00e9 dermatologiquement et ophtalmologiquement.<\/p>\n","protected":false},"excerpt":{"rendered":"<p><strong>HELIOCARE 360\u00b0 MINERAL SPF 50+ 50ML:<\/strong><\/p>\n<p>La formulation min\u00e9rale est l\u00e9g\u00e8re et respirante, avec un fini perl\u00e9 qui laisse la peau satin\u00e9e et soyeuse. Elle hydrate, matifie et est id\u00e9ale sous le maquillage, convenant \u00e0 tous les types de peau.<\/p>\n<p><strong>HELIOCARE 360\u00b0 GEL OIL FREE BRONZE :<\/strong><\/p>\n<p>Heliocare 360\u00b0 Color Oil Free Gel SPF 50+ est un \u00e9cran solaire teint\u00e9 \u00e0 haute protection, offrant un fini naturel tout en couvrant les imperfections et unifiant le teint.<\/p>\n","protected":false},"featured_media":24811,"comment_status":"open","ping_status":"closed","template":"","meta":[],"product_cat":[20],"product_tag":[],"class_list":{"0":"post-17348","1":"product","2":"type-product","3":"status-publish","4":"has-post-thumbnail","6":"product_cat-accessories","8":"first","9":"instock","10":"shipping-taxable","11":"product-type-simple"},"jetpack_sharing_enabled":true,"_links":{"self":[{"href":"https:\/\/para-pharmacity.tn\/index.php?rest_route=\/wp\/v2\/product\/17348","targetHints":{"allow":["GET"]}}],"collection":[{"href":"https:\/\/para-pharmacity.tn\/index.php?rest_route=\/wp\/v2\/product"}],"about":[{"href":"https:\/\/para-pharmacity.tn\/index.php?rest_route=\/wp\/v2\/types\/product"}],"replies":[{"embeddable":true,"href":"https:\/\/para-pharmacity.tn\/index.php?rest_route=%2Fwp%2Fv2%2Fcomments&post=17348"}],"version-history":[{"count":3,"href":"https:\/\/para-pharmacity.tn\/index.php?rest_route=\/wp\/v2\/product\/17348\/revisions"}],"predecessor-version":[{"id":24817,"href":"https:\/\/para-pharmacity.tn\/index.php?rest_route=\/wp\/v2\/product\/17348\/revisions\/24817"}],"wp:featuredmedia":[{"embeddable":true,"href":"https:\/\/para-pharmacity.tn\/index.php?rest_route=\/wp\/v2\/media\/24811"}],"wp:attachment":[{"href":"https:\/\/para-pharmacity.tn\/index.php?rest_route=%2Fwp%2Fv2%2Fmedia&parent=17348"}],"wp:term":[{"taxonomy":"product_cat","embeddable":true,"href":"https:\/\/para-pharmacity.tn\/index.php?rest_route=%2Fwp%2Fv2%2Fproduct_cat&post=17348"},{"taxonomy":"product_tag","embeddable":true,"href":"https:\/\/para-pharmacity.tn\/index.php?rest_route=%2Fwp%2Fv2%2Fproduct_tag&post=17348"}],"curies":[{"name":"wp","href":"https:\/\/api.w.org\/{rel}","templated":true}]}}