{"id":17346,"date":"2024-07-10T23:02:36","date_gmt":"2024-07-10T23:02:36","guid":{"rendered":"https:\/\/para-pharmacity.tn\/?product=heliocare-360-gel-oil-free-neutre"},"modified":"2024-09-12T09:15:00","modified_gmt":"2024-09-12T09:15:00","slug":"heliocare-360-gel-oil-free-neutre","status":"publish","type":"product","link":"https:\/\/para-pharmacity.tn\/?product=heliocare-360-gel-oil-free-neutre","title":{"rendered":"HELIOCARE 360\u00b0 GEL OIL FREE NEUTRE"},"content":{"rendered":"<p><strong><span class=\"notranslate\">Description :<\/span><\/strong><\/p>\n<p><span class=\"notranslate\">LA R\u00c9VOLUTION \u00c0 360 \u00b0<\/span>\u00a0<span class=\"notranslate\">PROTECTION ANTI-\u00c2GE ESSENTIELLE ET PREVENTION<\/span><\/p>\n<p><span class=\"notranslate\">Medigrade Skincare Gestion du spectre complet des d\u00e9fis quotidiens du vieillissement cutan\u00e9<\/span><\/p>\n<p><span class=\"notranslate\">La R\u00e9volution \u00e0 360 \u00b0 offre une protection de la peau contre les d\u00e9fis environnementaux quotidiens de notre peau et aide \u00e0 pr\u00e9venir le vieillissement de la peau et les dommages que ces probl\u00e8mes peuvent causer.<\/span>\u00a0<span class=\"notranslate\">Il le fait \u00e0 un niveau plus large et plus \u00e9lev\u00e9 que pr\u00e9c\u00e9demment, avec des produits qui ont une sensation de peau qui encouragent l&rsquo;utilisation quotidienne et que tous ceux qui se soucient du vieillissement de la peau et de la peau peuvent int\u00e9grer dans leur r\u00e9gime quotidien.<\/span><\/p>\n<p><span class=\"notranslate\">Heliocare 360\u1d3c prend soin de la peau en veillant \u00e0 ce que les utilisateurs l&rsquo;utilisent le jour m\u00eame et en rendant les pr\u00e9sentations faciles \u00e0 utiliser tous les jours.<\/span>\u00a0<span class=\"notranslate\">Heliocare 360\u1d3c prend la sensation de peau-amour d&rsquo;Heliocare renomm\u00e9e et la conformit\u00e9 d&rsquo;utilisation quotidienne \u00e0 un autre niveau.<\/span><\/p>\n<p><span class=\"notranslate\"><strong>PROTECTION<\/strong>\u00a0&#8211; contre le spectre complet des d\u00e9fis environnementaux quotidiens UVB, UVA, Infrarouge-A (IR-A) et la lumi\u00e8re visible.<\/span>\u00a0<span class=\"notranslate\">Le SPF50 + et la protection UVB | UVA \u00e0 large spectre sont combin\u00e9s avec le syst\u00e8me BioShield 360 \u00b0 BioShield de Melanin Biomim\u00e9tique Fractionnelle et Pro-Taurine offrant une protection biologique avanc\u00e9e suppl\u00e9mentaire contre la lumi\u00e8re visible \u00e0 haute \u00e9nergie et le rayonnement infrarouge.<\/span>\u00a0<span class=\"notranslate\">Le syst\u00e8me BioShield absorbe la lumi\u00e8re visible \u00e0 haute \u00e9nergie \u00e0 la surface de la peau et aide \u00e0 neutraliser l&rsquo;action de l&rsquo;infrarouge -A dans la peau.<\/span><\/p>\n<p><span class=\"notranslate\"><strong>PR\u00c9VENTION<\/strong>\u00a0&#8211; des dommages que les ROS \/ radicaux libres g\u00e9n\u00e9r\u00e9s par ces d\u00e9fis quotidiens peuvent causer en utilisant l&rsquo;extrait de Fernblock\u00ae Polypodium leuctomos cliniquement prouv\u00e9 et brevet\u00e9 contenu dans chaque produit Heliocare.<\/span>\u00a0<span class=\"notranslate\">Fernblock\u00ae est un complexe naturel contenant de puissants anti-oxydants polyph\u00e9nols tels que l&rsquo;acide f\u00e9rulique, caf\u00e9ique et vanillique, \u00e9tay\u00e9 par de nombreuses preuves publi\u00e9es par des pairs sur son efficacit\u00e9 antioxydante cutan\u00e9e de haut niveau.<\/span>\u00a0<span class=\"notranslate\">Dans Heliocare 360\u1d3c, il est fortifi\u00e9 avec de l&rsquo;acide f\u00e9rulique et caf\u00e9ique suppl\u00e9mentaire pour produire Fernblock\u00ae FC, avec une activit\u00e9 antioxydante jusqu&rsquo;\u00e0 4 fois sup\u00e9rieure \u00e0 celle de Fernblock\u00ae seul.<\/span>\u00a0<span class=\"notranslate\">L&rsquo;effet anti-oxydant Heliocare 360\u1d3c est encore renforc\u00e9 par l&rsquo;ajout de Vitamine C, E et extrait de th\u00e9 vert.<\/span><\/p>\n<p><span class=\"notranslate\"><strong>REPARATION<\/strong>\u00a0&#8211; de dommages \u00e0 l&rsquo;ADN.<\/span>\u00a0<span class=\"notranslate\">L&rsquo;ADN des cellules de la peau peut \u00eatre endommag\u00e9 par l&rsquo;absorption des UV et par le stress oxydatif caus\u00e9 par les ROS, ce qui peut acc\u00e9l\u00e9rer le vieillissement de la peau et alt\u00e9rer la sant\u00e9 de la peau, dans le pire des cas.<\/span>\u00a0<span class=\"notranslate\">Fernblock\u00aeFC peut aider \u00e0 r\u00e9duire les dommages \u00e0 l&rsquo;ADN et les ingr\u00e9dients naturels de l&rsquo;enzyme de r\u00e9paration de l&rsquo;ADN d&rsquo;origine v\u00e9g\u00e9tale contenus dans Heliocare\u00ae 360 \u00b0 peuvent aider \u00e0 r\u00e9duire le niveau de dommages \u00e0 l&rsquo;ADN.<\/span><\/p>\n<p><span class=\"notranslate\"><strong>Heliocare 360 \u200b\u200bGel SPF 50 sans huile 50 ml<\/strong><\/span><\/p>\n<p><span class=\"notranslate\">Texture tactile sans huile unique avec filtres avanc\u00e9s et syst\u00e8me Bioshield qui offre une protection \u00e0 large spectre contre les rayons UVA, UVB, la lumi\u00e8re visible et IR-A.<\/span>\u00a0<span class=\"notranslate\">Enrichi avec Fernblock\u00ae FC pour une activit\u00e9 antioxydante puissante, et des actifs qui r\u00e9parent les dommages caus\u00e9s par le soleil, tels que les dommages \u00e0 l&rsquo;ADN et le vieillissement pr\u00e9matur\u00e9 de la peau.<\/span>\u00a0<span class=\"notranslate\">Enrichie en technologie de contr\u00f4le antibact\u00e9rien, antimicrobien et s\u00e9bum, elle est recommand\u00e9e pour les peaux sensibles et sujettes \u00e0 l&rsquo;acn\u00e9.<\/span>\u00a0<span class=\"notranslate\">Sa formulation au toucher sec sans huile le rend particuli\u00e8rement adapt\u00e9 aux peaux normales, mixtes et grasses, r\u00e9duisant la brillance due au climat humide.<\/span>\u00a0<span class=\"notranslate\">Paraben et sans alcool.<\/span><\/p>\n<p><span class=\"notranslate\">taille 50 ml<\/span><\/p>\n<p><span class=\"notranslate\">Instructions:<\/span><br \/>\n<span class=\"notranslate\">Convient aux peaux normales, sensibles, mixtes et grasses<\/span><br \/>\n<span class=\"notranslate\">Appliquez le matin pour compl\u00e9ter votre r\u00e9gime anti-\u00e2ge.<\/span>\u00a0<span class=\"notranslate\">Massez doucement jusqu&rsquo;\u00e0 absorption pour assurer une couverture compl\u00e8te du visage et du d\u00e9collet\u00e9.<\/span>\u00a0<span class=\"notranslate\">Non-com\u00e9dog\u00e8ne et r\u00e9sistant \u00e0 l&rsquo;eau r\u00e9appliquer toutes les 2-3 heures pendant les p\u00e9riodes d&rsquo;exposition \u00e9lev\u00e9e au soleil.<\/span><\/p>\n<p><span class=\"notranslate\"><strong>Choisir le bon produit Heliocare 360\u02da:<\/strong><\/span><br \/>\n<span class=\"notranslate\">Heliocare 360 \u200b\u200bMineral<\/span><br \/>\n<span class=\"notranslate\">Une formulation min\u00e9rale naturelle et respirante qui laisse la peau luxueusement soyeuse, avec une lueur satin\u00e9e qui la rend \u00e9galement parfaite pour le maquillage.<\/span>\u00a0<span class=\"notranslate\">Id\u00e9al pour tous les types de peau.<\/span><\/p>\n<p><span class=\"notranslate\">Gel sans huile Heliocare 360\u02da<\/span><br \/>\n<span class=\"notranslate\">Un gel matifiant ultra-l\u00e9ger qui fond rapidement dans la peau en le laissant hydrat\u00e9 mais sec au toucher.<\/span>\u00a0<span class=\"notranslate\">C&rsquo;est parfait pour tous les types de peau, mais surtout ceux qui ont une peau grasse ou mixte.<\/span><\/p>\n<p><span class=\"notranslate\">Heliocare 360\u02da Fluide Cr\u00e8me<\/span><br \/>\n<span class=\"notranslate\">Une cr\u00e8me l\u00e9g\u00e8re avec un complexe hydratant avanc\u00e9 qui laisse la peau douce et hydrat\u00e9e.<\/span>\u00a0<span class=\"notranslate\">Id\u00e9al pour ceux qui ont une peau normale \u00e0 s\u00e8che.<\/span><\/p>\n<p><span class=\"notranslate\">Heliocare 360\u02da Airgel<\/span><br \/>\n<span class=\"notranslate\">Une formule l\u00e9g\u00e8re et moussante qui conditionne la peau et s\u00e8che rapidement, procurant une couverture uniforme.<\/span>\u00a0<span class=\"notranslate\">Parfait pour tous les types de peau.<\/span><\/p>\n<p><strong><span class=\"notranslate\">Composition :<\/span><\/strong><\/p>\n<p><span class=\"notranslate\">Aqua, Benzoate d&rsquo;alkyle en C12-15, Arginine, Acide ph\u00e9nylbenzimidazole sulfonique, Ph\u00e9nyl disulfure de dibenzimidazole disodique, Bis-Ethylhexyloxyph\u00e9nol m\u00e9thoxyph\u00e9nyl triazine, Dioxyde de titane (nano), Hexyl\u00e8ne glycol, Alcools en C14-22, Glucoside alkylique en C12-20, Benzoate de di\u00e9thylamino hydroxybenzoyl hexyle, Alcool Nylon-12 Myristyle, Dibenzoate de Dipropyl\u00e8ne Glycol, Diethylhexyl Butamido Triazone, Ph\u00e9noxy\u00e9thanol, Extrait de Feuille de Polypodium Leucotomos, Ethylhexyl Ferulate, Acide Ferulique, Acide Caf\u00e9ique, Extrait de Physalis Angulata, Ceteareth-25, Caprylyl Glycol, M\u00e9lanine, Myristyl Glucoside, Ethylhexyl Triazone, Caprylyl M\u00e9thicone, Prot\u00e9ine de bl\u00e9 hydrolys\u00e9e \/ Crosspolym\u00e8re PVP, Glyc\u00e9rine, Acide ascorbique \u00e9thylique, Alumine, PPG-15 Benzoate d&rsquo;\u00e9ther st\u00e9arylique, Disodium Disodium Ethyl\u00e8ne Dicocamide PEG-15 Disulfate, Extrait de Camelia Sinensis, \u00c9thylhexylglyc\u00e9rine, Ac\u00e9tate de tocoph\u00e9ryle, Gomme de xanthane, Phytosphingosine HCL, Extrait d&rsquo;Arabidopsis Thaliana , Ethyl Lauroyl Arginate HCL, Triac\u00e9tate de Panth\u00e9nyle, Parfum, Sim\u00e9thicone, Oxothiazolidine, Diso<\/span>\u00a0<span class=\"notranslate\">EDTA dium, silice, linol\u00e9ate d&rsquo;\u00e9thyle, triglyc\u00e9ride caprylique \/ caprique, alcool ol\u00e9ique, butyl\u00e8neglycol, l\u00e9cithine, benzoate de sodium, tocoph\u00e9rol, linalol, limon\u00e8ne.<\/span><\/p>\n","protected":false},"excerpt":{"rendered":"<p style=\"font-weight: 400\">Recommand\u00e9 pour les peaux sensibles et acn\u00e9iques.<\/p>\n<p style=\"font-weight: 400\">&#8211; Un toucher sec sans huile unique<br \/>\n&#8211; sans paraben<br \/>\n&#8211; test\u00e9 dermatologiquement<\/p>\n","protected":false},"featured_media":24801,"comment_status":"open","ping_status":"closed","template":"","meta":[],"product_cat":[20],"product_tag":[],"class_list":{"0":"post-17346","1":"product","2":"type-product","3":"status-publish","4":"has-post-thumbnail","6":"product_cat-accessories","8":"first","9":"instock","10":"shipping-taxable","11":"product-type-simple"},"jetpack_sharing_enabled":true,"_links":{"self":[{"href":"https:\/\/para-pharmacity.tn\/index.php?rest_route=\/wp\/v2\/product\/17346","targetHints":{"allow":["GET"]}}],"collection":[{"href":"https:\/\/para-pharmacity.tn\/index.php?rest_route=\/wp\/v2\/product"}],"about":[{"href":"https:\/\/para-pharmacity.tn\/index.php?rest_route=\/wp\/v2\/types\/product"}],"replies":[{"embeddable":true,"href":"https:\/\/para-pharmacity.tn\/index.php?rest_route=%2Fwp%2Fv2%2Fcomments&post=17346"}],"version-history":[{"count":2,"href":"https:\/\/para-pharmacity.tn\/index.php?rest_route=\/wp\/v2\/product\/17346\/revisions"}],"predecessor-version":[{"id":24800,"href":"https:\/\/para-pharmacity.tn\/index.php?rest_route=\/wp\/v2\/product\/17346\/revisions\/24800"}],"wp:featuredmedia":[{"embeddable":true,"href":"https:\/\/para-pharmacity.tn\/index.php?rest_route=\/wp\/v2\/media\/24801"}],"wp:attachment":[{"href":"https:\/\/para-pharmacity.tn\/index.php?rest_route=%2Fwp%2Fv2%2Fmedia&parent=17346"}],"wp:term":[{"taxonomy":"product_cat","embeddable":true,"href":"https:\/\/para-pharmacity.tn\/index.php?rest_route=%2Fwp%2Fv2%2Fproduct_cat&post=17346"},{"taxonomy":"product_tag","embeddable":true,"href":"https:\/\/para-pharmacity.tn\/index.php?rest_route=%2Fwp%2Fv2%2Fproduct_tag&post=17346"}],"curies":[{"name":"wp","href":"https:\/\/api.w.org\/{rel}","templated":true}]}}