{"id":17344,"date":"2024-07-10T23:02:36","date_gmt":"2024-07-10T23:02:36","guid":{"rendered":"https:\/\/para-pharmacity.tn\/?product=heliocare-360-gel-oil-free-beige"},"modified":"2024-09-12T09:04:10","modified_gmt":"2024-09-12T09:04:10","slug":"heliocare-360-gel-oil-free-beige","status":"publish","type":"product","link":"https:\/\/para-pharmacity.tn\/?product=heliocare-360-gel-oil-free-beige","title":{"rendered":"HELIOCARE 360\u00b0 GEL OIL FREE BEIGE"},"content":{"rendered":"<p><strong>Heliocare 360\u00b0 Color Beige Oil-Free Gel SPF50+<\/strong><\/p>\n<p>Heliocare 360\u00b0 Color Oil Free Gel SPF 50+ est un \u00e9cran solaire teint\u00e9 de couleur beige au toucher sec de tres haute protection SPF50+<\/p>\n<p>Heliocare 360\u00b0 Color Gel Oil-Free prot\u00e8ge la peau des rayons du soleil et couvre les imperfections pour un fini naturel et un teint unifi\u00e9.<\/p>\n<ul>\n<li>Prot\u00e8ge contre les rayons UVB, UVA, IR.<\/li>\n<li>Prot\u00e8ge les cellules des dommages oxydatifs.<\/li>\n<li>R\u00e9gule la production de s\u00e9bum pour un fini mat.<\/li>\n<li>Unifie et illumine le teint.<\/li>\n<li>Hydrate la peau.<\/li>\n<li>Texture fluide, facile \u00e0 appliquer, ultra-l\u00e9g\u00e8re.<\/li>\n<li>Test\u00e9 sous contr\u00f4le dermatologique et ophtalmologique<\/li>\n<li>Non com\u00e9dog\u00e8ne.<\/li>\n<li>Sans paraben, sans alcool<\/li>\n<\/ul>\n<p>Avec une couleur et une texture fluide, une application quotidienne, un effet naturel et unifiant le ton. Indiqu\u00e9 pour couvrir les imperfections laissant la peau douce, lumineuse et prot\u00e9g\u00e9e.<\/p>\n<p>Il est indiqu\u00e9 dans tous les types de peaux, m\u00eame mixtes et grasses gr\u00e2ce \u00e0 son action semi-r\u00e9gulatrice au fini mat.<\/p>\n<p><u><strong><span style=\"color: #000000\">Compositions:<\/span><\/strong><\/u><\/p>\n<p>Fernblock\u00ae FC, Vitamine C et E, OTZ-10, Roxisomes, M\u00e9lanine biomim\u00e9tique fractionn\u00e9e, Physavie, AminaG et phytosphingosines: Complexe s\u00e9borr\u00e9gulateur et matifiant, Arginine, Sans parabens, Sans octocryl\u00e8ne.<\/p>\n<p><u><strong><span style=\"color: #000000\">Conseils d&rsquo;Utilisation:<\/span><\/strong><\/u><\/p>\n<ul>\n<li>Il est recommand\u00e9 d&rsquo;Agiter avant d&rsquo;utiliser. Appliquer\u00a0Heliocare 360\u00b0 Color Gel Oil Free g\u00e9n\u00e9reusement et uniform\u00e9ment avant l&rsquo;exposition au soleil.<\/li>\n<li>Renouveler fr\u00e9quemment l&rsquo;application, surtout apr\u00e8s un bain prolong\u00e9 ou une transpiration excessive.<\/li>\n<li>Pr\u00e9cautions: Conserver \u00e0 une temp\u00e9rature inf\u00e9rieure \u00e0 40 \u00b0 C. Usage externe.<\/li>\n<li>\u00c9vitez tout contact direct avec les yeux et les muqueuses.<\/li>\n<li>\u00c9vitez une exposition prolong\u00e9e au soleil pendant les heures de pointe.<\/li>\n<li>Utilisez des v\u00eatements, un chapeau et des lunettes de soleil pour vous prot\u00e9ger.<\/li>\n<li>N&rsquo;exposez pas les b\u00e9b\u00e9s et les enfants directement au soleil.<\/li>\n<\/ul>\n","protected":false},"excerpt":{"rendered":"<p>Heliocare 360\u00ba Color Gel Oil Free unifie le teint et masque les imperfections. Il est indiqu\u00e9 dans les pathologies solaires et la photosensibilit\u00e9, et pour une activit\u00e9 anti-\u00e2ge et anti-taches renforc\u00e9e.<\/p>\n","protected":false},"featured_media":24791,"comment_status":"open","ping_status":"closed","template":"","meta":[],"product_cat":[20],"product_tag":[],"class_list":{"0":"post-17344","1":"product","2":"type-product","3":"status-publish","4":"has-post-thumbnail","6":"product_cat-accessories","8":"first","9":"instock","10":"shipping-taxable","11":"product-type-simple"},"jetpack_sharing_enabled":true,"_links":{"self":[{"href":"https:\/\/para-pharmacity.tn\/index.php?rest_route=\/wp\/v2\/product\/17344","targetHints":{"allow":["GET"]}}],"collection":[{"href":"https:\/\/para-pharmacity.tn\/index.php?rest_route=\/wp\/v2\/product"}],"about":[{"href":"https:\/\/para-pharmacity.tn\/index.php?rest_route=\/wp\/v2\/types\/product"}],"replies":[{"embeddable":true,"href":"https:\/\/para-pharmacity.tn\/index.php?rest_route=%2Fwp%2Fv2%2Fcomments&post=17344"}],"version-history":[{"count":2,"href":"https:\/\/para-pharmacity.tn\/index.php?rest_route=\/wp\/v2\/product\/17344\/revisions"}],"predecessor-version":[{"id":24794,"href":"https:\/\/para-pharmacity.tn\/index.php?rest_route=\/wp\/v2\/product\/17344\/revisions\/24794"}],"wp:featuredmedia":[{"embeddable":true,"href":"https:\/\/para-pharmacity.tn\/index.php?rest_route=\/wp\/v2\/media\/24791"}],"wp:attachment":[{"href":"https:\/\/para-pharmacity.tn\/index.php?rest_route=%2Fwp%2Fv2%2Fmedia&parent=17344"}],"wp:term":[{"taxonomy":"product_cat","embeddable":true,"href":"https:\/\/para-pharmacity.tn\/index.php?rest_route=%2Fwp%2Fv2%2Fproduct_cat&post=17344"},{"taxonomy":"product_tag","embeddable":true,"href":"https:\/\/para-pharmacity.tn\/index.php?rest_route=%2Fwp%2Fv2%2Fproduct_tag&post=17344"}],"curies":[{"name":"wp","href":"https:\/\/api.w.org\/{rel}","templated":true}]}}