{"id":17338,"date":"2024-07-10T23:02:34","date_gmt":"2024-07-10T23:02:34","guid":{"rendered":"https:\/\/para-pharmacity.tn\/?product=hair-xl-phyto-shamp-anti-chute"},"modified":"2024-09-11T16:15:18","modified_gmt":"2024-09-11T16:15:18","slug":"hair-xl-phyto-shamp-anti-chute","status":"publish","type":"product","link":"https:\/\/para-pharmacity.tn\/?product=hair-xl-phyto-shamp-anti-chute","title":{"rendered":"HAIR XL PHYTO SHAMP ANTI CHUTE"},"content":{"rendered":"<p>Hair XL\u00ae cible les principales causes de l\u2019alop\u00e9cie: la micro-circulation, l\u2019atrophie du follicule et le vieillissement folliculaire. Hair XL\u00ae Fortifiant capillaire et traitement anti-chute. Hair XL\u00ae active de nombreux g\u00e8nes impliqu\u00e9s dans les m\u00e9canismes de r\u00e9paration tissulaire En stimulant le m\u00e9tabolisme cellulaire, Hair XL\u00ae retarde les effets du vieillissement capillaire, pr\u00e9venant ainsi la chute des cheveux.<\/p>\n<p>Hair XL\u00ae actif sur les chutes de cheveux occasionnelle et chronique, cheveux fins, fragilis\u00e9s et d\u00e9vitalis\u00e9s.<\/p>\n<p>Hair XL\u00ae Combat le processus de vieillissement capillaire pour pr\u00e9venir la chute des cheveux.<\/p>\n<p>Hair XL<b>\u00ae<\/b>\u00a0Phyto-shampoo : Appliquer\u00a0Hair X<b>L\u00ae<\/b>\u00a0sur cheveux mouill\u00e9s, \u00e9mulsionner et rincer. Proc\u00e9der \u00e0 une 2\u00e8me application en prenant soin de masser d\u00e9licatement le cuir chevelu pendant 2 \u00e0 3 min. Rincer.<\/p>\n","protected":false},"excerpt":{"rendered":"<p>Hair XL\u00ae cible les principales causes de l\u2019alop\u00e9cie: la micro-circulation, l\u2019atrophie du follicule et le vieillissement folliculaire. Hair XL\u00ae Fortifiant capillaire et traitement anti-chute<\/p>\n","protected":false},"featured_media":24767,"comment_status":"open","ping_status":"closed","template":"","meta":[],"product_cat":[20],"product_tag":[],"class_list":{"0":"post-17338","1":"product","2":"type-product","3":"status-publish","4":"has-post-thumbnail","6":"product_cat-accessories","8":"first","9":"instock","10":"shipping-taxable","11":"product-type-simple"},"jetpack_sharing_enabled":true,"_links":{"self":[{"href":"https:\/\/para-pharmacity.tn\/index.php?rest_route=\/wp\/v2\/product\/17338","targetHints":{"allow":["GET"]}}],"collection":[{"href":"https:\/\/para-pharmacity.tn\/index.php?rest_route=\/wp\/v2\/product"}],"about":[{"href":"https:\/\/para-pharmacity.tn\/index.php?rest_route=\/wp\/v2\/types\/product"}],"replies":[{"embeddable":true,"href":"https:\/\/para-pharmacity.tn\/index.php?rest_route=%2Fwp%2Fv2%2Fcomments&post=17338"}],"version-history":[{"count":2,"href":"https:\/\/para-pharmacity.tn\/index.php?rest_route=\/wp\/v2\/product\/17338\/revisions"}],"predecessor-version":[{"id":24768,"href":"https:\/\/para-pharmacity.tn\/index.php?rest_route=\/wp\/v2\/product\/17338\/revisions\/24768"}],"wp:featuredmedia":[{"embeddable":true,"href":"https:\/\/para-pharmacity.tn\/index.php?rest_route=\/wp\/v2\/media\/24767"}],"wp:attachment":[{"href":"https:\/\/para-pharmacity.tn\/index.php?rest_route=%2Fwp%2Fv2%2Fmedia&parent=17338"}],"wp:term":[{"taxonomy":"product_cat","embeddable":true,"href":"https:\/\/para-pharmacity.tn\/index.php?rest_route=%2Fwp%2Fv2%2Fproduct_cat&post=17338"},{"taxonomy":"product_tag","embeddable":true,"href":"https:\/\/para-pharmacity.tn\/index.php?rest_route=%2Fwp%2Fv2%2Fproduct_tag&post=17338"}],"curies":[{"name":"wp","href":"https:\/\/api.w.org\/{rel}","templated":true}]}}